{"id":3209,"date":"2022-07-01T14:54:43","date_gmt":"2022-07-01T14:54:43","guid":{"rendered":"http:\/\/ledismile.com\/?page_id=3209"},"modified":"2022-11-03T14:52:04","modified_gmt":"2022-11-03T14:52:04","slug":"proteza-parciale-te-levizshme","status":"publish","type":"page","link":"https:\/\/ledismile.com\/al\/protezim-mobil\/proteza-parciale-te-levizshme\/","title":{"rendered":"Proteza parciale te levizshme"},"content":{"rendered":"<p>[vc_row][vc_column][vc_column_text]Kjo b\u00ebhet kur ka dh\u00ebmb\u00eb t\u00eb pranish\u00ebm n\u00eb nofull. Ato jan\u00eb t\u00eb lidhura me ur\u00ebn ku jan\u00eb bashkimet. Shtojcat e p\u00ebrbashk\u00ebta lidhin ur\u00ebn dhe protez\u00ebn e pjessh\u00ebme. Ajo b\u00ebhet n\u00ebp\u00ebrmjet nj\u00eb lidhje t\u00eb padukshme e cila mund\u00ebson nj\u00eb rezultat t\u00eb mir\u00eb estetik. Proteza mund t\u00eb hiqet dhe duhet t\u00eb mir\u00ebmbahet.[\/vc_column_text][\/vc_column][\/vc_row][vc_row][vc_column][tm_image image=&#8221;3461&#8243;][\/vc_column][\/vc_row]<\/p>\n","protected":false},"excerpt":{"rendered":"<p>[vc_row][vc_column][vc_column_text]Kjo b\u00ebhet kur ka dh\u00ebmb\u00eb t\u00eb pranish\u00ebm n\u00eb nofull. Ato jan\u00eb t\u00eb lidhura me ur\u00ebn ku jan\u00eb bashkimet. Shtojcat e p\u00ebrbashk\u00ebta lidhin ur\u00ebn dhe protez\u00ebn e pjessh\u00ebme. Ajo b\u00ebhet n\u00ebp\u00ebrmjet nj\u00eb lidhje t\u00eb padukshme e cila mund\u00ebson nj\u00eb rezultat t\u00eb mir\u00eb estetik. Proteza mund t\u00eb hiqet dhe duhet t\u00eb mir\u00ebmbahet.[\/vc_column_text][\/vc_column][\/vc_row][vc_row][vc_column][tm_image image=&#8221;3461&#8243;][\/vc_column][\/vc_row]<\/p>\n","protected":false},"author":1,"featured_media":0,"parent":3206,"menu_order":0,"comment_status":"closed","ping_status":"closed","template":"","meta":{"footnotes":""},"class_list":["post-3209","page","type-page","status-publish","hentry"],"_links":{"self":[{"href":"https:\/\/ledismile.com\/al\/wp-json\/wp\/v2\/pages\/3209","targetHints":{"allow":["GET"]}}],"collection":[{"href":"https:\/\/ledismile.com\/al\/wp-json\/wp\/v2\/pages"}],"about":[{"href":"https:\/\/ledismile.com\/al\/wp-json\/wp\/v2\/types\/page"}],"author":[{"embeddable":true,"href":"https:\/\/ledismile.com\/al\/wp-json\/wp\/v2\/users\/1"}],"replies":[{"embeddable":true,"href":"https:\/\/ledismile.com\/al\/wp-json\/wp\/v2\/comments?post=3209"}],"version-history":[{"count":4,"href":"https:\/\/ledismile.com\/al\/wp-json\/wp\/v2\/pages\/3209\/revisions"}],"predecessor-version":[{"id":3462,"href":"https:\/\/ledismile.com\/al\/wp-json\/wp\/v2\/pages\/3209\/revisions\/3462"}],"up":[{"embeddable":true,"href":"https:\/\/ledismile.com\/al\/wp-json\/wp\/v2\/pages\/3206"}],"wp:attachment":[{"href":"https:\/\/ledismile.com\/al\/wp-json\/wp\/v2\/media?parent=3209"}],"curies":[{"name":"wp","href":"https:\/\/api.w.org\/{rel}","templated":true}]}}