{"id":3210,"date":"2022-07-01T14:55:26","date_gmt":"2022-07-01T14:55:26","guid":{"rendered":"http:\/\/ledismile.com\/?page_id=3210"},"modified":"2022-11-03T14:53:37","modified_gmt":"2022-11-03T14:53:37","slug":"proteza-totale-te-levizshme","status":"publish","type":"page","link":"https:\/\/ledismile.com\/al\/protezim-mobil\/proteza-totale-te-levizshme\/","title":{"rendered":"Proteza totale te levizshme"},"content":{"rendered":"<p>[vc_row][vc_column][vc_column_text]P\u00ebrdoret kur nuk ka as nj\u00eb dh\u00ebmb t\u00eb pranish\u00ebm n\u00eb nofull. Duke e p\u00ebrdorur k\u00ebt\u00eb protez\u00eb, ndodh atrofia e kockave k\u00ebshtu q\u00eb pas nj\u00eb kohe \u00ebsht\u00eb e nevojshme ta rimodeloni.[\/vc_column_text][\/vc_column][\/vc_row][vc_row][vc_column][tm_image image=&#8221;3458&#8243;][\/vc_column][\/vc_row]<\/p>\n","protected":false},"excerpt":{"rendered":"<p>[vc_row][vc_column][vc_column_text]P\u00ebrdoret kur nuk ka as nj\u00eb dh\u00ebmb t\u00eb pranish\u00ebm n\u00eb nofull. Duke e p\u00ebrdorur k\u00ebt\u00eb protez\u00eb, ndodh atrofia e kockave k\u00ebshtu q\u00eb pas nj\u00eb kohe \u00ebsht\u00eb e nevojshme ta rimodeloni.[\/vc_column_text][\/vc_column][\/vc_row][vc_row][vc_column][tm_image image=&#8221;3458&#8243;][\/vc_column][\/vc_row]<\/p>\n","protected":false},"author":1,"featured_media":0,"parent":3206,"menu_order":0,"comment_status":"closed","ping_status":"closed","template":"","meta":{"footnotes":""},"class_list":["post-3210","page","type-page","status-publish","hentry"],"_links":{"self":[{"href":"https:\/\/ledismile.com\/al\/wp-json\/wp\/v2\/pages\/3210","targetHints":{"allow":["GET"]}}],"collection":[{"href":"https:\/\/ledismile.com\/al\/wp-json\/wp\/v2\/pages"}],"about":[{"href":"https:\/\/ledismile.com\/al\/wp-json\/wp\/v2\/types\/page"}],"author":[{"embeddable":true,"href":"https:\/\/ledismile.com\/al\/wp-json\/wp\/v2\/users\/1"}],"replies":[{"embeddable":true,"href":"https:\/\/ledismile.com\/al\/wp-json\/wp\/v2\/comments?post=3210"}],"version-history":[{"count":4,"href":"https:\/\/ledismile.com\/al\/wp-json\/wp\/v2\/pages\/3210\/revisions"}],"predecessor-version":[{"id":3463,"href":"https:\/\/ledismile.com\/al\/wp-json\/wp\/v2\/pages\/3210\/revisions\/3463"}],"up":[{"embeddable":true,"href":"https:\/\/ledismile.com\/al\/wp-json\/wp\/v2\/pages\/3206"}],"wp:attachment":[{"href":"https:\/\/ledismile.com\/al\/wp-json\/wp\/v2\/media?parent=3210"}],"curies":[{"name":"wp","href":"https:\/\/api.w.org\/{rel}","templated":true}]}}