{"id":3327,"date":"2022-09-28T09:15:13","date_gmt":"2022-09-28T09:15:13","guid":{"rendered":"http:\/\/ledismile.com\/?page_id=3327"},"modified":"2022-11-19T14:20:01","modified_gmt":"2022-11-19T14:20:01","slug":"sherbime","status":"publish","type":"page","link":"https:\/\/ledismile.com\/al\/sherbime\/","title":{"rendered":"Sh\u00ebrbime"},"content":{"rendered":"<p>[vc_row][vc_column width=&#8221;1\/3&#8243;][vc_column_text css=&#8221;.vc_custom_1664359630385{padding-bottom: 20px !important;}&#8221;]<\/p>\n<div class=\"col-md-6\">\n<div class=\"page-title-bar-heading\">\n<h5 class=\"heading\">Kirurgji dentare<\/h5>\n<\/div>\n<\/div>\n<div class=\"col-md-6\">\n<div id=\"page-breadcrumb\" class=\"page-breadcrumb\">\n<div class=\"page-breadcrumb-inner\"><\/div>\n<\/div>\n<\/div>\n<p>[\/vc_column_text][tm_before_after_image image_before=&#8221;3469&#8243; image_after=&#8221;3470&#8243; lg_spacing=&#8221;padding_bottom:20&#8243;][\/vc_column][vc_column width=&#8221;2\/3&#8243;][vc_text_separator title=&#8221;Gama e sh\u00ebrbimeve t\u00eb kirurgjis\u00eb dentare&#8221; title_align=&#8221;separator_align_right&#8221; color=&#8221;white&#8221; css=&#8221;.vc_custom_1668854141079{padding-bottom: 30px !important;}&#8221;][vc_row_inner][vc_column_inner width=&#8221;1\/2&#8243;][tm_custom_menu nav_menu=&#8221;kirurgji-dentare&#8221;][\/vc_column_inner][vc_column_inner width=&#8221;1\/2&#8243;][tm_custom_menu nav_menu=&#8221;kirurgji-dentare-2&#8243;][\/vc_column_inner][\/vc_row_inner][\/vc_column][\/vc_row][vc_row][vc_column][vc_separator css=&#8221;.vc_custom_1664359354257{padding-top: 50px !important;padding-bottom: 50px !important;}&#8221;][\/vc_column][\/vc_row][vc_row][vc_column][vc_row_inner][vc_column_inner width=&#8221;1\/3&#8243;][vc_column_text css=&#8221;.vc_custom_1664359234879{padding-bottom: 20px !important;}&#8221;]<\/p>\n<h5>Dentistri Kozmetike<\/h5>\n<p>[\/vc_column_text][tm_before_after_image image_before=&#8221;3334&#8243; image_after=&#8221;3333&#8243; lg_spacing=&#8221;padding_bottom:20&#8243;][vc_column_text][\/vc_column_text][tm_custom_menu nav_menu=&#8221;sherbime-kozmetike&#8221;][\/vc_column_inner][vc_column_inner width=&#8221;1\/3&#8243;][vc_column_text css=&#8221;.vc_custom_1664359244959{padding-bottom: 20px !important;}&#8221;]<\/p>\n<h5 class=\"heading\">Kurora Dh\u00ebmb\u00ebsh<\/h5>\n<p>[\/vc_column_text][tm_before_after_image image_before=&#8221;3414&#8243; image_after=&#8221;3415&#8243; lg_spacing=&#8221;padding_bottom:20&#8243;][tm_custom_menu nav_menu=&#8221;kurora-dhembesh&#8221;][\/vc_column_inner][vc_column_inner width=&#8221;1\/3&#8243;][vc_column_text css=&#8221;.vc_custom_1664359792660{padding-bottom: 20px !important;}&#8221;]<\/p>\n<h5>Rehabilitime t\u00eb dantur\u00ebs<\/h5>\n<p>[\/vc_column_text][tm_before_after_image image_before=&#8221;3421&#8243; image_after=&#8221;3422&#8243; lg_spacing=&#8221;padding_bottom:20&#8243;][tm_custom_menu nav_menu=&#8221;rehabilitime-totale-te-dantures&#8221;][\/vc_column_inner][\/vc_row_inner][\/vc_column][\/vc_row][vc_row][vc_column][vc_separator css=&#8221;.vc_custom_1664359354257{padding-top: 50px !important;padding-bottom: 50px !important;}&#8221;][\/vc_column][\/vc_row][vc_row][vc_column][vc_row_inner][vc_column_inner width=&#8221;1\/3&#8243;][vc_column_text css=&#8221;.vc_custom_1664359469947{padding-bottom: 20px !important;}&#8221;]<\/p>\n<div class=\"col-md-6\">\n<div class=\"page-title-bar-heading\">\n<h5 class=\"heading\">Terapi<\/h5>\n<\/div>\n<\/div>\n<div class=\"col-md-6\">\n<div id=\"page-breadcrumb\" class=\"page-breadcrumb\">\n<div class=\"page-breadcrumb-inner\"><\/div>\n<\/div>\n<\/div>\n<p>[\/vc_column_text][vc_column_text][\/vc_column_text][tm_image image=&#8221;3485&#8243;][tm_custom_menu nav_menu=&#8221;terapi&#8221;][\/vc_column_inner][vc_column_inner width=&#8221;1\/3&#8243;][vc_column_text css=&#8221;.vc_custom_1664359883089{padding-bottom: 20px !important;}&#8221;]<\/p>\n<h5 class=\"heading\">Protezim mobil<\/h5>\n<p>[\/vc_column_text][tm_image image=&#8221;3553&#8243;][tm_custom_menu nav_menu=&#8221;protezim-mobil&#8221;][\/vc_column_inner][vc_column_inner width=&#8221;1\/3&#8243;][vc_column_text css=&#8221;.vc_custom_1664359837447{padding-bottom: 20px !important;}&#8221;]<\/p>\n<h5 class=\"heading\">Protetik\u00eb dentare fikse<\/h5>\n<p>[\/vc_column_text][tm_before_after_image image_before=&#8221;3446&#8243; image_after=&#8221;3447&#8243; lg_spacing=&#8221;padding_bottom:20&#8243;][tm_custom_menu nav_menu=&#8221;protetike-dentare&#8221;][\/vc_column_inner][\/vc_row_inner][\/vc_column][\/vc_row][vc_row][vc_column][vc_separator css=&#8221;.vc_custom_1664359366653{padding-top: 50px !important;padding-bottom: 50px !important;}&#8221;][\/vc_column][\/vc_row][vc_row][vc_column][vc_row_inner][vc_column_inner width=&#8221;1\/3&#8243;][vc_column_text][\/vc_column_text][vc_column_text css=&#8221;.vc_custom_1664359667886{padding-bottom: 20px !important;}&#8221;]<\/p>\n<h5>Pedodonci \u2013 stomatologji p\u00ebr f\u00ebmij\u00ebt<\/h5>\n<p>[\/vc_column_text][tm_image image=&#8221;3599&#8243;][tm_custom_menu nav_menu=&#8221;pedodonci-stomatologji-per-femijet&#8221;][\/vc_column_inner][vc_column_inner width=&#8221;1\/3&#8243;][vc_column_text css=&#8221;.vc_custom_1664359643918{padding-bottom: 20px !important;}&#8221;]<\/p>\n<h5>Ortodonci<\/h5>\n<p>[\/vc_column_text][tm_image image=&#8221;3501&#8243;][tm_custom_menu nav_menu=&#8221;ortodonci&#8221;][\/vc_column_inner][vc_column_inner width=&#8221;1\/3&#8243;][vc_column_text css=&#8221;.vc_custom_1664359653836{padding-bottom: 20px !important;}&#8221;]<\/p>\n<div class=\"col-md-6\">\n<div class=\"page-title-bar-heading\">\n<h5 class=\"heading\">Periodontologji<\/h5>\n<\/div>\n<\/div>\n<div class=\"col-md-6\">\n<div id=\"page-breadcrumb\" class=\"page-breadcrumb\">\n<div class=\"page-breadcrumb-inner\"><\/div>\n<\/div>\n<\/div>\n<p>[\/vc_column_text][tm_before_after_image image_before=&#8221;3529&#8243; image_after=&#8221;3530&#8243; lg_spacing=&#8221;padding_bottom:20&#8243;][tm_custom_menu nav_menu=&#8221;periodontologji&#8221;][\/vc_column_inner][\/vc_row_inner][\/vc_column][\/vc_row]<\/p>\n","protected":false},"excerpt":{"rendered":"<p>[vc_row][vc_column width=&#8221;1\/3&#8243;][vc_column_text css=&#8221;.vc_custom_1664359630385{padding-bottom: 20px !important;}&#8221;] Kirurgji dentare [\/vc_column_text][tm_before_after_image image_before=&#8221;3469&#8243; image_after=&#8221;3470&#8243; lg_spacing=&#8221;padding_bottom:20&#8243;][\/vc_column][vc_column width=&#8221;2\/3&#8243;][vc_text_separator title=&#8221;Gama e sh\u00ebrbimeve t\u00eb kirurgjis\u00eb dentare&#8221; title_align=&#8221;separator_align_right&#8221; color=&#8221;white&#8221; css=&#8221;.vc_custom_1668854141079{padding-bottom: 30px !important;}&#8221;][vc_row_inner][vc_column_inner width=&#8221;1\/2&#8243;][tm_custom_menu nav_menu=&#8221;kirurgji-dentare&#8221;][\/vc_column_inner][vc_column_inner width=&#8221;1\/2&#8243;][tm_custom_menu nav_menu=&#8221;kirurgji-dentare-2&#8243;][\/vc_column_inner][\/vc_row_inner][\/vc_column][\/vc_row][vc_row][vc_column][vc_separator css=&#8221;.vc_custom_1664359354257{padding-top: 50px !important;padding-bottom: 50px !important;}&#8221;][\/vc_column][\/vc_row][vc_row][vc_column][vc_row_inner][vc_column_inner width=&#8221;1\/3&#8243;][vc_column_text css=&#8221;.vc_custom_1664359234879{padding-bottom: 20px !important;}&#8221;] Dentistri Kozmetike [\/vc_column_text][tm_before_after_image image_before=&#8221;3334&#8243; image_after=&#8221;3333&#8243; lg_spacing=&#8221;padding_bottom:20&#8243;][vc_column_text][\/vc_column_text][tm_custom_menu nav_menu=&#8221;sherbime-kozmetike&#8221;][\/vc_column_inner][vc_column_inner width=&#8221;1\/3&#8243;][vc_column_text css=&#8221;.vc_custom_1664359244959{padding-bottom: 20px !important;}&#8221;] Kurora Dh\u00ebmb\u00ebsh [\/vc_column_text][tm_before_after_image image_before=&#8221;3414&#8243; image_after=&#8221;3415&#8243; lg_spacing=&#8221;padding_bottom:20&#8243;][tm_custom_menu nav_menu=&#8221;kurora-dhembesh&#8221;][\/vc_column_inner][vc_column_inner width=&#8221;1\/3&#8243;][vc_column_text css=&#8221;.vc_custom_1664359792660{padding-bottom: 20px !important;}&#8221;] Rehabilitime t\u00eb dantur\u00ebs [\/vc_column_text][tm_before_after_image image_before=&#8221;3421&#8243; image_after=&#8221;3422&#8243; lg_spacing=&#8221;padding_bottom:20&#8243;][tm_custom_menu nav_menu=&#8221;rehabilitime-totale-te-dantures&#8221;][\/vc_column_inner][\/vc_row_inner][\/vc_column][\/vc_row][vc_row][vc_column][vc_separator css=&#8221;.vc_custom_1664359354257{padding-top: 50px !important;padding-bottom: 50px !important;}&#8221;][\/vc_column][\/vc_row][vc_row][vc_column][vc_row_inner][vc_column_inner width=&#8221;1\/3&#8243;][vc_column_text css=&#8221;.vc_custom_1664359469947{padding-bottom: 20px !important;}&#8221;] Terapi [\/vc_column_text][vc_column_text][\/vc_column_text][tm_image image=&#8221;3485&#8243;][tm_custom_menu nav_menu=&#8221;terapi&#8221;][\/vc_column_inner][vc_column_inner width=&#8221;1\/3&#8243;][vc_column_text css=&#8221;.vc_custom_1664359883089{padding-bottom: 20px !important;}&#8221;] Protezim mobil [\/vc_column_text][tm_image image=&#8221;3553&#8243;][tm_custom_menu nav_menu=&#8221;protezim-mobil&#8221;][\/vc_column_inner][vc_column_inner width=&#8221;1\/3&#8243;][vc_column_text css=&#8221;.vc_custom_1664359837447{padding-bottom: 20px !important;}&#8221;] Protetik\u00eb dentare fikse [\/vc_column_text][tm_before_after_image image_before=&#8221;3446&#8243; image_after=&#8221;3447&#8243; lg_spacing=&#8221;padding_bottom:20&#8243;][tm_custom_menu nav_menu=&#8221;protetike-dentare&#8221;][\/vc_column_inner][\/vc_row_inner][\/vc_column][\/vc_row][vc_row][vc_column][vc_separator css=&#8221;.vc_custom_1664359366653{padding-top: 50px !important;padding-bottom: 50px !important;}&#8221;][\/vc_column][\/vc_row][vc_row][vc_column][vc_row_inner][vc_column_inner width=&#8221;1\/3&#8243;][vc_column_text][\/vc_column_text][vc_column_text css=&#8221;.vc_custom_1664359667886{padding-bottom: 20px !important;}&#8221;] Pedodonci \u2013 stomatologji p\u00ebr f\u00ebmij\u00ebt [\/vc_column_text][tm_image image=&#8221;3599&#8243;][tm_custom_menu nav_menu=&#8221;pedodonci-stomatologji-per-femijet&#8221;][\/vc_column_inner][vc_column_inner width=&#8221;1\/3&#8243;][vc_column_text css=&#8221;.vc_custom_1664359643918{padding-bottom: 20px !important;}&#8221;] Ortodonci [\/vc_column_text][tm_image image=&#8221;3501&#8243;][tm_custom_menu nav_menu=&#8221;ortodonci&#8221;][\/vc_column_inner][vc_column_inner width=&#8221;1\/3&#8243;][vc_column_text css=&#8221;.vc_custom_1664359653836{padding-bottom: 20px !important;}&#8221;] Periodontologji [\/vc_column_text][tm_before_after_image image_before=&#8221;3529&#8243; image_after=&#8221;3530&#8243; lg_spacing=&#8221;padding_bottom:20&#8243;][tm_custom_menu nav_menu=&#8221;periodontologji&#8221;][\/vc_column_inner][\/vc_row_inner][\/vc_column][\/vc_row]<\/p>\n","protected":false},"author":1,"featured_media":0,"parent":0,"menu_order":0,"comment_status":"closed","ping_status":"closed","template":"","meta":{"footnotes":""},"class_list":["post-3327","page","type-page","status-publish","hentry"],"_links":{"self":[{"href":"https:\/\/ledismile.com\/al\/wp-json\/wp\/v2\/pages\/3327","targetHints":{"allow":["GET"]}}],"collection":[{"href":"https:\/\/ledismile.com\/al\/wp-json\/wp\/v2\/pages"}],"about":[{"href":"https:\/\/ledismile.com\/al\/wp-json\/wp\/v2\/types\/page"}],"author":[{"embeddable":true,"href":"https:\/\/ledismile.com\/al\/wp-json\/wp\/v2\/users\/1"}],"replies":[{"embeddable":true,"href":"https:\/\/ledismile.com\/al\/wp-json\/wp\/v2\/comments?post=3327"}],"version-history":[{"count":40,"href":"https:\/\/ledismile.com\/al\/wp-json\/wp\/v2\/pages\/3327\/revisions"}],"predecessor-version":[{"id":3600,"href":"https:\/\/ledismile.com\/al\/wp-json\/wp\/v2\/pages\/3327\/revisions\/3600"}],"wp:attachment":[{"href":"https:\/\/ledismile.com\/al\/wp-json\/wp\/v2\/media?parent=3327"}],"curies":[{"name":"wp","href":"https:\/\/api.w.org\/{rel}","templated":true}]}}