{"id":823,"date":"2019-07-01T07:40:28","date_gmt":"2019-07-01T07:40:28","guid":{"rendered":"http:\/\/ledismile.com\/contact-02\/"},"modified":"2022-09-29T10:08:37","modified_gmt":"2022-09-29T10:08:37","slug":"contact-02","status":"publish","type":"page","link":"https:\/\/ledismile.com\/al\/contact-02\/","title":{"rendered":"Contact 02"},"content":{"rendered":"<p>[vc_row full_width=&#8221;stretch_row_content_no_spaces&#8221;][vc_column][vc_column_text]<iframe loading=\"lazy\" style=\"border: 0;\" src=\"https:\/\/www.google.com\/maps\/embed?pb=!1m14!1m8!1m3!1d11985.953702426617!2d19.7945216!3d41.3199914!3m2!1i1024!2i768!4f13.1!3m3!1m2!1s0x0%3A0x751869537b49340c!2sKlinike%20Dentare%20Ledismile!5e0!3m2!1ssq!2s!4v1645880774968!5m2!1ssq!2s\" width=\"100%\" height=\"450\" allowfullscreen=\"allowfullscreen\"><\/iframe>[\/vc_column_text][\/vc_column][\/vc_row][vc_row][vc_column width=&#8221;1\/2&#8243;][tm_spacer size=&#8221;lg:50&#8243;][tm_box_icon style=&#8221;12&#8243; align=&#8221;center&#8221; icon_type=&#8221;fontawesome5&#8243; icon_fontawesome5=&#8221;fal fa-map&#8221; heading=&#8221;Rr. &#8220;Irfan Tomini&#8220;, Nr. 18 (P\u00ebrball\u00eb &#8220;Hotel Hillton&#8220;)&#8221; text=&#8221;Tiran\u00eb, Shqip\u00ebri (Albania)&#8221; lg_spacing=&#8221;margin_bottom:50&#8243;][tm_box_icon style=&#8221;12&#8243; align=&#8221;center&#8221; icon_type=&#8221;fontawesome5&#8243; icon_fontawesome5=&#8221;fal fa-map&#8221; heading=&#8221;+355695122299&#8243; text=&#8221;Kontakto me ne&#8221; link=&#8221;url:tel%3A800%20388%2080%2090|||&#8221; lg_spacing=&#8221;margin_bottom:50&#8243;][tm_spacer size=&#8221;lg:10&#8243;][\/vc_column][vc_column width=&#8221;1\/2&#8243;][tm_spacer size=&#8221;lg:50&#8243;][tm_box_icon style=&#8221;12&#8243; align=&#8221;center&#8221; icon_type=&#8221;fontawesome5&#8243; icon_fontawesome5=&#8221;fal fa-envelope&#8221; heading=&#8221;klinikaledismile@gmail.com&#8221; text=&#8221;Na d\u00ebrgo e-mail&#8221; link=&#8221;url:mailto%3Aklinikaledismile%40gmail.com&#8221; lg_spacing=&#8221;margin_bottom:50&#8243;][tm_box_icon style=&#8221;12&#8243; align=&#8221;center&#8221; icon_type=&#8221;fontawesome5&#8243; icon_fontawesome5=&#8221;fal fa-clock&#8221; heading=&#8221;H\u00ebn\u00eb-Premte : 09.00 &#8211; 19.00&#8243; link=&#8221;|||&#8221;][tm_box_icon style=&#8221;12&#8243; align=&#8221;center&#8221; icon_type=&#8221;fontawesome5&#8243; icon_fontawesome5=&#8221;&#8221; heading=&#8221;Shtun\u00eb : 09.00 &#8211; 16.00&#8243; link=&#8221;|||&#8221; lg_spacing=&#8221;margin_bottom:50&#8243;][tm_spacer size=&#8221;lg:10&#8243;][\/vc_column][\/vc_row]<\/p>\n","protected":false},"excerpt":{"rendered":"<p>[vc_row full_width=&#8221;stretch_row_content_no_spaces&#8221;][vc_column][vc_column_text][\/vc_column_text][\/vc_column][\/vc_row][vc_row][vc_column width=&#8221;1\/2&#8243;][tm_spacer size=&#8221;lg:50&#8243;][tm_box_icon style=&#8221;12&#8243; align=&#8221;center&#8221; icon_type=&#8221;fontawesome5&#8243; icon_fontawesome5=&#8221;fal fa-map&#8221; heading=&#8221;Rr. &#8220;Irfan Tomini&#8220;, Nr. 18 (P\u00ebrball\u00eb &#8220;Hotel Hillton&#8220;)&#8221; text=&#8221;Tiran\u00eb, Shqip\u00ebri (Albania)&#8221; lg_spacing=&#8221;margin_bottom:50&#8243;][tm_box_icon style=&#8221;12&#8243; align=&#8221;center&#8221; icon_type=&#8221;fontawesome5&#8243; icon_fontawesome5=&#8221;fal fa-map&#8221; heading=&#8221;+355695122299&#8243; text=&#8221;Kontakto me ne&#8221; link=&#8221;url:tel%3A800%20388%2080%2090|||&#8221; lg_spacing=&#8221;margin_bottom:50&#8243;][tm_spacer size=&#8221;lg:10&#8243;][\/vc_column][vc_column width=&#8221;1\/2&#8243;][tm_spacer size=&#8221;lg:50&#8243;][tm_box_icon style=&#8221;12&#8243; align=&#8221;center&#8221; icon_type=&#8221;fontawesome5&#8243; icon_fontawesome5=&#8221;fal fa-envelope&#8221; heading=&#8221;klinikaledismile@gmail.com&#8221; text=&#8221;Na d\u00ebrgo e-mail&#8221; link=&#8221;url:mailto%3Aklinikaledismile%40gmail.com&#8221; lg_spacing=&#8221;margin_bottom:50&#8243;][tm_box_icon style=&#8221;12&#8243; align=&#8221;center&#8221; icon_type=&#8221;fontawesome5&#8243; icon_fontawesome5=&#8221;fal fa-clock&#8221; heading=&#8221;H\u00ebn\u00eb-Premte : 09.00 &#8211; 19.00&#8243; link=&#8221;|||&#8221;][tm_box_icon style=&#8221;12&#8243; align=&#8221;center&#8221; icon_type=&#8221;fontawesome5&#8243; icon_fontawesome5=&#8221;&#8221; heading=&#8221;Shtun\u00eb : 09.00 &#8211; 16.00&#8243; link=&#8221;|||&#8221; lg_spacing=&#8221;margin_bottom:50&#8243;][tm_spacer size=&#8221;lg:10&#8243;][\/vc_column][\/vc_row]<\/p>\n","protected":false},"author":1,"featured_media":0,"parent":0,"menu_order":0,"comment_status":"closed","ping_status":"closed","template":"","meta":{"footnotes":""},"class_list":["post-823","page","type-page","status-publish","hentry"],"_links":{"self":[{"href":"https:\/\/ledismile.com\/al\/wp-json\/wp\/v2\/pages\/823","targetHints":{"allow":["GET"]}}],"collection":[{"href":"https:\/\/ledismile.com\/al\/wp-json\/wp\/v2\/pages"}],"about":[{"href":"https:\/\/ledismile.com\/al\/wp-json\/wp\/v2\/types\/page"}],"author":[{"embeddable":true,"href":"https:\/\/ledismile.com\/al\/wp-json\/wp\/v2\/users\/1"}],"replies":[{"embeddable":true,"href":"https:\/\/ledismile.com\/al\/wp-json\/wp\/v2\/comments?post=823"}],"version-history":[{"count":7,"href":"https:\/\/ledismile.com\/al\/wp-json\/wp\/v2\/pages\/823\/revisions"}],"predecessor-version":[{"id":3375,"href":"https:\/\/ledismile.com\/al\/wp-json\/wp\/v2\/pages\/823\/revisions\/3375"}],"wp:attachment":[{"href":"https:\/\/ledismile.com\/al\/wp-json\/wp\/v2\/media?parent=823"}],"curies":[{"name":"wp","href":"https:\/\/api.w.org\/{rel}","templated":true}]}}