{"id":19432,"date":"2019-06-07T11:17:23","date_gmt":"2019-06-07T11:17:23","guid":{"rendered":"http:\/\/estetika.ledismile.com\/?page_id=19432"},"modified":"2023-03-21T15:14:26","modified_gmt":"2023-03-21T15:14:26","slug":"about","status":"publish","type":"page","link":"https:\/\/ledismile.com\/estetika\/about\/","title":{"rendered":"Rreth nesh"},"content":{"rendered":"<p>[vc_row full_width=&#8221;stretch_row&#8221; css=&#8221;.vc_custom_1561970768656{padding-top: 50px !important;padding-bottom: 35px !important;background-color: #f4f4f4 !important;}&#8221;][vc_column]<div id=\"1561970905763-a035962f-483a\" class=\"dt-sc-empty-space\"><\/div>[\/vc_column][vc_column width=&#8221;1\/2&#8243; offset=&#8221;vc_col-lg-6 vc_col-md-12&#8243; el_class=&#8221;rs_col-sm-12&#8243;][vc_single_image image=&#8221;21194&#8243; img_size=&#8221;full&#8221; el_class=&#8221;custom-img-border&#8221;][\/vc_column][vc_column width=&#8221;1\/2&#8243; offset=&#8221;vc_col-lg-6 vc_col-md-12&#8243; el_class=&#8221;rs_col-sm-12&#8243;]<div class='dt-sc-title script-with-sub-title  ' data-delay='0'><h6 class='dt-sc-main-heading'>P\u00ebrshkrimi<\/h6><h2 class='dt-sc-sub-heading'>Rreth Ledismile Estetik\u00eb<\/h2><\/div><div id=\"1559910757873-ff4e3181-cb65\" class=\"dt-sc-empty-space\"><\/div>[vc_custom_heading text=&#8221;Ledi MedSpa operon prej m\u00eb shum\u00eb se 5 vitesh n\u00eb fush\u00ebn e estetik\u00ebs. Klinika ofron aparaturat e teknologjis\u00eb s\u00eb fundit per\u00ebndimore dhe produktet m\u00eb cil\u00ebsore t\u00eb \u00e7ertifikuara nga CE. Stafi profesional i LEdismile \u00ebsht\u00eb gjithmon\u00eb i gatsh\u00ebm ti jap\u00eb zgjidhje \u00e7do pyetje ose problemi q\u00eb mund t\u00eb keni.&#8221; font_container=&#8221;tag:p|text_align:left&#8221; use_theme_fonts=&#8221;yes&#8221;]<div id=\"1559912678981-7e952b29-b8db\" class=\"dt-sc-empty-space\"><\/div>[\/vc_column][\/vc_row][vc_row full_width=&#8221;stretch_row&#8221; css=&#8221;.vc_custom_1561970768656{padding-top: 50px !important;padding-bottom: 35px !important;background-color: #f4f4f4 !important;}&#8221;][vc_column width=&#8221;1\/2&#8243; offset=&#8221;vc_col-lg-6 vc_col-md-12&#8243; el_class=&#8221;rs_col-sm-12&#8243;]<div id=\"1670496705503-d7a61a00-feb6\" class=\"dt-sc-empty-space\"><\/div><blockquote class='type3  ' data-delay='0'><q>Trajtime fytyre<\/q><\/blockquote><div id=\"1670513200678-122d4d2b-6e82\" class=\"dt-sc-empty-space\"><\/div><blockquote class='type3  ' data-delay='0'><q>Trajtime trupi<\/q><\/blockquote><div id=\"1670513198986-8f5cf1bc-9e7b\" class=\"dt-sc-empty-space\"><\/div><blockquote class='type3  ' data-delay='0'><q>Epilim \/ Depilim me lazer<\/q><\/blockquote><div id=\"1670513200239-e652288c-634c\" class=\"dt-sc-empty-space\"><\/div><blockquote class='type3  ' data-delay='0'><q>Fshirje tatuazhi<\/q><\/blockquote>[\/vc_column][vc_column width=&#8221;1\/2&#8243; offset=&#8221;vc_col-lg-6 vc_col-md-12&#8243; el_class=&#8221;rs_col-sm-12&#8243;][vc_single_image image=&#8221;21206&#8243; img_size=&#8221;full&#8221; el_class=&#8221;custom-img-border&#8221;][\/vc_column][\/vc_row][vc_row full_width=&#8221;stretch_row_content&#8221; equal_height=&#8221;yes&#8221;][vc_column width=&#8221;1\/2&#8243; el_class=&#8221;rs_col-sm-12 rs_paddingtop-qxlg-none&#8221; css=&#8221;.vc_custom_1564388418825{padding-top: 60px !important;padding-right: 14% !important;padding-left: 14% !important;}&#8221; offset=&#8221;vc_col-lg-6 vc_col-md-12&#8243;]<div id=\"1560157049692-6b78cb3d-257e\" class=\"dt-sc-empty-space\"><\/div><div class='dt-sc-title script-with-sub-title  ' data-delay='0'><h6 class='dt-sc-main-heading'>nga specialist\u00ebt m\u00eb t\u00eb mir\u00eb t\u00eb fush\u00ebs<\/h6><h2 class='dt-sc-sub-heading'>\u00c7far\u00eb ofrojm\u00eb ne?<\/h2><\/div><div id=\"1560150117617-17156b84-3beb\" class=\"dt-sc-empty-space\"><\/div>[vc_custom_heading text=&#8221;N\u00eb Ledismile do t\u00eb gjeni t\u00eb gjitha trajtimet estetike me produkte dhe aparaturat m\u00eb t\u00eb fundit. Duke nisur q\u00eb nga trajtimet e fytyr\u00ebs p\u00ebr eleminimin e rrudhave, mbushjen e zonave me densitet t\u00eb humbur, lifting t\u00eb fytyr\u00ebs, trajtimin e akneve, hiperpigmentimeve, shenjave t\u00eb dielli, kapilar\u00ebve, etj. P\u00ebrsa i p\u00eberket trajtimeve t\u00eb trupit, pro\u00e7edurat nisin q\u00eb nga fizioterapia ose masazhi dhe deri te trajtime dob\u00ebsimi, eleminim celuliti, humbje n\u00eb pesh\u00eb, shtim n\u00eb mas\u00eb muskulare, rtimodelim me acid hialuronik etj. Epilimi me lazer ofrohen me dy lazera t\u00eb tekonologjive t\u00eb fundit, p\u00ebrkat\u00ebsisht amerikane dhe angleze, duke iu ofruar lazerin e duhur n\u00eb baz\u00eb t\u00eb llojit t\u00eb qimes, l\u00ebkur\u00ebs dhe melanin\u00ebs. Eleminimi i tatuazheve me lazer Q Switch laser, nj\u00eb trajtim disi m\u00eb spacifik. Ledismile \u00ebsht\u00eb thjesht nj\u00eb eksperienc\u00eb ndryshe.&#8221; font_container=&#8221;tag:p|text_align:left&#8221; use_theme_fonts=&#8221;yes&#8221; css=&#8221;.vc_custom_1670599287215{margin-bottom: 40px !important;}&#8221;][vc_row_inner][vc_column_inner el_class=&#8221;dt-col-qxlg-6&#8243; width=&#8221;1\/3&#8243;][\/vc_column_inner][vc_column_inner el_class=&#8221;dt-col-qxlg-6&#8243; width=&#8221;1\/3&#8243;][\/vc_column_inner][vc_column_inner el_class=&#8221;dt-col-qxlg-6&#8243; width=&#8221;1\/3&#8243;][\/vc_column_inner][\/vc_row_inner]<div id=\"1562846084302-ede1f98d-9683\" class=\"dt-sc-empty-space\"><\/div>[\/vc_column][vc_column width=&#8221;1\/2&#8243; css=&#8221;.vc_custom_1564149008946{padding-right: 15% !important;padding-bottom: 60px !important;padding-left: 15% !important;background-color: #555555 !important;}&#8221; el_class=&#8221;dt-sc-dark-bg rs_col-sm-12&#8243; offset=&#8221;vc_col-lg-6 vc_col-md-12&#8243;]<div id=\"1560157142177-01f75ffa-f15c\" class=\"dt-sc-empty-space\"><\/div>[vc_row_inner][vc_column_inner width=&#8221;1\/2&#8243;]<div class='dt-sc-icon-box type15  ' data-delay='0' ><div class=\"icon-wrapper\"><img width=\"132\" height=\"154\" src=\"https:\/\/ledismile.com\/estetika\/wp-content\/uploads\/2019\/06\/face.png\" class=\"attachment-full\" alt=\"\" decoding=\"async\" loading=\"lazy\" \/><h4><a href='https:\/\/estetika.ledismile.com\/fytyre\/' title='' target='_self'>Trajtime Fytyre<\/a><\/h4><\/div><div class=\"icon-content\"><p><\/p><\/div><\/div><div id=\"1560148331897-8299e4f7-7b24\" class=\"dt-sc-empty-space\"><\/div><div class='dt-sc-icon-box type15  ' data-delay='0' ><div class=\"icon-wrapper\"><img width=\"162\" height=\"153\" src=\"https:\/\/ledismile.com\/estetika\/wp-content\/uploads\/2023\/03\/lazer02.png\" class=\"attachment-full\" alt=\"\" decoding=\"async\" loading=\"lazy\" \/><h4><a href='https:\/\/estetika.ledismile.com\/lazer\/' title='' target='_self'>Epilim \/ Depilim me lazer<\/a><\/h4><\/div><div class=\"icon-content\"><p><\/p><\/div><\/div>[\/vc_column_inner][vc_column_inner width=&#8221;1\/2&#8243;]<div class='dt-sc-icon-box type15  ' data-delay='0' ><div class=\"icon-wrapper\"><img width=\"132\" height=\"154\" src=\"https:\/\/ledismile.com\/estetika\/wp-content\/uploads\/2019\/06\/belly.png\" class=\"attachment-full\" alt=\"\" decoding=\"async\" loading=\"lazy\" \/><h4><a href='https:\/\/estetika.ledismile.com\/trup\/' title='' target='_self'>Trajtime Trupi<\/a><\/h4><\/div><div class=\"icon-content\"><p><\/p><\/div><\/div><div id=\"1560148346711-9a919eac-f768\" class=\"dt-sc-empty-space\"><\/div><div class='dt-sc-icon-box type15  ' data-delay='0' ><div class=\"icon-wrapper\"><img width=\"133\" height=\"138\" src=\"https:\/\/ledismile.com\/estetika\/wp-content\/uploads\/2023\/03\/tattoo.png\" class=\"attachment-full\" alt=\"\" decoding=\"async\" loading=\"lazy\" \/><h4><a href='https:\/\/estetika.ledismile.com\/tatuazh\/fshirje-tatuazhi\/' title='' target='_self'>Eleminim Tatuazhi<\/a><\/h4><\/div><div class=\"icon-content\"><p><\/p><\/div><\/div>[\/vc_column_inner][\/vc_row_inner]<div id=\"1560157063281-3aeebcdc-12e9\" class=\"dt-sc-empty-space\"><\/div>[\/vc_column][\/vc_row][vc_row full_width=&#8221;stretch_row&#8221; disable_element=&#8221;yes&#8221; css=&#8221;.vc_custom_1670600301107{padding-top: 65px !important;padding-bottom: 70px !important;}&#8221;][vc_column]<div id=\"1560163802759-1205b5bb-3ffa\" class=\"dt-sc-empty-space\"><\/div><div class='dt-sc-title script-with-sub-title  aligncenter' data-delay='0'><h6 class='dt-sc-main-heading'>directly to you<\/h6><h2 class='dt-sc-sub-heading'>From Our Shop<\/h2><\/div><div class='dt-sc-tabs-horizontal-frame-container  type8' data-effect='fade' data-delay='0'><ul class='dt-sc-tabs-horizontal-frame'><li><a href=\"javascript:void(0);\">Best Seller<\/a><\/li><li><a href=\"javascript:void(0);\">Top Rated<\/a><\/li><li><a href=\"javascript:void(0);\">Our Picks<\/a><\/li><\/ul><div class='dt-sc-tabs-horizontal-frame-content'><div id=\"1560173067018-bfed3b51-9bce\" class=\"dt-sc-empty-space\"><\/div><\/div><div class='dt-sc-tabs-horizontal-frame-content'><div id=\"1560173130488-2a24e807-9579\" class=\"dt-sc-empty-space\"><\/div><\/div><div class='dt-sc-tabs-horizontal-frame-content'><div id=\"1560173142670-a2ea4738-4f4a\" class=\"dt-sc-empty-space\"><\/div><\/div><\/div><div id=\"1560163803228-15f5e8c0-3e2a\" class=\"dt-sc-empty-space\"><\/div>[\/vc_column][\/vc_row]<\/p>\n","protected":false},"excerpt":{"rendered":"<p>[vc_row full_width=&#8221;stretch_row&#8221; css=&#8221;.vc_custom_1561970768656{padding-top: 50px !important;padding-bottom: 35px !important;background-color: #f4f4f4 !important;}&#8221;][vc_column][\/vc_column][vc_column width=&#8221;1\/2&#8243; offset=&#8221;vc_col-lg-6 vc_col-md-12&#8243; el_class=&#8221;rs_col-sm-12&#8243;][vc_single_image image=&#8221;21194&#8243; img_size=&#8221;full&#8221; el_class=&#8221;custom-img-border&#8221;][\/vc_column][vc_column width=&#8221;1\/2&#8243; offset=&#8221;vc_col-lg-6 vc_col-md-12&#8243; el_class=&#8221;rs_col-sm-12&#8243;][vc_custom_heading text=&#8221;Ledi MedSpa operon prej m\u00eb shum\u00eb se 5 vitesh n\u00eb fush\u00ebn e estetik\u00ebs. Klinika ofron aparaturat e teknologjis\u00eb s\u00eb fundit per\u00ebndimore dhe produktet m\u00eb cil\u00ebsore t\u00eb \u00e7ertifikuara nga CE. Stafi profesional i LEdismile \u00ebsht\u00eb gjithmon\u00eb [&hellip;]<\/p>\n","protected":false},"author":1,"featured_media":0,"parent":0,"menu_order":0,"comment_status":"closed","ping_status":"closed","template":"","meta":[],"yoast_head":"<!-- This site is optimized with the Yoast SEO plugin v20.8 - https:\/\/yoast.com\/wordpress\/plugins\/seo\/ -->\n<title>Rreth nesh - Ledismile Estetike<\/title>\n<meta name=\"robots\" content=\"index, follow, max-snippet:-1, max-image-preview:large, max-video-preview:-1\" \/>\n<link rel=\"canonical\" href=\"https:\/\/ledismile.com\/estetika\/about\/\" \/>\n<meta property=\"og:locale\" content=\"en_US\" \/>\n<meta property=\"og:type\" content=\"article\" \/>\n<meta property=\"og:title\" content=\"Rreth nesh - Ledismile Estetike\" \/>\n<meta property=\"og:description\" content=\"[vc_row full_width=&#8221;stretch_row&#8221; css=&#8221;.vc_custom_1561970768656{padding-top: 50px !important;padding-bottom: 35px !important;background-color: #f4f4f4 !important;}&#8221;][vc_column][\/vc_column][vc_column width=&#8221;1\/2&#8243; offset=&#8221;vc_col-lg-6 vc_col-md-12&#8243; el_class=&#8221;rs_col-sm-12&#8243;][vc_single_image image=&#8221;21194&#8243; img_size=&#8221;full&#8221; el_class=&#8221;custom-img-border&#8221;][\/vc_column][vc_column width=&#8221;1\/2&#8243; offset=&#8221;vc_col-lg-6 vc_col-md-12&#8243; el_class=&#8221;rs_col-sm-12&#8243;][vc_custom_heading text=&#8221;Ledi MedSpa operon prej m\u00eb shum\u00eb se 5 vitesh n\u00eb fush\u00ebn e estetik\u00ebs. Klinika ofron aparaturat e teknologjis\u00eb s\u00eb fundit per\u00ebndimore dhe produktet m\u00eb cil\u00ebsore t\u00eb \u00e7ertifikuara nga CE. Stafi profesional i LEdismile \u00ebsht\u00eb gjithmon\u00eb [&hellip;]\" \/>\n<meta property=\"og:url\" content=\"https:\/\/ledismile.com\/estetika\/about\/\" \/>\n<meta property=\"og:site_name\" content=\"Ledismile Estetike\" \/>\n<meta property=\"article:modified_time\" content=\"2023-03-21T15:14:26+00:00\" \/>\n<meta name=\"twitter:card\" content=\"summary_large_image\" \/>\n<meta name=\"twitter:label1\" content=\"Est. reading time\" \/>\n\t<meta name=\"twitter:data1\" content=\"6 minutes\" \/>\n<script type=\"application\/ld+json\" class=\"yoast-schema-graph\">{\"@context\":\"https:\/\/schema.org\",\"@graph\":[{\"@type\":\"WebPage\",\"@id\":\"https:\/\/ledismile.com\/estetika\/about\/\",\"url\":\"https:\/\/ledismile.com\/estetika\/about\/\",\"name\":\"Rreth nesh - Ledismile Estetike\",\"isPartOf\":{\"@id\":\"https:\/\/ledismile.com\/estetika\/#website\"},\"datePublished\":\"2019-06-07T11:17:23+00:00\",\"dateModified\":\"2023-03-21T15:14:26+00:00\",\"breadcrumb\":{\"@id\":\"https:\/\/ledismile.com\/estetika\/about\/#breadcrumb\"},\"inLanguage\":\"en-US\",\"potentialAction\":[{\"@type\":\"ReadAction\",\"target\":[\"https:\/\/ledismile.com\/estetika\/about\/\"]}]},{\"@type\":\"BreadcrumbList\",\"@id\":\"https:\/\/ledismile.com\/estetika\/about\/#breadcrumb\",\"itemListElement\":[{\"@type\":\"ListItem\",\"position\":1,\"name\":\"Home\",\"item\":\"https:\/\/ledismile.com\/estetika\/\"},{\"@type\":\"ListItem\",\"position\":2,\"name\":\"Rreth nesh\"}]},{\"@type\":\"WebSite\",\"@id\":\"https:\/\/ledismile.com\/estetika\/#website\",\"url\":\"https:\/\/ledismile.com\/estetika\/\",\"name\":\"Ledismile Estetike\",\"description\":\"E ardhmja \u00ebsht\u00eb rinore!\",\"potentialAction\":[{\"@type\":\"SearchAction\",\"target\":{\"@type\":\"EntryPoint\",\"urlTemplate\":\"https:\/\/ledismile.com\/estetika\/?s={search_term_string}\"},\"query-input\":\"required name=search_term_string\"}],\"inLanguage\":\"en-US\"}]}<\/script>\n<!-- \/ Yoast SEO plugin. -->","yoast_head_json":{"title":"Rreth nesh - Ledismile Estetike","robots":{"index":"index","follow":"follow","max-snippet":"max-snippet:-1","max-image-preview":"max-image-preview:large","max-video-preview":"max-video-preview:-1"},"canonical":"https:\/\/ledismile.com\/estetika\/about\/","og_locale":"en_US","og_type":"article","og_title":"Rreth nesh - Ledismile Estetike","og_description":"[vc_row full_width=&#8221;stretch_row&#8221; css=&#8221;.vc_custom_1561970768656{padding-top: 50px !important;padding-bottom: 35px !important;background-color: #f4f4f4 !important;}&#8221;][vc_column][\/vc_column][vc_column width=&#8221;1\/2&#8243; offset=&#8221;vc_col-lg-6 vc_col-md-12&#8243; el_class=&#8221;rs_col-sm-12&#8243;][vc_single_image image=&#8221;21194&#8243; img_size=&#8221;full&#8221; el_class=&#8221;custom-img-border&#8221;][\/vc_column][vc_column width=&#8221;1\/2&#8243; offset=&#8221;vc_col-lg-6 vc_col-md-12&#8243; el_class=&#8221;rs_col-sm-12&#8243;][vc_custom_heading text=&#8221;Ledi MedSpa operon prej m\u00eb shum\u00eb se 5 vitesh n\u00eb fush\u00ebn e estetik\u00ebs. Klinika ofron aparaturat e teknologjis\u00eb s\u00eb fundit per\u00ebndimore dhe produktet m\u00eb cil\u00ebsore t\u00eb \u00e7ertifikuara nga CE. Stafi profesional i LEdismile \u00ebsht\u00eb gjithmon\u00eb [&hellip;]","og_url":"https:\/\/ledismile.com\/estetika\/about\/","og_site_name":"Ledismile Estetike","article_modified_time":"2023-03-21T15:14:26+00:00","twitter_card":"summary_large_image","twitter_misc":{"Est. reading time":"6 minutes"},"schema":{"@context":"https:\/\/schema.org","@graph":[{"@type":"WebPage","@id":"https:\/\/ledismile.com\/estetika\/about\/","url":"https:\/\/ledismile.com\/estetika\/about\/","name":"Rreth nesh - Ledismile Estetike","isPartOf":{"@id":"https:\/\/ledismile.com\/estetika\/#website"},"datePublished":"2019-06-07T11:17:23+00:00","dateModified":"2023-03-21T15:14:26+00:00","breadcrumb":{"@id":"https:\/\/ledismile.com\/estetika\/about\/#breadcrumb"},"inLanguage":"en-US","potentialAction":[{"@type":"ReadAction","target":["https:\/\/ledismile.com\/estetika\/about\/"]}]},{"@type":"BreadcrumbList","@id":"https:\/\/ledismile.com\/estetika\/about\/#breadcrumb","itemListElement":[{"@type":"ListItem","position":1,"name":"Home","item":"https:\/\/ledismile.com\/estetika\/"},{"@type":"ListItem","position":2,"name":"Rreth nesh"}]},{"@type":"WebSite","@id":"https:\/\/ledismile.com\/estetika\/#website","url":"https:\/\/ledismile.com\/estetika\/","name":"Ledismile Estetike","description":"E ardhmja \u00ebsht\u00eb rinore!","potentialAction":[{"@type":"SearchAction","target":{"@type":"EntryPoint","urlTemplate":"https:\/\/ledismile.com\/estetika\/?s={search_term_string}"},"query-input":"required name=search_term_string"}],"inLanguage":"en-US"}]}},"_links":{"self":[{"href":"https:\/\/ledismile.com\/estetika\/wp-json\/wp\/v2\/pages\/19432"}],"collection":[{"href":"https:\/\/ledismile.com\/estetika\/wp-json\/wp\/v2\/pages"}],"about":[{"href":"https:\/\/ledismile.com\/estetika\/wp-json\/wp\/v2\/types\/page"}],"author":[{"embeddable":true,"href":"https:\/\/ledismile.com\/estetika\/wp-json\/wp\/v2\/users\/1"}],"replies":[{"embeddable":true,"href":"https:\/\/ledismile.com\/estetika\/wp-json\/wp\/v2\/comments?post=19432"}],"version-history":[{"count":41,"href":"https:\/\/ledismile.com\/estetika\/wp-json\/wp\/v2\/pages\/19432\/revisions"}],"predecessor-version":[{"id":21645,"href":"https:\/\/ledismile.com\/estetika\/wp-json\/wp\/v2\/pages\/19432\/revisions\/21645"}],"wp:attachment":[{"href":"https:\/\/ledismile.com\/estetika\/wp-json\/wp\/v2\/media?parent=19432"}],"curies":[{"name":"wp","href":"https:\/\/api.w.org\/{rel}","templated":true}]}}