{"id":19835,"date":"2019-06-21T09:36:56","date_gmt":"2019-06-21T09:36:56","guid":{"rendered":"http:\/\/estetika.ledismile.com\/?page_id=19835"},"modified":"2022-12-29T11:02:33","modified_gmt":"2022-12-29T11:02:33","slug":"services","status":"publish","type":"page","link":"https:\/\/ledismile.com\/estetika\/home\/services\/","title":{"rendered":"Services"},"content":{"rendered":"<p>[vc_row css=&#8221;.vc_custom_1671448050243{padding-top: 45px !important;padding-bottom: 30px !important;}&#8221;][vc_column]<div class='dt-sc-title script-with-sub-title  aligncenter' data-delay='0'><h6 class='dt-sc-main-heading'>Klinika estetike Ledismile<\/h6><h2 class='dt-sc-sub-heading'>Sh\u00ebrbime estetike<\/h2><\/div><div id=\"1561468949151-becbbe64-dd4b\" class=\"dt-sc-empty-space\"><\/div>[vc_row_inner][vc_column_inner el_class=&#8221;rs_col-sm-6&#8243; width=&#8221;1\/4&#8243; offset=&#8221;vc_col-lg-3 vc_col-md-6&#8243;]<div class='dt-sc-image-caption type4  ' data-delay='0'><div class='dt-sc-image-wrapper'><img width=\"600\" height=\"900\" src=\"https:\/\/ledismile.com\/estetika\/wp-content\/uploads\/2022\/12\/trajtime-fytyre.jpg\" class=\"attachment-full\" alt=\"\" decoding=\"async\" loading=\"lazy\" srcset=\"https:\/\/ledismile.com\/estetika\/wp-content\/uploads\/2022\/12\/trajtime-fytyre.jpg 600w, https:\/\/ledismile.com\/estetika\/wp-content\/uploads\/2022\/12\/trajtime-fytyre-200x300.jpg 200w, https:\/\/ledismile.com\/estetika\/wp-content\/uploads\/2022\/12\/trajtime-fytyre-540x810.jpg 540w\" sizes=\"(max-width: 600px) 100vw, 600px\" \/><\/div><div class='dt-sc-image-content'><div class='dt-sc-image-title'><h3><a href=\"https:\/\/estetika.ledismile.com\/fytyre\/\" target=\"_self\" title=\"Fytyr\u00eb\">Fytyr\u00eb<\/a><\/h3><h6><span>01.<\/span>Trajtime fytyre<\/h6><\/div><p>Duke nisur q\u00eb nga trajtimet e fytyr\u00ebs p\u00ebr eleminimin e rrudhave, mbushjen e zonave me densitet t\u00eb humbur, lifting t\u00eb fytyr\u00ebs, trajtimin e akneve, hiperpigmentimeve, shenjave t\u00eb dielli, kapilar\u00ebve, etj.\n<a href='http:\/\/estetika.ledismile.com\/fytyre\/' target='_self' title='Fytyr\u00eb' class='dt-sc-button   medium icon-right with-icon  bordered  type2' data-delay='0' > M\u00eb shum\u00eb <span class='fa fa-chevron-right'> <\/span><\/a><\/p><\/div><\/div><div id=\"1561615114178-73c8e624-fbfa\" class=\"dt-sc-empty-space\"><\/div>[\/vc_column_inner][vc_column_inner el_class=&#8221;rs_col-sm-6&#8243; width=&#8221;1\/4&#8243; offset=&#8221;vc_col-lg-3 vc_col-md-6&#8243;]<div class='dt-sc-image-caption type4  ' data-delay='0'><div class='dt-sc-image-wrapper'><img width=\"600\" height=\"900\" src=\"https:\/\/ledismile.com\/estetika\/wp-content\/uploads\/2022\/12\/lazer.jpg\" class=\"attachment-full\" alt=\"\" decoding=\"async\" loading=\"lazy\" srcset=\"https:\/\/ledismile.com\/estetika\/wp-content\/uploads\/2022\/12\/lazer.jpg 600w, https:\/\/ledismile.com\/estetika\/wp-content\/uploads\/2022\/12\/lazer-200x300.jpg 200w, https:\/\/ledismile.com\/estetika\/wp-content\/uploads\/2022\/12\/lazer-540x810.jpg 540w\" sizes=\"(max-width: 600px) 100vw, 600px\" \/><\/div><div class='dt-sc-image-content'><div class='dt-sc-image-title'><h3><a href=\"https:\/\/estetika.ledismile.com\/lazer\/\" target=\"_self\" title=\"Epilim\/Depilim me lazer\">Lazer<\/a><\/h3><h6><span>02.<\/span>Epilim\/Depilim me lazer<\/h6><\/div><p>Epilimi me lazer ofrohen me dy lazera t\u00eb tekonologjive t\u00eb fundit, p\u00ebrkat\u00ebsisht amerikane dhe angleze, duke iu ofruar lazerin e duhur n\u00eb baz\u00eb t\u00eb llojit t\u00eb qimes, l\u00ebkur\u00ebs dhe melanin\u00ebs.\n<a href='http:\/\/estetika.ledismile.com\/lazer\/' target='_self' title='Lazer' class='dt-sc-button   medium icon-right with-icon  bordered  type2' data-delay='0' > M\u00eb shum\u00eb <span class='fa fa-chevron-right'> <\/span><\/a><\/p><\/div><\/div><div id=\"1561615127004-73591167-f8d2\" class=\"dt-sc-empty-space\"><\/div>[\/vc_column_inner][vc_column_inner el_class=&#8221;rs_col-sm-6&#8243; width=&#8221;1\/4&#8243; offset=&#8221;vc_col-lg-3 vc_col-md-6&#8243;]<div class='dt-sc-image-caption type4  ' data-delay='0'><div class='dt-sc-image-wrapper'><img width=\"600\" height=\"900\" src=\"https:\/\/ledismile.com\/estetika\/wp-content\/uploads\/2022\/12\/trajtim-trupi-gavi.jpg\" class=\"attachment-full\" alt=\"\" decoding=\"async\" loading=\"lazy\" srcset=\"https:\/\/ledismile.com\/estetika\/wp-content\/uploads\/2022\/12\/trajtim-trupi-gavi.jpg 600w, https:\/\/ledismile.com\/estetika\/wp-content\/uploads\/2022\/12\/trajtim-trupi-gavi-200x300.jpg 200w, https:\/\/ledismile.com\/estetika\/wp-content\/uploads\/2022\/12\/trajtim-trupi-gavi-540x810.jpg 540w\" sizes=\"(max-width: 600px) 100vw, 600px\" \/><\/div><div class='dt-sc-image-content'><div class='dt-sc-image-title'><h3><a href=\"https:\/\/estetika.ledismile.com\/trup\/\" target=\"_blank\" title=\"Trajtime trupi\">Trajtime Trupi<\/a><\/h3><h6><span>03.<\/span>Trupi<\/h6><\/div><p>Procedurat nisin q\u00eb nga fizioterapia ose masazhi dhe deri te trajtime dob\u00ebsimi, eleminim celuliti, humbje n\u00eb pesh\u00eb, shtim n\u00eb mas\u00eb muskulare, rimodelim me acid hialuronik etj.<a href='http:\/\/estetika.ledismile.com\/trup\/' target='_self' title='' class='dt-sc-button   medium icon-right with-icon  bordered  type2' data-delay='0' > M\u00eb shum\u00eb <span class='fa fa-chevron-right'> <\/span><\/a><\/p><\/div><\/div><div id=\"1671452044424-6eca7b3a-88ce\" class=\"dt-sc-empty-space\"><\/div>[\/vc_column_inner][vc_column_inner el_class=&#8221;rs_col-sm-6&#8243; width=&#8221;1\/4&#8243; offset=&#8221;vc_col-lg-3 vc_col-md-6&#8243;]<div class='dt-sc-image-caption type4  ' data-delay='0'><div class='dt-sc-image-wrapper'><img width=\"600\" height=\"900\" src=\"https:\/\/ledismile.com\/estetika\/wp-content\/uploads\/2022\/12\/tattoo.jpg\" class=\"attachment-full\" alt=\"\" decoding=\"async\" loading=\"lazy\" srcset=\"https:\/\/ledismile.com\/estetika\/wp-content\/uploads\/2022\/12\/tattoo.jpg 600w, https:\/\/ledismile.com\/estetika\/wp-content\/uploads\/2022\/12\/tattoo-200x300.jpg 200w, https:\/\/ledismile.com\/estetika\/wp-content\/uploads\/2022\/12\/tattoo-540x810.jpg 540w\" sizes=\"(max-width: 600px) 100vw, 600px\" \/><\/div><div class='dt-sc-image-content'><div class='dt-sc-image-title'><h3><a href=\"https:\/\/estetika.ledismile.com\/tatuazh\/\" target=\"_blank\" title=\"Medical Treatment\">Fshirje tatuazhi<\/a><\/h3><h6><span>04.<\/span>tatuazh<\/h6><\/div><p>Eleminimi i tatuazheve me lazer Q Switch laser, nj\u00eb trajtim disi m\u00eb spacifik. Tatuazheve t\u00eb t\u00eb gjitha p\u00ebrmasave, ngjyrave &amp; formave. Ledismile \u00ebsht\u00eb thjesht nj\u00eb eksperienc\u00eb ndryshe.\n<a href='http:\/\/estetika.ledismile.com\/tatuazh\/' target='_self' title='' class='dt-sc-button   medium icon-right with-icon  bordered  type2' data-delay='0' > M\u00eb shum\u00eb <span class='fa fa-chevron-right'> <\/span><\/a><\/p><\/div><\/div><div id=\"1671450809932-dd04bd85-2ca9\" class=\"dt-sc-empty-space\"><\/div>[\/vc_column_inner][\/vc_row_inner]<div id=\"1561469157293-f9760062-2bb4\" class=\"dt-sc-empty-space\"><\/div>[\/vc_column][\/vc_row]<\/p>\n","protected":false},"excerpt":{"rendered":"<p>[vc_row css=&#8221;.vc_custom_1671448050243{padding-top: 45px !important;padding-bottom: 30px !important;}&#8221;][vc_column][vc_row_inner][vc_column_inner el_class=&#8221;rs_col-sm-6&#8243; width=&#8221;1\/4&#8243; offset=&#8221;vc_col-lg-3 vc_col-md-6&#8243;][\/vc_column_inner][vc_column_inner el_class=&#8221;rs_col-sm-6&#8243; width=&#8221;1\/4&#8243; offset=&#8221;vc_col-lg-3 vc_col-md-6&#8243;][\/vc_column_inner][vc_column_inner el_class=&#8221;rs_col-sm-6&#8243; width=&#8221;1\/4&#8243; offset=&#8221;vc_col-lg-3 vc_col-md-6&#8243;][\/vc_column_inner][vc_column_inner el_class=&#8221;rs_col-sm-6&#8243; width=&#8221;1\/4&#8243; offset=&#8221;vc_col-lg-3 vc_col-md-6&#8243;][\/vc_column_inner][\/vc_row_inner][\/vc_column][\/vc_row]<\/p>\n","protected":false},"author":1,"featured_media":0,"parent":19530,"menu_order":0,"comment_status":"closed","ping_status":"closed","template":"","meta":[],"yoast_head":"<!-- This site is optimized with the Yoast SEO plugin v20.8 - https:\/\/yoast.com\/wordpress\/plugins\/seo\/ -->\n<title>Services - Ledismile Estetike<\/title>\n<meta name=\"robots\" content=\"index, follow, max-snippet:-1, max-image-preview:large, max-video-preview:-1\" \/>\n<link rel=\"canonical\" href=\"https:\/\/ledismile.com\/estetika\/home\/services\/\" \/>\n<meta property=\"og:locale\" content=\"en_US\" \/>\n<meta property=\"og:type\" content=\"article\" \/>\n<meta property=\"og:title\" content=\"Services - Ledismile Estetike\" \/>\n<meta property=\"og:description\" content=\"[vc_row css=&#8221;.vc_custom_1671448050243{padding-top: 45px !important;padding-bottom: 30px !important;}&#8221;][vc_column][vc_row_inner][vc_column_inner el_class=&#8221;rs_col-sm-6&#8243; width=&#8221;1\/4&#8243; offset=&#8221;vc_col-lg-3 vc_col-md-6&#8243;][\/vc_column_inner][vc_column_inner el_class=&#8221;rs_col-sm-6&#8243; width=&#8221;1\/4&#8243; offset=&#8221;vc_col-lg-3 vc_col-md-6&#8243;][\/vc_column_inner][vc_column_inner el_class=&#8221;rs_col-sm-6&#8243; width=&#8221;1\/4&#8243; offset=&#8221;vc_col-lg-3 vc_col-md-6&#8243;][\/vc_column_inner][vc_column_inner el_class=&#8221;rs_col-sm-6&#8243; width=&#8221;1\/4&#8243; offset=&#8221;vc_col-lg-3 vc_col-md-6&#8243;][\/vc_column_inner][\/vc_row_inner][\/vc_column][\/vc_row]\" \/>\n<meta property=\"og:url\" content=\"https:\/\/ledismile.com\/estetika\/home\/services\/\" \/>\n<meta property=\"og:site_name\" content=\"Ledismile Estetike\" \/>\n<meta property=\"article:modified_time\" content=\"2022-12-29T11:02:33+00:00\" \/>\n<meta name=\"twitter:card\" content=\"summary_large_image\" \/>\n<meta name=\"twitter:label1\" content=\"Est. reading time\" \/>\n\t<meta name=\"twitter:data1\" content=\"3 minutes\" \/>\n<script type=\"application\/ld+json\" class=\"yoast-schema-graph\">{\"@context\":\"https:\/\/schema.org\",\"@graph\":[{\"@type\":\"WebPage\",\"@id\":\"https:\/\/ledismile.com\/estetika\/home\/services\/\",\"url\":\"https:\/\/ledismile.com\/estetika\/home\/services\/\",\"name\":\"Services - Ledismile Estetike\",\"isPartOf\":{\"@id\":\"https:\/\/ledismile.com\/estetika\/#website\"},\"datePublished\":\"2019-06-21T09:36:56+00:00\",\"dateModified\":\"2022-12-29T11:02:33+00:00\",\"breadcrumb\":{\"@id\":\"https:\/\/ledismile.com\/estetika\/home\/services\/#breadcrumb\"},\"inLanguage\":\"en-US\",\"potentialAction\":[{\"@type\":\"ReadAction\",\"target\":[\"https:\/\/ledismile.com\/estetika\/home\/services\/\"]}]},{\"@type\":\"BreadcrumbList\",\"@id\":\"https:\/\/ledismile.com\/estetika\/home\/services\/#breadcrumb\",\"itemListElement\":[{\"@type\":\"ListItem\",\"position\":1,\"name\":\"Home\",\"item\":\"https:\/\/ledismile.com\/estetika\/\"},{\"@type\":\"ListItem\",\"position\":2,\"name\":\"Home\",\"item\":\"https:\/\/ledismile.com\/estetika\/\"},{\"@type\":\"ListItem\",\"position\":3,\"name\":\"Services\"}]},{\"@type\":\"WebSite\",\"@id\":\"https:\/\/ledismile.com\/estetika\/#website\",\"url\":\"https:\/\/ledismile.com\/estetika\/\",\"name\":\"Ledismile Estetike\",\"description\":\"E ardhmja \u00ebsht\u00eb rinore!\",\"potentialAction\":[{\"@type\":\"SearchAction\",\"target\":{\"@type\":\"EntryPoint\",\"urlTemplate\":\"https:\/\/ledismile.com\/estetika\/?s={search_term_string}\"},\"query-input\":\"required name=search_term_string\"}],\"inLanguage\":\"en-US\"}]}<\/script>\n<!-- \/ Yoast SEO plugin. -->","yoast_head_json":{"title":"Services - Ledismile Estetike","robots":{"index":"index","follow":"follow","max-snippet":"max-snippet:-1","max-image-preview":"max-image-preview:large","max-video-preview":"max-video-preview:-1"},"canonical":"https:\/\/ledismile.com\/estetika\/home\/services\/","og_locale":"en_US","og_type":"article","og_title":"Services - Ledismile Estetike","og_description":"[vc_row css=&#8221;.vc_custom_1671448050243{padding-top: 45px !important;padding-bottom: 30px !important;}&#8221;][vc_column][vc_row_inner][vc_column_inner el_class=&#8221;rs_col-sm-6&#8243; width=&#8221;1\/4&#8243; offset=&#8221;vc_col-lg-3 vc_col-md-6&#8243;][\/vc_column_inner][vc_column_inner el_class=&#8221;rs_col-sm-6&#8243; width=&#8221;1\/4&#8243; offset=&#8221;vc_col-lg-3 vc_col-md-6&#8243;][\/vc_column_inner][vc_column_inner el_class=&#8221;rs_col-sm-6&#8243; width=&#8221;1\/4&#8243; offset=&#8221;vc_col-lg-3 vc_col-md-6&#8243;][\/vc_column_inner][vc_column_inner el_class=&#8221;rs_col-sm-6&#8243; width=&#8221;1\/4&#8243; offset=&#8221;vc_col-lg-3 vc_col-md-6&#8243;][\/vc_column_inner][\/vc_row_inner][\/vc_column][\/vc_row]","og_url":"https:\/\/ledismile.com\/estetika\/home\/services\/","og_site_name":"Ledismile Estetike","article_modified_time":"2022-12-29T11:02:33+00:00","twitter_card":"summary_large_image","twitter_misc":{"Est. reading time":"3 minutes"},"schema":{"@context":"https:\/\/schema.org","@graph":[{"@type":"WebPage","@id":"https:\/\/ledismile.com\/estetika\/home\/services\/","url":"https:\/\/ledismile.com\/estetika\/home\/services\/","name":"Services - Ledismile Estetike","isPartOf":{"@id":"https:\/\/ledismile.com\/estetika\/#website"},"datePublished":"2019-06-21T09:36:56+00:00","dateModified":"2022-12-29T11:02:33+00:00","breadcrumb":{"@id":"https:\/\/ledismile.com\/estetika\/home\/services\/#breadcrumb"},"inLanguage":"en-US","potentialAction":[{"@type":"ReadAction","target":["https:\/\/ledismile.com\/estetika\/home\/services\/"]}]},{"@type":"BreadcrumbList","@id":"https:\/\/ledismile.com\/estetika\/home\/services\/#breadcrumb","itemListElement":[{"@type":"ListItem","position":1,"name":"Home","item":"https:\/\/ledismile.com\/estetika\/"},{"@type":"ListItem","position":2,"name":"Home","item":"https:\/\/ledismile.com\/estetika\/"},{"@type":"ListItem","position":3,"name":"Services"}]},{"@type":"WebSite","@id":"https:\/\/ledismile.com\/estetika\/#website","url":"https:\/\/ledismile.com\/estetika\/","name":"Ledismile Estetike","description":"E ardhmja \u00ebsht\u00eb rinore!","potentialAction":[{"@type":"SearchAction","target":{"@type":"EntryPoint","urlTemplate":"https:\/\/ledismile.com\/estetika\/?s={search_term_string}"},"query-input":"required name=search_term_string"}],"inLanguage":"en-US"}]}},"_links":{"self":[{"href":"https:\/\/ledismile.com\/estetika\/wp-json\/wp\/v2\/pages\/19835"}],"collection":[{"href":"https:\/\/ledismile.com\/estetika\/wp-json\/wp\/v2\/pages"}],"about":[{"href":"https:\/\/ledismile.com\/estetika\/wp-json\/wp\/v2\/types\/page"}],"author":[{"embeddable":true,"href":"https:\/\/ledismile.com\/estetika\/wp-json\/wp\/v2\/users\/1"}],"replies":[{"embeddable":true,"href":"https:\/\/ledismile.com\/estetika\/wp-json\/wp\/v2\/comments?post=19835"}],"version-history":[{"count":47,"href":"https:\/\/ledismile.com\/estetika\/wp-json\/wp\/v2\/pages\/19835\/revisions"}],"predecessor-version":[{"id":21475,"href":"https:\/\/ledismile.com\/estetika\/wp-json\/wp\/v2\/pages\/19835\/revisions\/21475"}],"up":[{"embeddable":true,"href":"https:\/\/ledismile.com\/estetika\/wp-json\/wp\/v2\/pages\/19530"}],"wp:attachment":[{"href":"https:\/\/ledismile.com\/estetika\/wp-json\/wp\/v2\/media?parent=19835"}],"curies":[{"name":"wp","href":"https:\/\/api.w.org\/{rel}","templated":true}]}}