{"id":20510,"date":"2019-06-28T12:55:59","date_gmt":"2019-06-28T12:55:59","guid":{"rendered":"http:\/\/estetika.ledismile.com\/?page_id=20510"},"modified":"2019-07-04T05:53:23","modified_gmt":"2019-07-04T05:53:23","slug":"blog","status":"publish","type":"page","link":"https:\/\/ledismile.com\/estetika\/blog\/","title":{"rendered":"Blog"},"content":{"rendered":"<p>[vc_row][vc_column]<div id=\"1561382724951-78b78cd0-38c5\" class=\"dt-sc-empty-space\"><\/div><div class=\"dt-sc-posts-list-wrapper  \" data-delay=\"0\"><div class='tpl-blog-holder apply-isotope'><div class='grid-sizer column dt-sc-one-third dt-sc-post-entry entry-grid-layout dt-sc-classic-ii-style  dt-sc-fadeinright-hover dt-sc-default-overlay alignnone'><\/div><div class=\"column dt-sc-one-third dt-sc-post-entry entry-grid-layout dt-sc-classic-ii-style  dt-sc-fadeinright-hover dt-sc-default-overlay alignnone first\"><article id=\"post-21662\" class=\"blog-entry format-standard post-21662 post type-post status-publish hentry category-uncategorized\">\t\t\t<!-- Featured Image -->\r\n\t\t\t<div class=\"entry-thumb\">\r\n\t\t\t\t\r\n                \t\t\t<\/div><!-- Featured Image -->\r\n        <!-- Entry Date -->\r\n        <div class=\"entry-date\">\r\n        \t\r\n        <i class=\"pe-icon pe-date\"> <\/i>\r\n        April 1, 2023        <\/div><!-- Entry Date -->\r\n        <!-- Entry Title -->\r\n        <div class=\"entry-title\">\r\n        \t\r\n\t<h4>\r\n\t        \t<a href=\"https:\/\/ledismile.com\/estetika\/maska-fytyre-ne-kushte-shtepie\/\" title=\"Permalink to Maska fytyre n\u00eb kushte sht\u00ebpie\">Maska fytyre n\u00eb kushte sht\u00ebpie<\/a>\r\n\t<\/h4>        <\/div><!-- Entry Title -->\r\n\t<div class=\"entry-body\"><p>Ka disa produkte t\u00eb thjeshta n\u00eb sht\u00ebpi q\u00eb mund t\u00eb p\u00ebrdoren p\u00ebr t\u00eb b\u00ebr\u00eb...<\/p><\/div><!-- Entry Button --><div class=\"entry-button\"><a href=\"https:\/\/ledismile.com\/estetika\/maska-fytyre-ne-kushte-shtepie\/\" title=\"Maska fytyre n\u00eb kushte sht\u00ebpie\" class=\"dt-sc-button\">Read More<span class=\"fas fa-angle-right\"><\/span><\/a><\/div><!-- Entry Button --><\/article><\/div><div class=\"column dt-sc-one-third dt-sc-post-entry entry-grid-layout dt-sc-classic-ii-style  dt-sc-fadeinright-hover dt-sc-default-overlay alignnone\"><article id=\"post-21657\" class=\"blog-entry format-standard post-21657 post type-post status-publish hentry category-uncategorized\">\t\t\t<!-- Featured Image -->\r\n\t\t\t<div class=\"entry-thumb\">\r\n\t\t\t\t\r\n                \t\t\t<\/div><!-- Featured Image -->\r\n        <!-- Entry Date -->\r\n        <div class=\"entry-date\">\r\n        \t\r\n        <i class=\"pe-icon pe-date\"> <\/i>\r\n        March 24, 2023        <\/div><!-- Entry Date -->\r\n        <!-- Entry Title -->\r\n        <div class=\"entry-title\">\r\n        \t\r\n\t<h4>\r\n\t        \t<a href=\"https:\/\/ledismile.com\/estetika\/si-te-mbrojme-lekuren-nga-dielli-gjate-pranveres\/\" title=\"Permalink to Si t\u00eb mbrojm\u00eb l\u00ebkur\u00ebn nga Dielli gjat\u00eb Pranver\u00ebs\">Si t\u00eb mbrojm\u00eb l\u00ebkur\u00ebn nga Dielli gjat\u00eb Pranver\u00ebs<\/a>\r\n\t<\/h4>        <\/div><!-- Entry Title -->\r\n\t<div class=\"entry-body\"><p>Ka disa m\u00ebnyra p\u00ebr t\u00eb mbrojtur l\u00ebkur\u00ebn nga dielli gjat\u00eb pranver\u00ebs: P\u00ebrdorimi i kremrave...<\/p><\/div><!-- Entry Button --><div class=\"entry-button\"><a href=\"https:\/\/ledismile.com\/estetika\/si-te-mbrojme-lekuren-nga-dielli-gjate-pranveres\/\" title=\"Si t\u00eb mbrojm\u00eb l\u00ebkur\u00ebn nga Dielli gjat\u00eb Pranver\u00ebs\" class=\"dt-sc-button\">Read More<span class=\"fas fa-angle-right\"><\/span><\/a><\/div><!-- Entry Button --><\/article><\/div><div class=\"column dt-sc-one-third dt-sc-post-entry entry-grid-layout dt-sc-classic-ii-style  dt-sc-fadeinright-hover dt-sc-default-overlay alignnone\"><article id=\"post-21620\" class=\"blog-entry format-standard post-21620 post type-post status-publish hentry category-uncategorized\">\t\t\t<!-- Featured Image -->\r\n\t\t\t<div class=\"entry-thumb\">\r\n\t\t\t\t\r\n                \t\t\t<\/div><!-- Featured Image -->\r\n        <!-- Entry Date -->\r\n        <div class=\"entry-date\">\r\n        \t\r\n        <i class=\"pe-icon pe-date\"> <\/i>\r\n        March 13, 2023        <\/div><!-- Entry Date -->\r\n        <!-- Entry Title -->\r\n        <div class=\"entry-title\">\r\n        \t\r\n\t<h4>\r\n\t        \t<a href=\"https:\/\/ledismile.com\/estetika\/acidi-hialuronik-ka-shume-perfitime-per-shendetin-dhe-bukurine\/\" title=\"Permalink to Acidi hialuronik, p\u00ebrfitimet p\u00ebr sh\u00ebndetin dhe bukurin\u00eb\">Acidi hialuronik, p\u00ebrfitimet p\u00ebr sh\u00ebndetin dhe bukurin\u00eb<\/a>\r\n\t<\/h4>        <\/div><!-- Entry Title -->\r\n\t<div class=\"entry-body\"><p>Acidi hialuronik ka shum\u00eb p\u00ebrfitime p\u00ebr sh\u00ebndetin dhe bukurin\u00eb. Ja disa prej p\u00ebrdorimeve dhe...<\/p><\/div><!-- Entry Button --><div class=\"entry-button\"><a href=\"https:\/\/ledismile.com\/estetika\/acidi-hialuronik-ka-shume-perfitime-per-shendetin-dhe-bukurine\/\" title=\"Acidi hialuronik, p\u00ebrfitimet p\u00ebr sh\u00ebndetin dhe bukurin\u00eb\" class=\"dt-sc-button\">Read More<span class=\"fas fa-angle-right\"><\/span><\/a><\/div><!-- Entry Button --><\/article><\/div><\/div><div class=\"pagination blog-pagination\"><\/div><\/div><div id=\"1561382771862-de9d51ac-9531\" class=\"dt-sc-empty-space\"><\/div>[\/vc_column][\/vc_row]<\/p>\n","protected":false},"excerpt":{"rendered":"<p>[vc_row][vc_column][\/vc_column][\/vc_row]<\/p>\n","protected":false},"author":1,"featured_media":0,"parent":0,"menu_order":0,"comment_status":"closed","ping_status":"closed","template":"","meta":[],"yoast_head":"<!-- This site is optimized with the Yoast SEO plugin v20.8 - https:\/\/yoast.com\/wordpress\/plugins\/seo\/ -->\n<title>Blog - Ledismile Estetike<\/title>\n<meta name=\"robots\" content=\"index, follow, max-snippet:-1, max-image-preview:large, max-video-preview:-1\" \/>\n<link rel=\"canonical\" href=\"https:\/\/ledismile.com\/estetika\/blog\/\" \/>\n<meta property=\"og:locale\" content=\"en_US\" \/>\n<meta property=\"og:type\" content=\"article\" \/>\n<meta property=\"og:title\" content=\"Blog - Ledismile Estetike\" \/>\n<meta property=\"og:description\" content=\"[vc_row][vc_column][\/vc_column][\/vc_row]\" \/>\n<meta property=\"og:url\" content=\"https:\/\/ledismile.com\/estetika\/blog\/\" \/>\n<meta property=\"og:site_name\" content=\"Ledismile Estetike\" \/>\n<meta property=\"article:modified_time\" content=\"2019-07-04T05:53:23+00:00\" \/>\n<meta name=\"twitter:card\" content=\"summary_large_image\" \/>\n<meta name=\"twitter:label1\" content=\"Est. reading time\" \/>\n\t<meta name=\"twitter:data1\" content=\"1 minute\" \/>\n<script type=\"application\/ld+json\" class=\"yoast-schema-graph\">{\"@context\":\"https:\/\/schema.org\",\"@graph\":[{\"@type\":\"WebPage\",\"@id\":\"https:\/\/ledismile.com\/estetika\/blog\/\",\"url\":\"https:\/\/ledismile.com\/estetika\/blog\/\",\"name\":\"Blog - Ledismile Estetike\",\"isPartOf\":{\"@id\":\"https:\/\/ledismile.com\/estetika\/#website\"},\"datePublished\":\"2019-06-28T12:55:59+00:00\",\"dateModified\":\"2019-07-04T05:53:23+00:00\",\"breadcrumb\":{\"@id\":\"https:\/\/ledismile.com\/estetika\/blog\/#breadcrumb\"},\"inLanguage\":\"en-US\",\"potentialAction\":[{\"@type\":\"ReadAction\",\"target\":[\"https:\/\/ledismile.com\/estetika\/blog\/\"]}]},{\"@type\":\"BreadcrumbList\",\"@id\":\"https:\/\/ledismile.com\/estetika\/blog\/#breadcrumb\",\"itemListElement\":[{\"@type\":\"ListItem\",\"position\":1,\"name\":\"Home\",\"item\":\"https:\/\/ledismile.com\/estetika\/\"},{\"@type\":\"ListItem\",\"position\":2,\"name\":\"Blog\"}]},{\"@type\":\"WebSite\",\"@id\":\"https:\/\/ledismile.com\/estetika\/#website\",\"url\":\"https:\/\/ledismile.com\/estetika\/\",\"name\":\"Ledismile Estetike\",\"description\":\"E ardhmja \u00ebsht\u00eb rinore!\",\"potentialAction\":[{\"@type\":\"SearchAction\",\"target\":{\"@type\":\"EntryPoint\",\"urlTemplate\":\"https:\/\/ledismile.com\/estetika\/?s={search_term_string}\"},\"query-input\":\"required name=search_term_string\"}],\"inLanguage\":\"en-US\"}]}<\/script>\n<!-- \/ Yoast SEO plugin. -->","yoast_head_json":{"title":"Blog - Ledismile Estetike","robots":{"index":"index","follow":"follow","max-snippet":"max-snippet:-1","max-image-preview":"max-image-preview:large","max-video-preview":"max-video-preview:-1"},"canonical":"https:\/\/ledismile.com\/estetika\/blog\/","og_locale":"en_US","og_type":"article","og_title":"Blog - Ledismile Estetike","og_description":"[vc_row][vc_column][\/vc_column][\/vc_row]","og_url":"https:\/\/ledismile.com\/estetika\/blog\/","og_site_name":"Ledismile Estetike","article_modified_time":"2019-07-04T05:53:23+00:00","twitter_card":"summary_large_image","twitter_misc":{"Est. reading time":"1 minute"},"schema":{"@context":"https:\/\/schema.org","@graph":[{"@type":"WebPage","@id":"https:\/\/ledismile.com\/estetika\/blog\/","url":"https:\/\/ledismile.com\/estetika\/blog\/","name":"Blog - Ledismile Estetike","isPartOf":{"@id":"https:\/\/ledismile.com\/estetika\/#website"},"datePublished":"2019-06-28T12:55:59+00:00","dateModified":"2019-07-04T05:53:23+00:00","breadcrumb":{"@id":"https:\/\/ledismile.com\/estetika\/blog\/#breadcrumb"},"inLanguage":"en-US","potentialAction":[{"@type":"ReadAction","target":["https:\/\/ledismile.com\/estetika\/blog\/"]}]},{"@type":"BreadcrumbList","@id":"https:\/\/ledismile.com\/estetika\/blog\/#breadcrumb","itemListElement":[{"@type":"ListItem","position":1,"name":"Home","item":"https:\/\/ledismile.com\/estetika\/"},{"@type":"ListItem","position":2,"name":"Blog"}]},{"@type":"WebSite","@id":"https:\/\/ledismile.com\/estetika\/#website","url":"https:\/\/ledismile.com\/estetika\/","name":"Ledismile Estetike","description":"E ardhmja \u00ebsht\u00eb rinore!","potentialAction":[{"@type":"SearchAction","target":{"@type":"EntryPoint","urlTemplate":"https:\/\/ledismile.com\/estetika\/?s={search_term_string}"},"query-input":"required name=search_term_string"}],"inLanguage":"en-US"}]}},"_links":{"self":[{"href":"https:\/\/ledismile.com\/estetika\/wp-json\/wp\/v2\/pages\/20510"}],"collection":[{"href":"https:\/\/ledismile.com\/estetika\/wp-json\/wp\/v2\/pages"}],"about":[{"href":"https:\/\/ledismile.com\/estetika\/wp-json\/wp\/v2\/types\/page"}],"author":[{"embeddable":true,"href":"https:\/\/ledismile.com\/estetika\/wp-json\/wp\/v2\/users\/1"}],"replies":[{"embeddable":true,"href":"https:\/\/ledismile.com\/estetika\/wp-json\/wp\/v2\/comments?post=20510"}],"version-history":[{"count":0,"href":"https:\/\/ledismile.com\/estetika\/wp-json\/wp\/v2\/pages\/20510\/revisions"}],"wp:attachment":[{"href":"https:\/\/ledismile.com\/estetika\/wp-json\/wp\/v2\/media?parent=20510"}],"curies":[{"name":"wp","href":"https:\/\/api.w.org\/{rel}","templated":true}]}}