{"id":21299,"date":"2022-12-20T15:58:26","date_gmt":"2022-12-20T15:58:26","guid":{"rendered":"https:\/\/estetika.ledismile.com\/?page_id=21299"},"modified":"2022-12-30T10:33:14","modified_gmt":"2022-12-30T10:33:14","slug":"fytyre","status":"publish","type":"page","link":"https:\/\/ledismile.com\/estetika\/fytyre\/","title":{"rendered":"Fytyr\u00eb"},"content":{"rendered":"<p>[vc_row][vc_column width=&#8221;1\/4&#8243;]<div id=\"dt-1671552355517-5b31857f-c184\" class=\"dt-custom-nav-wrapper none\" data-delay=\"0\" data-divider = \"yes\" data-link-icon-position = \"outside\" data-default-decoration = \"none\" data-hover-decoration = \"none\"><div class=\"menu-fytyre-container\"><ul id=\"menu-fytyre\" class=\"custom-sub-nav dt-custom-nav\"><li id=\"menu-item-21497\" class=\"menu-item menu-item-type-post_type menu-item-object-page menu-item-21497\"><a href=\"https:\/\/ledismile.com\/estetika\/fytyre\/acidi-hialuronik\/\" class=\"item-has-icon icon-position-left\"><i class=\"menu-item-icon\"><\/i><span>Acidi hialuronik<\/span><\/a><span class=\"divider\"><\/span><\/li>\n<li id=\"menu-item-21503\" class=\"menu-item menu-item-type-post_type menu-item-object-page menu-item-21503\"><a href=\"https:\/\/ledismile.com\/estetika\/fytyre\/trajtim-anti-rrudhe\/\" class=\"item-has-icon icon-position-left\"><i class=\"menu-item-icon\"><\/i><span>Trajtim anti-rrudh\u00eb<\/span><\/a><span class=\"divider\"><\/span><\/li>\n<li id=\"menu-item-21321\" class=\"menu-item menu-item-type-post_type menu-item-object-page menu-item-21321\"><a href=\"https:\/\/ledismile.com\/estetika\/fytyre\/acidi-hialuronik\/\" class=\"item-has-icon icon-position-left\"><i class=\"menu-item-icon\"><\/i><span>Acidi hialuronik<\/span><\/a><span class=\"divider\"><\/span><\/li>\n<li id=\"menu-item-21488\" class=\"menu-item menu-item-type-post_type menu-item-object-page menu-item-21488\"><a href=\"https:\/\/ledismile.com\/estetika\/fytyre\/dermapen-4\/\" class=\"item-has-icon icon-position-left\"><i class=\"menu-item-icon\"><\/i><span>Dermapen 4<\/span><\/a><span class=\"divider\"><\/span><\/li>\n<li id=\"menu-item-21493\" class=\"menu-item menu-item-type-post_type menu-item-object-page menu-item-21493\"><a href=\"https:\/\/ledismile.com\/estetika\/fytyre\/fraxel-co2\/\" class=\"item-has-icon icon-position-left\"><i class=\"menu-item-icon\"><\/i><span>Fraxel CO2<\/span><\/a><span class=\"divider\"><\/span><\/li>\n<li id=\"menu-item-21499\" class=\"menu-item menu-item-type-post_type menu-item-object-page menu-item-21499\"><a href=\"https:\/\/ledismile.com\/estetika\/fytyre\/peeling\/\" class=\"item-has-icon icon-position-left\"><i class=\"menu-item-icon\"><\/i><span>Peeling<\/span><\/a><span class=\"divider\"><\/span><\/li>\n<li id=\"menu-item-21496\" class=\"menu-item menu-item-type-post_type menu-item-object-page menu-item-21496\"><a href=\"https:\/\/ledismile.com\/estetika\/fytyre\/hydrafacial-2\/\" class=\"item-has-icon icon-position-left\"><i class=\"menu-item-icon\"><\/i><span>Lipolitik\u00eb<\/span><\/a><span class=\"divider\"><\/span><\/li>\n<li id=\"menu-item-21498\" class=\"menu-item menu-item-type-post_type menu-item-object-page menu-item-21498\"><a href=\"https:\/\/ledismile.com\/estetika\/fytyre\/profhilo\/\" class=\"item-has-icon icon-position-left\"><i class=\"menu-item-icon\"><\/i><span>Profhilo<\/span><\/a><span class=\"divider\"><\/span><\/li>\n<li id=\"menu-item-21489\" class=\"menu-item menu-item-type-post_type menu-item-object-page menu-item-21489\"><a href=\"https:\/\/ledismile.com\/estetika\/fytyre\/ejal-40\/\" class=\"item-has-icon icon-position-left\"><i class=\"menu-item-icon\"><\/i><span>Ejal 40<\/span><\/a><span class=\"divider\"><\/span><\/li>\n<li id=\"menu-item-21490\" class=\"menu-item menu-item-type-post_type menu-item-object-page menu-item-21490\"><a href=\"https:\/\/ledismile.com\/estetika\/fytyre\/eleminimi-i-hiperpigmentimeve\/\" class=\"item-has-icon icon-position-left\"><i class=\"menu-item-icon\"><\/i><span>Eleminim i hiperpigmentimeve<\/span><\/a><span class=\"divider\"><\/span><\/li>\n<li id=\"menu-item-21491\" class=\"menu-item menu-item-type-post_type menu-item-object-page menu-item-21491\"><a href=\"https:\/\/ledismile.com\/estetika\/fytyre\/eleminimi-i-kapilareve\/\" class=\"item-has-icon icon-position-left\"><i class=\"menu-item-icon\"><\/i><span>Eleminimi i kapilar\u00ebve<\/span><\/a><span class=\"divider\"><\/span><\/li>\n<li id=\"menu-item-21495\" class=\"menu-item menu-item-type-post_type menu-item-object-page menu-item-21495\"><a href=\"https:\/\/ledismile.com\/estetika\/fytyre\/hydrafacial\/\" class=\"item-has-icon icon-position-left\"><i class=\"menu-item-icon\"><\/i><span>Hydrafacial<\/span><\/a><span class=\"divider\"><\/span><\/li>\n<li id=\"menu-item-21494\" class=\"menu-item menu-item-type-post_type menu-item-object-page menu-item-21494\"><a href=\"https:\/\/ledismile.com\/estetika\/fytyre\/hifu-fytyre\/\" class=\"item-has-icon icon-position-left\"><i class=\"menu-item-icon\"><\/i><span>HIFU Fytyr\u00eb<\/span><\/a><span class=\"divider\"><\/span><\/li>\n<li id=\"menu-item-21492\" class=\"menu-item menu-item-type-post_type menu-item-object-page menu-item-21492\"><a href=\"https:\/\/ledismile.com\/estetika\/fytyre\/foxy-eyes\/\" class=\"item-has-icon icon-position-left\"><i class=\"menu-item-icon\"><\/i><span>Foxy Eyes<\/span><\/a><span class=\"divider\"><\/span><\/li>\n<\/ul><\/div><\/div>[\/vc_column][vc_column width=&#8221;1\/2&#8243;][vc_custom_heading text=&#8221;&#8221; font_container=&#8221;tag:h3|text_align:left&#8221; use_theme_fonts=&#8221;yes&#8221;][vc_custom_heading text=&#8221;Duke nisur q\u00eb nga trajtimet e fytyr\u00ebs p\u00ebr eleminimin e rrudhave, mbushjen e zonave me densitet t\u00eb humbur, lifting t\u00eb fytyr\u00ebs, trajtimin e akneve, eleminimi i hiperpigmentimeve, eleminimi shenjave t\u00eb dielli, eleminimi i kapilar\u00ebve,&#8221; font_container=&#8221;tag:p|text_align:left&#8221; use_theme_fonts=&#8221;yes&#8221; css=&#8221;.vc_custom_1672313616888{margin-bottom: 30px !important;}&#8221;][vc_custom_heading text=&#8221;&#8221; font_container=&#8221;tag:h6|font_size:20px|text_align:left&#8221; use_theme_fonts=&#8221;yes&#8221; css=&#8221;.vc_custom_1672313098263{margin-bottom: 30px !important;}&#8221;]Trajtimet m\u00eb efektove me teknikat dhe teknologjit\u00eb e fundit:<\/p>\n<ul class='dt-sc-fancy-list    tick' data-delay='0'>\n<li>teknika me injektim,<\/li>\n<li>teknika me ultrasound,<\/li>\n<li>teknika me lazer,<\/li>\n<li>teknika manuale.<\/li>\n<\/ul><div id=\"1561374688923-27513498-5f9a\" class=\"dt-sc-empty-space\"><\/div>[\/vc_column][vc_column width=&#8221;1\/4&#8243;][vc_single_image image=&#8221;21477&#8243; img_size=&#8221;full&#8221;][\/vc_column][\/vc_row]<\/p>\n","protected":false},"excerpt":{"rendered":"<p>[vc_row][vc_column width=&#8221;1\/4&#8243;][\/vc_column][vc_column width=&#8221;1\/2&#8243;][vc_custom_heading text=&#8221;&#8221; font_container=&#8221;tag:h3|text_align:left&#8221; use_theme_fonts=&#8221;yes&#8221;][vc_custom_heading text=&#8221;Duke nisur q\u00eb nga trajtimet e fytyr\u00ebs p\u00ebr eleminimin e rrudhave, mbushjen e zonave me densitet t\u00eb humbur, lifting t\u00eb fytyr\u00ebs, trajtimin e akneve, eleminimi i hiperpigmentimeve, eleminimi shenjave t\u00eb dielli, eleminimi i kapilar\u00ebve,&#8221; font_container=&#8221;tag:p|text_align:left&#8221; use_theme_fonts=&#8221;yes&#8221; css=&#8221;.vc_custom_1672313616888{margin-bottom: 30px !important;}&#8221;][vc_custom_heading text=&#8221;&#8221; font_container=&#8221;tag:h6|font_size:20px|text_align:left&#8221; use_theme_fonts=&#8221;yes&#8221; css=&#8221;.vc_custom_1672313098263{margin-bottom: 30px !important;}&#8221;][\/vc_column][vc_column width=&#8221;1\/4&#8243;][vc_single_image image=&#8221;21477&#8243; img_size=&#8221;full&#8221;][\/vc_column][\/vc_row]<\/p>\n","protected":false},"author":1,"featured_media":0,"parent":0,"menu_order":0,"comment_status":"closed","ping_status":"closed","template":"","meta":[],"yoast_head":"<!-- This site is optimized with the Yoast SEO plugin v20.8 - https:\/\/yoast.com\/wordpress\/plugins\/seo\/ -->\n<title>Fytyr\u00eb - Ledismile Estetike<\/title>\n<meta name=\"robots\" content=\"index, follow, max-snippet:-1, max-image-preview:large, max-video-preview:-1\" \/>\n<link rel=\"canonical\" href=\"https:\/\/ledismile.com\/estetika\/fytyre\/\" \/>\n<meta property=\"og:locale\" content=\"en_US\" \/>\n<meta property=\"og:type\" content=\"article\" \/>\n<meta property=\"og:title\" content=\"Fytyr\u00eb - Ledismile Estetike\" \/>\n<meta property=\"og:description\" content=\"[vc_row][vc_column width=&#8221;1\/4&#8243;][\/vc_column][vc_column width=&#8221;1\/2&#8243;][vc_custom_heading text=&#8221;&#8221; font_container=&#8221;tag:h3|text_align:left&#8221; use_theme_fonts=&#8221;yes&#8221;][vc_custom_heading text=&#8221;Duke nisur q\u00eb nga trajtimet e fytyr\u00ebs p\u00ebr eleminimin e rrudhave, mbushjen e zonave me densitet t\u00eb humbur, lifting t\u00eb fytyr\u00ebs, trajtimin e akneve, eleminimi i hiperpigmentimeve, eleminimi shenjave t\u00eb dielli, eleminimi i kapilar\u00ebve,&#8221; font_container=&#8221;tag:p|text_align:left&#8221; use_theme_fonts=&#8221;yes&#8221; css=&#8221;.vc_custom_1672313616888{margin-bottom: 30px !important;}&#8221;][vc_custom_heading text=&#8221;&#8221; font_container=&#8221;tag:h6|font_size:20px|text_align:left&#8221; use_theme_fonts=&#8221;yes&#8221; css=&#8221;.vc_custom_1672313098263{margin-bottom: 30px !important;}&#8221;][\/vc_column][vc_column width=&#8221;1\/4&#8243;][vc_single_image image=&#8221;21477&#8243; img_size=&#8221;full&#8221;][\/vc_column][\/vc_row]\" \/>\n<meta property=\"og:url\" content=\"https:\/\/ledismile.com\/estetika\/fytyre\/\" \/>\n<meta property=\"og:site_name\" content=\"Ledismile Estetike\" \/>\n<meta property=\"article:modified_time\" content=\"2022-12-30T10:33:14+00:00\" \/>\n<meta name=\"twitter:card\" content=\"summary_large_image\" \/>\n<meta name=\"twitter:label1\" content=\"Est. reading time\" \/>\n\t<meta name=\"twitter:data1\" content=\"1 minute\" \/>\n<script type=\"application\/ld+json\" class=\"yoast-schema-graph\">{\"@context\":\"https:\/\/schema.org\",\"@graph\":[{\"@type\":\"WebPage\",\"@id\":\"https:\/\/ledismile.com\/estetika\/fytyre\/\",\"url\":\"https:\/\/ledismile.com\/estetika\/fytyre\/\",\"name\":\"Fytyr\u00eb - Ledismile Estetike\",\"isPartOf\":{\"@id\":\"https:\/\/ledismile.com\/estetika\/#website\"},\"datePublished\":\"2022-12-20T15:58:26+00:00\",\"dateModified\":\"2022-12-30T10:33:14+00:00\",\"breadcrumb\":{\"@id\":\"https:\/\/ledismile.com\/estetika\/fytyre\/#breadcrumb\"},\"inLanguage\":\"en-US\",\"potentialAction\":[{\"@type\":\"ReadAction\",\"target\":[\"https:\/\/ledismile.com\/estetika\/fytyre\/\"]}]},{\"@type\":\"BreadcrumbList\",\"@id\":\"https:\/\/ledismile.com\/estetika\/fytyre\/#breadcrumb\",\"itemListElement\":[{\"@type\":\"ListItem\",\"position\":1,\"name\":\"Home\",\"item\":\"https:\/\/ledismile.com\/estetika\/\"},{\"@type\":\"ListItem\",\"position\":2,\"name\":\"Fytyr\u00eb\"}]},{\"@type\":\"WebSite\",\"@id\":\"https:\/\/ledismile.com\/estetika\/#website\",\"url\":\"https:\/\/ledismile.com\/estetika\/\",\"name\":\"Ledismile Estetike\",\"description\":\"E ardhmja \u00ebsht\u00eb rinore!\",\"potentialAction\":[{\"@type\":\"SearchAction\",\"target\":{\"@type\":\"EntryPoint\",\"urlTemplate\":\"https:\/\/ledismile.com\/estetika\/?s={search_term_string}\"},\"query-input\":\"required name=search_term_string\"}],\"inLanguage\":\"en-US\"}]}<\/script>\n<!-- \/ Yoast SEO plugin. -->","yoast_head_json":{"title":"Fytyr\u00eb - Ledismile Estetike","robots":{"index":"index","follow":"follow","max-snippet":"max-snippet:-1","max-image-preview":"max-image-preview:large","max-video-preview":"max-video-preview:-1"},"canonical":"https:\/\/ledismile.com\/estetika\/fytyre\/","og_locale":"en_US","og_type":"article","og_title":"Fytyr\u00eb - Ledismile Estetike","og_description":"[vc_row][vc_column width=&#8221;1\/4&#8243;][\/vc_column][vc_column width=&#8221;1\/2&#8243;][vc_custom_heading text=&#8221;&#8221; font_container=&#8221;tag:h3|text_align:left&#8221; use_theme_fonts=&#8221;yes&#8221;][vc_custom_heading text=&#8221;Duke nisur q\u00eb nga trajtimet e fytyr\u00ebs p\u00ebr eleminimin e rrudhave, mbushjen e zonave me densitet t\u00eb humbur, lifting t\u00eb fytyr\u00ebs, trajtimin e akneve, eleminimi i hiperpigmentimeve, eleminimi shenjave t\u00eb dielli, eleminimi i kapilar\u00ebve,&#8221; font_container=&#8221;tag:p|text_align:left&#8221; use_theme_fonts=&#8221;yes&#8221; css=&#8221;.vc_custom_1672313616888{margin-bottom: 30px !important;}&#8221;][vc_custom_heading text=&#8221;&#8221; font_container=&#8221;tag:h6|font_size:20px|text_align:left&#8221; use_theme_fonts=&#8221;yes&#8221; css=&#8221;.vc_custom_1672313098263{margin-bottom: 30px !important;}&#8221;][\/vc_column][vc_column width=&#8221;1\/4&#8243;][vc_single_image image=&#8221;21477&#8243; img_size=&#8221;full&#8221;][\/vc_column][\/vc_row]","og_url":"https:\/\/ledismile.com\/estetika\/fytyre\/","og_site_name":"Ledismile Estetike","article_modified_time":"2022-12-30T10:33:14+00:00","twitter_card":"summary_large_image","twitter_misc":{"Est. reading time":"1 minute"},"schema":{"@context":"https:\/\/schema.org","@graph":[{"@type":"WebPage","@id":"https:\/\/ledismile.com\/estetika\/fytyre\/","url":"https:\/\/ledismile.com\/estetika\/fytyre\/","name":"Fytyr\u00eb - Ledismile Estetike","isPartOf":{"@id":"https:\/\/ledismile.com\/estetika\/#website"},"datePublished":"2022-12-20T15:58:26+00:00","dateModified":"2022-12-30T10:33:14+00:00","breadcrumb":{"@id":"https:\/\/ledismile.com\/estetika\/fytyre\/#breadcrumb"},"inLanguage":"en-US","potentialAction":[{"@type":"ReadAction","target":["https:\/\/ledismile.com\/estetika\/fytyre\/"]}]},{"@type":"BreadcrumbList","@id":"https:\/\/ledismile.com\/estetika\/fytyre\/#breadcrumb","itemListElement":[{"@type":"ListItem","position":1,"name":"Home","item":"https:\/\/ledismile.com\/estetika\/"},{"@type":"ListItem","position":2,"name":"Fytyr\u00eb"}]},{"@type":"WebSite","@id":"https:\/\/ledismile.com\/estetika\/#website","url":"https:\/\/ledismile.com\/estetika\/","name":"Ledismile Estetike","description":"E ardhmja \u00ebsht\u00eb rinore!","potentialAction":[{"@type":"SearchAction","target":{"@type":"EntryPoint","urlTemplate":"https:\/\/ledismile.com\/estetika\/?s={search_term_string}"},"query-input":"required name=search_term_string"}],"inLanguage":"en-US"}]}},"_links":{"self":[{"href":"https:\/\/ledismile.com\/estetika\/wp-json\/wp\/v2\/pages\/21299"}],"collection":[{"href":"https:\/\/ledismile.com\/estetika\/wp-json\/wp\/v2\/pages"}],"about":[{"href":"https:\/\/ledismile.com\/estetika\/wp-json\/wp\/v2\/types\/page"}],"author":[{"embeddable":true,"href":"https:\/\/ledismile.com\/estetika\/wp-json\/wp\/v2\/users\/1"}],"replies":[{"embeddable":true,"href":"https:\/\/ledismile.com\/estetika\/wp-json\/wp\/v2\/comments?post=21299"}],"version-history":[{"count":6,"href":"https:\/\/ledismile.com\/estetika\/wp-json\/wp\/v2\/pages\/21299\/revisions"}],"predecessor-version":[{"id":21504,"href":"https:\/\/ledismile.com\/estetika\/wp-json\/wp\/v2\/pages\/21299\/revisions\/21504"}],"wp:attachment":[{"href":"https:\/\/ledismile.com\/estetika\/wp-json\/wp\/v2\/media?parent=21299"}],"curies":[{"name":"wp","href":"https:\/\/api.w.org\/{rel}","templated":true}]}}