{"id":21306,"date":"2022-12-20T16:25:28","date_gmt":"2022-12-20T16:25:28","guid":{"rendered":"https:\/\/estetika.ledismile.com\/?page_id=21306"},"modified":"2022-12-29T12:06:33","modified_gmt":"2022-12-29T12:06:33","slug":"lazer-2","status":"publish","type":"page","link":"https:\/\/ledismile.com\/estetika\/lazer-2\/","title":{"rendered":"Lazer"},"content":{"rendered":"<p>[vc_row][vc_column width=&#8221;1\/4&#8243;]<div id=\"dt-1671552355517-5b31857f-c184\" class=\"dt-custom-nav-wrapper none\" data-delay=\"0\" data-divider = \"yes\" data-link-icon-position = \"outside\" data-default-decoration = \"none\" data-hover-decoration = \"none\"><\/div>[\/vc_column][vc_column width=&#8221;1\/2&#8243;][vc_custom_heading text=&#8221;&#8221; font_container=&#8221;tag:h3|text_align:left&#8221; use_theme_fonts=&#8221;yes&#8221;][vc_custom_heading text=&#8221;N\u00eb Ledismile Estetik\u00eb nuk do t\u00eb gjeni nj\u00eb por dy lazera p\u00ebr epilimin e qimeve, duke iu p\u00ebrshtatur k\u00ebshtu \u00e7do qime dhe l\u00ebkure.<br \/>\nDermals Termiantor \u00ebsht\u00eb teknologjia angleze e epilimit me lazer. aparatura \u00ebsht\u00eb e pajisur me sistem ftoh\u00ebs dhe gjithashtu aplikohet me xhel p\u00ebr ta b\u00ebr\u00eb sa m\u00eb komode t\u00eb gjith\u00eb eksperienc\u00ebn. Dermals Terminator ka tre gjat\u00ebsi valore: Diode, Alexandrite &amp; Nd yag duke ju p\u00ebshtatur k\u00ebshtu \u00e7do l\u00ebkure.<\/p>\n<p>Cynosure Alexandrite Elite iQ \u00ebsht\u00eb teknologjia amerikane e epilimit me lazer. Cynosure \u00ebsht\u00eb i pajisur gjithashtu me sistem ftoh\u00ebs t\u00eb posa\u00e7\u00ebm, p\u00ebr nj\u00eb eksperienc\u00eb p\u00ebrve\u00e7se shum\u00eb efektive, gjitahstu dhe komode. Cynosure Elite iQ ka dy gjat\u00ebsi valore Alexandrite dhe Nd Yag, t\u00eb cialt punojn\u00eb t\u00eb pavarura nga njera tjetra. Pas nj\u00eb konsulte me specialisten sakt\u00ebsohet se cila \u00ebsht\u00eb gjat\u00ebsia e duhur valore p\u00ebr rastin.&#8221; font_container=&#8221;tag:p|text_align:left&#8221; use_theme_fonts=&#8221;yes&#8221; css=&#8221;.vc_custom_1672315589361{margin-bottom: 30px !important;}&#8221;][vc_custom_heading text=&#8221;&#8221; font_container=&#8221;tag:h6|font_size:20px|text_align:left&#8221; use_theme_fonts=&#8221;yes&#8221; css=&#8221;.vc_custom_1672315532327{margin-bottom: 30px !important;}&#8221;]<div id=\"1561374688923-27513498-5f9a\" class=\"dt-sc-empty-space\"><\/div>[\/vc_column][vc_column width=&#8221;1\/4&#8243;][vc_single_image image=&#8221;21480&#8243; img_size=&#8221;full&#8221;][\/vc_column][\/vc_row]<\/p>\n","protected":false},"excerpt":{"rendered":"<p>[vc_row][vc_column width=&#8221;1\/4&#8243;][\/vc_column][vc_column width=&#8221;1\/2&#8243;][vc_custom_heading text=&#8221;&#8221; font_container=&#8221;tag:h3|text_align:left&#8221; use_theme_fonts=&#8221;yes&#8221;][vc_custom_heading text=&#8221;N\u00eb Ledismile Estetik\u00eb nuk do t\u00eb gjeni nj\u00eb por dy lazera p\u00ebr epilimin e qimeve, duke iu p\u00ebrshtatur k\u00ebshtu \u00e7do qime dhe l\u00ebkure. Dermals Termiantor \u00ebsht\u00eb teknologjia angleze e epilimit me lazer. aparatura \u00ebsht\u00eb e pajisur me sistem ftoh\u00ebs dhe gjithashtu aplikohet me xhel p\u00ebr ta b\u00ebr\u00eb sa m\u00eb [&hellip;]<\/p>\n","protected":false},"author":1,"featured_media":0,"parent":0,"menu_order":0,"comment_status":"closed","ping_status":"closed","template":"","meta":[],"yoast_head":"<!-- This site is optimized with the Yoast SEO plugin v20.8 - https:\/\/yoast.com\/wordpress\/plugins\/seo\/ -->\n<title>Lazer - Ledismile Estetike<\/title>\n<meta name=\"robots\" content=\"index, follow, max-snippet:-1, max-image-preview:large, max-video-preview:-1\" \/>\n<link rel=\"canonical\" href=\"https:\/\/ledismile.com\/estetika\/lazer-2\/\" \/>\n<meta property=\"og:locale\" content=\"en_US\" \/>\n<meta property=\"og:type\" content=\"article\" \/>\n<meta property=\"og:title\" content=\"Lazer - Ledismile Estetike\" \/>\n<meta property=\"og:description\" content=\"[vc_row][vc_column width=&#8221;1\/4&#8243;][\/vc_column][vc_column width=&#8221;1\/2&#8243;][vc_custom_heading text=&#8221;&#8221; font_container=&#8221;tag:h3|text_align:left&#8221; use_theme_fonts=&#8221;yes&#8221;][vc_custom_heading text=&#8221;N\u00eb Ledismile Estetik\u00eb nuk do t\u00eb gjeni nj\u00eb por dy lazera p\u00ebr epilimin e qimeve, duke iu p\u00ebrshtatur k\u00ebshtu \u00e7do qime dhe l\u00ebkure. Dermals Termiantor \u00ebsht\u00eb teknologjia angleze e epilimit me lazer. aparatura \u00ebsht\u00eb e pajisur me sistem ftoh\u00ebs dhe gjithashtu aplikohet me xhel p\u00ebr ta b\u00ebr\u00eb sa m\u00eb [&hellip;]\" \/>\n<meta property=\"og:url\" content=\"https:\/\/ledismile.com\/estetika\/lazer-2\/\" \/>\n<meta property=\"og:site_name\" content=\"Ledismile Estetike\" \/>\n<meta property=\"article:modified_time\" content=\"2022-12-29T12:06:33+00:00\" \/>\n<meta name=\"twitter:card\" content=\"summary_large_image\" \/>\n<meta name=\"twitter:label1\" content=\"Est. reading time\" \/>\n\t<meta name=\"twitter:data1\" content=\"2 minutes\" \/>\n<script type=\"application\/ld+json\" class=\"yoast-schema-graph\">{\"@context\":\"https:\/\/schema.org\",\"@graph\":[{\"@type\":\"WebPage\",\"@id\":\"https:\/\/ledismile.com\/estetika\/lazer-2\/\",\"url\":\"https:\/\/ledismile.com\/estetika\/lazer-2\/\",\"name\":\"Lazer - Ledismile Estetike\",\"isPartOf\":{\"@id\":\"https:\/\/ledismile.com\/estetika\/#website\"},\"datePublished\":\"2022-12-20T16:25:28+00:00\",\"dateModified\":\"2022-12-29T12:06:33+00:00\",\"breadcrumb\":{\"@id\":\"https:\/\/ledismile.com\/estetika\/lazer-2\/#breadcrumb\"},\"inLanguage\":\"en-US\",\"potentialAction\":[{\"@type\":\"ReadAction\",\"target\":[\"https:\/\/ledismile.com\/estetika\/lazer-2\/\"]}]},{\"@type\":\"BreadcrumbList\",\"@id\":\"https:\/\/ledismile.com\/estetika\/lazer-2\/#breadcrumb\",\"itemListElement\":[{\"@type\":\"ListItem\",\"position\":1,\"name\":\"Home\",\"item\":\"https:\/\/ledismile.com\/estetika\/\"},{\"@type\":\"ListItem\",\"position\":2,\"name\":\"Lazer\"}]},{\"@type\":\"WebSite\",\"@id\":\"https:\/\/ledismile.com\/estetika\/#website\",\"url\":\"https:\/\/ledismile.com\/estetika\/\",\"name\":\"Ledismile Estetike\",\"description\":\"E ardhmja \u00ebsht\u00eb rinore!\",\"potentialAction\":[{\"@type\":\"SearchAction\",\"target\":{\"@type\":\"EntryPoint\",\"urlTemplate\":\"https:\/\/ledismile.com\/estetika\/?s={search_term_string}\"},\"query-input\":\"required name=search_term_string\"}],\"inLanguage\":\"en-US\"}]}<\/script>\n<!-- \/ Yoast SEO plugin. -->","yoast_head_json":{"title":"Lazer - Ledismile Estetike","robots":{"index":"index","follow":"follow","max-snippet":"max-snippet:-1","max-image-preview":"max-image-preview:large","max-video-preview":"max-video-preview:-1"},"canonical":"https:\/\/ledismile.com\/estetika\/lazer-2\/","og_locale":"en_US","og_type":"article","og_title":"Lazer - Ledismile Estetike","og_description":"[vc_row][vc_column width=&#8221;1\/4&#8243;][\/vc_column][vc_column width=&#8221;1\/2&#8243;][vc_custom_heading text=&#8221;&#8221; font_container=&#8221;tag:h3|text_align:left&#8221; use_theme_fonts=&#8221;yes&#8221;][vc_custom_heading text=&#8221;N\u00eb Ledismile Estetik\u00eb nuk do t\u00eb gjeni nj\u00eb por dy lazera p\u00ebr epilimin e qimeve, duke iu p\u00ebrshtatur k\u00ebshtu \u00e7do qime dhe l\u00ebkure. Dermals Termiantor \u00ebsht\u00eb teknologjia angleze e epilimit me lazer. aparatura \u00ebsht\u00eb e pajisur me sistem ftoh\u00ebs dhe gjithashtu aplikohet me xhel p\u00ebr ta b\u00ebr\u00eb sa m\u00eb [&hellip;]","og_url":"https:\/\/ledismile.com\/estetika\/lazer-2\/","og_site_name":"Ledismile Estetike","article_modified_time":"2022-12-29T12:06:33+00:00","twitter_card":"summary_large_image","twitter_misc":{"Est. reading time":"2 minutes"},"schema":{"@context":"https:\/\/schema.org","@graph":[{"@type":"WebPage","@id":"https:\/\/ledismile.com\/estetika\/lazer-2\/","url":"https:\/\/ledismile.com\/estetika\/lazer-2\/","name":"Lazer - Ledismile Estetike","isPartOf":{"@id":"https:\/\/ledismile.com\/estetika\/#website"},"datePublished":"2022-12-20T16:25:28+00:00","dateModified":"2022-12-29T12:06:33+00:00","breadcrumb":{"@id":"https:\/\/ledismile.com\/estetika\/lazer-2\/#breadcrumb"},"inLanguage":"en-US","potentialAction":[{"@type":"ReadAction","target":["https:\/\/ledismile.com\/estetika\/lazer-2\/"]}]},{"@type":"BreadcrumbList","@id":"https:\/\/ledismile.com\/estetika\/lazer-2\/#breadcrumb","itemListElement":[{"@type":"ListItem","position":1,"name":"Home","item":"https:\/\/ledismile.com\/estetika\/"},{"@type":"ListItem","position":2,"name":"Lazer"}]},{"@type":"WebSite","@id":"https:\/\/ledismile.com\/estetika\/#website","url":"https:\/\/ledismile.com\/estetika\/","name":"Ledismile Estetike","description":"E ardhmja \u00ebsht\u00eb rinore!","potentialAction":[{"@type":"SearchAction","target":{"@type":"EntryPoint","urlTemplate":"https:\/\/ledismile.com\/estetika\/?s={search_term_string}"},"query-input":"required name=search_term_string"}],"inLanguage":"en-US"}]}},"_links":{"self":[{"href":"https:\/\/ledismile.com\/estetika\/wp-json\/wp\/v2\/pages\/21306"}],"collection":[{"href":"https:\/\/ledismile.com\/estetika\/wp-json\/wp\/v2\/pages"}],"about":[{"href":"https:\/\/ledismile.com\/estetika\/wp-json\/wp\/v2\/types\/page"}],"author":[{"embeddable":true,"href":"https:\/\/ledismile.com\/estetika\/wp-json\/wp\/v2\/users\/1"}],"replies":[{"embeddable":true,"href":"https:\/\/ledismile.com\/estetika\/wp-json\/wp\/v2\/comments?post=21306"}],"version-history":[{"count":4,"href":"https:\/\/ledismile.com\/estetika\/wp-json\/wp\/v2\/pages\/21306\/revisions"}],"predecessor-version":[{"id":21483,"href":"https:\/\/ledismile.com\/estetika\/wp-json\/wp\/v2\/pages\/21306\/revisions\/21483"}],"wp:attachment":[{"href":"https:\/\/ledismile.com\/estetika\/wp-json\/wp\/v2\/media?parent=21306"}],"curies":[{"name":"wp","href":"https:\/\/api.w.org\/{rel}","templated":true}]}}