{"id":21319,"date":"2022-12-21T14:12:29","date_gmt":"2022-12-21T14:12:29","guid":{"rendered":"https:\/\/estetika.ledismile.com\/?page_id=21319"},"modified":"2022-12-30T10:37:00","modified_gmt":"2022-12-30T10:37:00","slug":"acidi-hialuronik","status":"publish","type":"page","link":"https:\/\/ledismile.com\/estetika\/fytyre\/acidi-hialuronik\/","title":{"rendered":"Acidi hialuronik"},"content":{"rendered":"<p>[vc_row][vc_column width=&#8221;4\/12&#8243;]<div id=\"dt-1671631794439-4f9463ba-95b1\" class=\"dt-custom-nav-wrapper none\" data-delay=\"0\" data-divider = \"yes\" data-link-icon-position = \"outside\" data-default-decoration = \"none\" data-hover-decoration = \"none\"><div class=\"menu-fytyre-container\"><ul id=\"menu-fytyre\" class=\"custom-sub-nav dt-custom-nav\"><li id=\"menu-item-21497\" class=\"menu-item menu-item-type-post_type menu-item-object-page menu-item-21497\"><a href=\"https:\/\/ledismile.com\/estetika\/fytyre\/acidi-hialuronik\/\" class=\"item-has-icon icon-position-left\"><i class=\"menu-item-icon\"><\/i><span>Acidi hialuronik<\/span><\/a><span class=\"divider\"><\/span><\/li>\n<li id=\"menu-item-21503\" class=\"menu-item menu-item-type-post_type menu-item-object-page menu-item-21503\"><a href=\"https:\/\/ledismile.com\/estetika\/fytyre\/trajtim-anti-rrudhe\/\" class=\"item-has-icon icon-position-left\"><i class=\"menu-item-icon\"><\/i><span>Trajtim anti-rrudh\u00eb<\/span><\/a><span class=\"divider\"><\/span><\/li>\n<li id=\"menu-item-21321\" class=\"menu-item menu-item-type-post_type menu-item-object-page menu-item-21321\"><a href=\"https:\/\/ledismile.com\/estetika\/fytyre\/acidi-hialuronik\/\" class=\"item-has-icon icon-position-left\"><i class=\"menu-item-icon\"><\/i><span>Acidi hialuronik<\/span><\/a><span class=\"divider\"><\/span><\/li>\n<li id=\"menu-item-21488\" class=\"menu-item menu-item-type-post_type menu-item-object-page menu-item-21488\"><a href=\"https:\/\/ledismile.com\/estetika\/fytyre\/dermapen-4\/\" class=\"item-has-icon icon-position-left\"><i class=\"menu-item-icon\"><\/i><span>Dermapen 4<\/span><\/a><span class=\"divider\"><\/span><\/li>\n<li id=\"menu-item-21493\" class=\"menu-item menu-item-type-post_type menu-item-object-page menu-item-21493\"><a href=\"https:\/\/ledismile.com\/estetika\/fytyre\/fraxel-co2\/\" class=\"item-has-icon icon-position-left\"><i class=\"menu-item-icon\"><\/i><span>Fraxel CO2<\/span><\/a><span class=\"divider\"><\/span><\/li>\n<li id=\"menu-item-21499\" class=\"menu-item menu-item-type-post_type menu-item-object-page menu-item-21499\"><a href=\"https:\/\/ledismile.com\/estetika\/fytyre\/peeling\/\" class=\"item-has-icon icon-position-left\"><i class=\"menu-item-icon\"><\/i><span>Peeling<\/span><\/a><span class=\"divider\"><\/span><\/li>\n<li id=\"menu-item-21496\" class=\"menu-item menu-item-type-post_type menu-item-object-page menu-item-21496\"><a href=\"https:\/\/ledismile.com\/estetika\/fytyre\/hydrafacial-2\/\" class=\"item-has-icon icon-position-left\"><i class=\"menu-item-icon\"><\/i><span>Lipolitik\u00eb<\/span><\/a><span class=\"divider\"><\/span><\/li>\n<li id=\"menu-item-21498\" class=\"menu-item menu-item-type-post_type menu-item-object-page menu-item-21498\"><a href=\"https:\/\/ledismile.com\/estetika\/fytyre\/profhilo\/\" class=\"item-has-icon icon-position-left\"><i class=\"menu-item-icon\"><\/i><span>Profhilo<\/span><\/a><span class=\"divider\"><\/span><\/li>\n<li id=\"menu-item-21489\" class=\"menu-item menu-item-type-post_type menu-item-object-page menu-item-21489\"><a href=\"https:\/\/ledismile.com\/estetika\/fytyre\/ejal-40\/\" class=\"item-has-icon icon-position-left\"><i class=\"menu-item-icon\"><\/i><span>Ejal 40<\/span><\/a><span class=\"divider\"><\/span><\/li>\n<li id=\"menu-item-21490\" class=\"menu-item menu-item-type-post_type menu-item-object-page menu-item-21490\"><a href=\"https:\/\/ledismile.com\/estetika\/fytyre\/eleminimi-i-hiperpigmentimeve\/\" class=\"item-has-icon icon-position-left\"><i class=\"menu-item-icon\"><\/i><span>Eleminim i hiperpigmentimeve<\/span><\/a><span class=\"divider\"><\/span><\/li>\n<li id=\"menu-item-21491\" class=\"menu-item menu-item-type-post_type menu-item-object-page menu-item-21491\"><a href=\"https:\/\/ledismile.com\/estetika\/fytyre\/eleminimi-i-kapilareve\/\" class=\"item-has-icon icon-position-left\"><i class=\"menu-item-icon\"><\/i><span>Eleminimi i kapilar\u00ebve<\/span><\/a><span class=\"divider\"><\/span><\/li>\n<li id=\"menu-item-21495\" class=\"menu-item menu-item-type-post_type menu-item-object-page menu-item-21495\"><a href=\"https:\/\/ledismile.com\/estetika\/fytyre\/hydrafacial\/\" class=\"item-has-icon icon-position-left\"><i class=\"menu-item-icon\"><\/i><span>Hydrafacial<\/span><\/a><span class=\"divider\"><\/span><\/li>\n<li id=\"menu-item-21494\" class=\"menu-item menu-item-type-post_type menu-item-object-page menu-item-21494\"><a href=\"https:\/\/ledismile.com\/estetika\/fytyre\/hifu-fytyre\/\" class=\"item-has-icon icon-position-left\"><i class=\"menu-item-icon\"><\/i><span>HIFU Fytyr\u00eb<\/span><\/a><span class=\"divider\"><\/span><\/li>\n<li id=\"menu-item-21492\" class=\"menu-item menu-item-type-post_type menu-item-object-page menu-item-21492\"><a href=\"https:\/\/ledismile.com\/estetika\/fytyre\/foxy-eyes\/\" class=\"item-has-icon icon-position-left\"><i class=\"menu-item-icon\"><\/i><span>Foxy Eyes<\/span><\/a><span class=\"divider\"><\/span><\/li>\n<\/ul><\/div><\/div>[\/vc_column][vc_column width=&#8221;5\/12&#8243;][vc_column_text]Mbush\u00ebsit kozmetik kan\u00eb p\u00ebrb\u00ebrje acidin hialuronik. \u00cbsht\u00eb substanca e krijuar p\u00ebr t&#8217;u injektuar n\u00ebn sip\u00ebrfaqen e l\u00ebkur\u00ebs p\u00ebr t\u00eb shtuar volumin dhe plot\u00ebsin\u00eb. Acidi hialuronik ose ndryshe filler p\u00ebrdoren gjithashtu edhe p\u00ebr lifting.<br \/>\nZonat ku acidi hialuronik p\u00ebrdoret:<br \/>\n&#8211; mbushjen e buz\u00ebve,<br \/>\n&#8211; mbushjen e vijave nazolabiale,<br \/>\n&#8211; rimodleimin e moll\u00ebzave,<br \/>\n&#8211; rimodelimin e hund\u00ebs,<br \/>\n&#8211; mbushjen e rrath\u00ebve t\u00eb zinj posht\u00eb syve,<\/p>\n<p>&#8211; mbushjen e rrudhave,<br \/>\n&#8211; rikonturim nofulle,<br \/>\n&#8211; rimodelim mjekrre.<br \/>\nGjithashtu p\u00ebrdoret dhe n\u00eb mbushjen e zonave t\u00eb ndryshme n\u00eb trup p\u00ebr shembull, rimodelimin e vitheve etj.[\/vc_column_text][\/vc_column][vc_column width=&#8221;3\/12&#8243;][vc_column_text]<img decoding=\"async\" loading=\"lazy\" class=\"alignleft wp-image-21239\" src=\"https:\/\/estetika.ledismile.com\/wp-content\/uploads\/2022\/12\/web-1-225x300.jpg\" alt=\"\" width=\"263\" height=\"351\" srcset=\"https:\/\/ledismile.com\/estetika\/wp-content\/uploads\/2022\/12\/web-1-225x300.jpg 225w, https:\/\/ledismile.com\/estetika\/wp-content\/uploads\/2022\/12\/web-1-540x720.jpg 540w, https:\/\/ledismile.com\/estetika\/wp-content\/uploads\/2022\/12\/web-1.jpg 600w\" sizes=\"(max-width: 263px) 100vw, 263px\" \/>[\/vc_column_text][\/vc_column][\/vc_row]<\/p>\n","protected":false},"excerpt":{"rendered":"<p>[vc_row][vc_column width=&#8221;4\/12&#8243;][\/vc_column][vc_column width=&#8221;5\/12&#8243;][vc_column_text]Mbush\u00ebsit kozmetik kan\u00eb p\u00ebrb\u00ebrje acidin hialuronik. \u00cbsht\u00eb substanca e krijuar p\u00ebr t&#8217;u injektuar n\u00ebn sip\u00ebrfaqen e l\u00ebkur\u00ebs p\u00ebr t\u00eb shtuar volumin dhe plot\u00ebsin\u00eb. Acidi hialuronik ose ndryshe filler p\u00ebrdoren gjithashtu edhe p\u00ebr lifting. Zonat ku acidi hialuronik p\u00ebrdoret: &#8211; mbushjen e buz\u00ebve, &#8211; mbushjen e vijave nazolabiale, &#8211; rimodleimin e moll\u00ebzave, &#8211; rimodelimin [&hellip;]<\/p>\n","protected":false},"author":1,"featured_media":0,"parent":21299,"menu_order":0,"comment_status":"closed","ping_status":"closed","template":"","meta":[],"yoast_head":"<!-- This site is optimized with the Yoast SEO plugin v20.8 - https:\/\/yoast.com\/wordpress\/plugins\/seo\/ -->\n<title>Acidi hialuronik - Ledismile Estetike<\/title>\n<meta name=\"robots\" content=\"index, follow, max-snippet:-1, max-image-preview:large, max-video-preview:-1\" \/>\n<link rel=\"canonical\" href=\"https:\/\/ledismile.com\/estetika\/fytyre\/acidi-hialuronik\/\" \/>\n<meta property=\"og:locale\" content=\"en_US\" \/>\n<meta property=\"og:type\" content=\"article\" \/>\n<meta property=\"og:title\" content=\"Acidi hialuronik - Ledismile Estetike\" \/>\n<meta property=\"og:description\" content=\"[vc_row][vc_column width=&#8221;4\/12&#8243;][\/vc_column][vc_column width=&#8221;5\/12&#8243;][vc_column_text]Mbush\u00ebsit kozmetik kan\u00eb p\u00ebrb\u00ebrje acidin hialuronik. \u00cbsht\u00eb substanca e krijuar p\u00ebr t&#8217;u injektuar n\u00ebn sip\u00ebrfaqen e l\u00ebkur\u00ebs p\u00ebr t\u00eb shtuar volumin dhe plot\u00ebsin\u00eb. Acidi hialuronik ose ndryshe filler p\u00ebrdoren gjithashtu edhe p\u00ebr lifting. Zonat ku acidi hialuronik p\u00ebrdoret: &#8211; mbushjen e buz\u00ebve, &#8211; mbushjen e vijave nazolabiale, &#8211; rimodleimin e moll\u00ebzave, &#8211; rimodelimin [&hellip;]\" \/>\n<meta property=\"og:url\" content=\"https:\/\/ledismile.com\/estetika\/fytyre\/acidi-hialuronik\/\" \/>\n<meta property=\"og:site_name\" content=\"Ledismile Estetike\" \/>\n<meta property=\"article:modified_time\" content=\"2022-12-30T10:37:00+00:00\" \/>\n<meta property=\"og:image\" content=\"https:\/\/estetika.ledismile.com\/wp-content\/uploads\/2022\/12\/web-1-225x300.jpg\" \/>\n<meta name=\"twitter:card\" content=\"summary_large_image\" \/>\n<meta name=\"twitter:label1\" content=\"Est. reading time\" \/>\n\t<meta name=\"twitter:data1\" content=\"1 minute\" \/>\n<script type=\"application\/ld+json\" class=\"yoast-schema-graph\">{\"@context\":\"https:\/\/schema.org\",\"@graph\":[{\"@type\":\"WebPage\",\"@id\":\"https:\/\/ledismile.com\/estetika\/fytyre\/acidi-hialuronik\/\",\"url\":\"https:\/\/ledismile.com\/estetika\/fytyre\/acidi-hialuronik\/\",\"name\":\"Acidi hialuronik - Ledismile Estetike\",\"isPartOf\":{\"@id\":\"https:\/\/ledismile.com\/estetika\/#website\"},\"datePublished\":\"2022-12-21T14:12:29+00:00\",\"dateModified\":\"2022-12-30T10:37:00+00:00\",\"breadcrumb\":{\"@id\":\"https:\/\/ledismile.com\/estetika\/fytyre\/acidi-hialuronik\/#breadcrumb\"},\"inLanguage\":\"en-US\",\"potentialAction\":[{\"@type\":\"ReadAction\",\"target\":[\"https:\/\/ledismile.com\/estetika\/fytyre\/acidi-hialuronik\/\"]}]},{\"@type\":\"BreadcrumbList\",\"@id\":\"https:\/\/ledismile.com\/estetika\/fytyre\/acidi-hialuronik\/#breadcrumb\",\"itemListElement\":[{\"@type\":\"ListItem\",\"position\":1,\"name\":\"Home\",\"item\":\"https:\/\/ledismile.com\/estetika\/\"},{\"@type\":\"ListItem\",\"position\":2,\"name\":\"Fytyr\u00eb\",\"item\":\"https:\/\/ledismile.com\/estetika\/fytyre\/\"},{\"@type\":\"ListItem\",\"position\":3,\"name\":\"Acidi hialuronik\"}]},{\"@type\":\"WebSite\",\"@id\":\"https:\/\/ledismile.com\/estetika\/#website\",\"url\":\"https:\/\/ledismile.com\/estetika\/\",\"name\":\"Ledismile Estetike\",\"description\":\"E ardhmja \u00ebsht\u00eb rinore!\",\"potentialAction\":[{\"@type\":\"SearchAction\",\"target\":{\"@type\":\"EntryPoint\",\"urlTemplate\":\"https:\/\/ledismile.com\/estetika\/?s={search_term_string}\"},\"query-input\":\"required name=search_term_string\"}],\"inLanguage\":\"en-US\"}]}<\/script>\n<!-- \/ Yoast SEO plugin. -->","yoast_head_json":{"title":"Acidi hialuronik - Ledismile Estetike","robots":{"index":"index","follow":"follow","max-snippet":"max-snippet:-1","max-image-preview":"max-image-preview:large","max-video-preview":"max-video-preview:-1"},"canonical":"https:\/\/ledismile.com\/estetika\/fytyre\/acidi-hialuronik\/","og_locale":"en_US","og_type":"article","og_title":"Acidi hialuronik - Ledismile Estetike","og_description":"[vc_row][vc_column width=&#8221;4\/12&#8243;][\/vc_column][vc_column width=&#8221;5\/12&#8243;][vc_column_text]Mbush\u00ebsit kozmetik kan\u00eb p\u00ebrb\u00ebrje acidin hialuronik. \u00cbsht\u00eb substanca e krijuar p\u00ebr t&#8217;u injektuar n\u00ebn sip\u00ebrfaqen e l\u00ebkur\u00ebs p\u00ebr t\u00eb shtuar volumin dhe plot\u00ebsin\u00eb. Acidi hialuronik ose ndryshe filler p\u00ebrdoren gjithashtu edhe p\u00ebr lifting. Zonat ku acidi hialuronik p\u00ebrdoret: &#8211; mbushjen e buz\u00ebve, &#8211; mbushjen e vijave nazolabiale, &#8211; rimodleimin e moll\u00ebzave, &#8211; rimodelimin [&hellip;]","og_url":"https:\/\/ledismile.com\/estetika\/fytyre\/acidi-hialuronik\/","og_site_name":"Ledismile Estetike","article_modified_time":"2022-12-30T10:37:00+00:00","og_image":[{"url":"https:\/\/estetika.ledismile.com\/wp-content\/uploads\/2022\/12\/web-1-225x300.jpg"}],"twitter_card":"summary_large_image","twitter_misc":{"Est. reading time":"1 minute"},"schema":{"@context":"https:\/\/schema.org","@graph":[{"@type":"WebPage","@id":"https:\/\/ledismile.com\/estetika\/fytyre\/acidi-hialuronik\/","url":"https:\/\/ledismile.com\/estetika\/fytyre\/acidi-hialuronik\/","name":"Acidi hialuronik - Ledismile Estetike","isPartOf":{"@id":"https:\/\/ledismile.com\/estetika\/#website"},"datePublished":"2022-12-21T14:12:29+00:00","dateModified":"2022-12-30T10:37:00+00:00","breadcrumb":{"@id":"https:\/\/ledismile.com\/estetika\/fytyre\/acidi-hialuronik\/#breadcrumb"},"inLanguage":"en-US","potentialAction":[{"@type":"ReadAction","target":["https:\/\/ledismile.com\/estetika\/fytyre\/acidi-hialuronik\/"]}]},{"@type":"BreadcrumbList","@id":"https:\/\/ledismile.com\/estetika\/fytyre\/acidi-hialuronik\/#breadcrumb","itemListElement":[{"@type":"ListItem","position":1,"name":"Home","item":"https:\/\/ledismile.com\/estetika\/"},{"@type":"ListItem","position":2,"name":"Fytyr\u00eb","item":"https:\/\/ledismile.com\/estetika\/fytyre\/"},{"@type":"ListItem","position":3,"name":"Acidi hialuronik"}]},{"@type":"WebSite","@id":"https:\/\/ledismile.com\/estetika\/#website","url":"https:\/\/ledismile.com\/estetika\/","name":"Ledismile Estetike","description":"E ardhmja \u00ebsht\u00eb rinore!","potentialAction":[{"@type":"SearchAction","target":{"@type":"EntryPoint","urlTemplate":"https:\/\/ledismile.com\/estetika\/?s={search_term_string}"},"query-input":"required name=search_term_string"}],"inLanguage":"en-US"}]}},"_links":{"self":[{"href":"https:\/\/ledismile.com\/estetika\/wp-json\/wp\/v2\/pages\/21319"}],"collection":[{"href":"https:\/\/ledismile.com\/estetika\/wp-json\/wp\/v2\/pages"}],"about":[{"href":"https:\/\/ledismile.com\/estetika\/wp-json\/wp\/v2\/types\/page"}],"author":[{"embeddable":true,"href":"https:\/\/ledismile.com\/estetika\/wp-json\/wp\/v2\/users\/1"}],"replies":[{"embeddable":true,"href":"https:\/\/ledismile.com\/estetika\/wp-json\/wp\/v2\/comments?post=21319"}],"version-history":[{"count":5,"href":"https:\/\/ledismile.com\/estetika\/wp-json\/wp\/v2\/pages\/21319\/revisions"}],"predecessor-version":[{"id":21505,"href":"https:\/\/ledismile.com\/estetika\/wp-json\/wp\/v2\/pages\/21319\/revisions\/21505"}],"up":[{"embeddable":true,"href":"https:\/\/ledismile.com\/estetika\/wp-json\/wp\/v2\/pages\/21299"}],"wp:attachment":[{"href":"https:\/\/ledismile.com\/estetika\/wp-json\/wp\/v2\/media?parent=21319"}],"curies":[{"name":"wp","href":"https:\/\/api.w.org\/{rel}","templated":true}]}}