{"id":21335,"date":"2022-12-21T14:59:57","date_gmt":"2022-12-21T14:59:57","guid":{"rendered":"https:\/\/estetika.ledismile.com\/?page_id=21335"},"modified":"2022-12-21T14:59:57","modified_gmt":"2022-12-21T14:59:57","slug":"hifu-body","status":"publish","type":"page","link":"https:\/\/ledismile.com\/estetika\/trup\/hifu-body\/","title":{"rendered":"HIFU Body"},"content":{"rendered":"<p>[vc_row][vc_column width=&#8221;4\/12&#8243;]<div id=\"dt-1671631794439-4f9463ba-95b1\" class=\"dt-custom-nav-wrapper none\" data-delay=\"0\" data-divider = \"yes\" data-link-icon-position = \"outside\" data-default-decoration = \"none\" data-hover-decoration = \"none\"><div class=\"menu-trupi-container\"><ul id=\"menu-trupi\" class=\"custom-sub-nav dt-custom-nav\"><li id=\"menu-item-21516\" class=\"menu-item menu-item-type-post_type menu-item-object-page menu-item-21516\"><a href=\"https:\/\/ledismile.com\/estetika\/trup\/alidya\/\" class=\"item-has-icon icon-position-left\"><i class=\"menu-item-icon\"><\/i><span>Alidya<\/span><\/a><span class=\"divider\"><\/span><\/li>\n<li id=\"menu-item-21517\" class=\"menu-item menu-item-type-post_type menu-item-object-page menu-item-21517\"><a href=\"https:\/\/ledismile.com\/estetika\/trup\/cryolipolysis\/\" class=\"item-has-icon icon-position-left\"><i class=\"menu-item-icon\"><\/i><span>Cryolipolysis<\/span><\/a><span class=\"divider\"><\/span><\/li>\n<li id=\"menu-item-21518\" class=\"menu-item menu-item-type-post_type menu-item-object-page menu-item-21518\"><a href=\"https:\/\/ledismile.com\/estetika\/trup\/eleminimi-i-hiperpigmentimeve\/\" class=\"item-has-icon icon-position-left\"><i class=\"menu-item-icon\"><\/i><span>Eleminimi i hiperpigmentimeve<\/span><\/a><span class=\"divider\"><\/span><\/li>\n<li id=\"menu-item-21519\" class=\"menu-item menu-item-type-post_type menu-item-object-page menu-item-21519\"><a href=\"https:\/\/ledismile.com\/estetika\/trup\/eleminimi-i-kapilareve\/\" class=\"item-has-icon icon-position-left\"><i class=\"menu-item-icon\"><\/i><span>Eleminimi i kapilar\u00ebve<\/span><\/a><span class=\"divider\"><\/span><\/li>\n<li id=\"menu-item-21520\" class=\"menu-item menu-item-type-post_type menu-item-object-page menu-item-21520\"><a href=\"https:\/\/ledismile.com\/estetika\/trup\/eleminimi-i-mykut-ne-thua\/\" class=\"item-has-icon icon-position-left\"><i class=\"menu-item-icon\"><\/i><span>Eleminimi i mykut n\u00eb thua<\/span><\/a><span class=\"divider\"><\/span><\/li>\n<li id=\"menu-item-21521\" class=\"menu-item menu-item-type-post_type menu-item-object-page menu-item-21521\"><a href=\"https:\/\/ledismile.com\/estetika\/trup\/em-shape\/\" class=\"item-has-icon icon-position-left\"><i class=\"menu-item-icon\"><\/i><span>Em-Shape<\/span><\/a><span class=\"divider\"><\/span><\/li>\n<li id=\"menu-item-21526\" class=\"menu-item menu-item-type-post_type menu-item-object-page menu-item-21526\"><a href=\"https:\/\/ledismile.com\/estetika\/trup\/vaginal-hifu\/\" class=\"item-has-icon icon-position-left\"><i class=\"menu-item-icon\"><\/i><span>Vaginal HIFU<\/span><\/a><span class=\"divider\"><\/span><\/li>\n<li id=\"menu-item-21522\" class=\"menu-item menu-item-type-post_type menu-item-object-page menu-item-21522\"><a href=\"https:\/\/ledismile.com\/estetika\/trup\/fizioterapi\/\" class=\"item-has-icon icon-position-left\"><i class=\"menu-item-icon\"><\/i><span>Fizioterapi<\/span><\/a><span class=\"divider\"><\/span><\/li>\n<li id=\"menu-item-21523\" class=\"menu-item menu-item-type-post_type menu-item-object-page menu-item-21523\"><a href=\"https:\/\/ledismile.com\/estetika\/trup\/hifu-body\/\" class=\"item-has-icon icon-position-left\"><i class=\"menu-item-icon\"><\/i><span>HIFU Body<\/span><\/a><span class=\"divider\"><\/span><\/li>\n<li id=\"menu-item-21524\" class=\"menu-item menu-item-type-post_type menu-item-object-page menu-item-21524\"><a href=\"https:\/\/ledismile.com\/estetika\/trup\/masazh-relaksi\/\" class=\"item-has-icon icon-position-left\"><i class=\"menu-item-icon\"><\/i><span>Masazh relaksi<\/span><\/a><span class=\"divider\"><\/span><\/li>\n<li id=\"menu-item-21525\" class=\"menu-item menu-item-type-post_type menu-item-object-page menu-item-21525\"><a href=\"https:\/\/ledismile.com\/estetika\/trup\/shkrirje-dhjami\/\" class=\"item-has-icon icon-position-left\"><i class=\"menu-item-icon\"><\/i><span>Shkrirje Dhjami<\/span><\/a><span class=\"divider\"><\/span><\/li>\n<li id=\"menu-item-21529\" class=\"menu-item menu-item-type-post_type menu-item-object-page menu-item-21529\"><a href=\"https:\/\/ledismile.com\/estetika\/trup\/cavitation-ultrasound\/\" class=\"item-has-icon icon-position-left\"><i class=\"menu-item-icon\"><\/i><span>Cavitation Ultrasound<\/span><\/a><span class=\"divider\"><\/span><\/li>\n<\/ul><\/div><\/div>[\/vc_column][vc_column width=&#8221;5\/12&#8243;][vc_column_text]Me an\u00eb t\u00eb ultrasound me intensitet t\u00eb lart\u00eb t\u00eb fokusuar, rrit elasticitetin dhe tendos l\u00ebkur\u00eb.<br \/>\nGjat\u00eb nj\u00eb trajtimi, ultrasoun i fokusuar me intensitet t\u00eb lart\u00eb synon qelizat yndyrore, ku nxeht\u00ebsia kalon n\u00ebp\u00ebr l\u00ebkur\u00eb.<br \/>\nBody HIFU kalon mbi sip\u00ebrfaqen e l\u00ebkur\u00ebs dhe stimulon qelizat e p\u00ebrdorura p\u00ebr prodhimin e kolagjenit dhe p\u00ebrt\u00ebritje t\u00eb indeve. Shtresat e l\u00ebkur\u00ebs reagojn\u00eb ndaj k\u00ebtij trajtimi duke \u2018riparuar\u2019 vetveten duke b\u00ebr\u00eb lifting dhe duke tendosur zon\u00ebn e trajtuar.[\/vc_column_text][\/vc_column][vc_column width=&#8221;3\/12&#8243;][vc_single_image image=&#8221;21283&#8243; img_size=&#8221;full&#8221; el_class=&#8221;custom-img-border&#8221;][\/vc_column][\/vc_row][vc_row][vc_column]<div id=\"1561972688986-db13d32a-503a\" class=\"dt-sc-empty-space\"><\/div>[\/vc_column][\/vc_row][vc_row css=&#8221;.vc_custom_1560941677892{margin-top: 20px !important;margin-right: 1px !important;margin-left: 1px !important;padding-top: 60px !important;padding-right: 4.5% !important;padding-bottom: 70px !important;padding-left: 4.5% !important;background-color: #f4f4f4 !important;}&#8221;][vc_column][vc_custom_heading text=&#8221;Pyetje \/ P\u00ebrgjigje&#8221; font_container=&#8221;tag:h3|text_align:left&#8221; use_theme_fonts=&#8221;yes&#8221;]<div class='dt-sc-toggle-frame-set type2  alignright' data-delay='0'><h5 class='dt-sc-toggle-accordion '><a href='#'>&#8221;Si<\/a><\/h5><div class=\"dt-sc-toggle-content\" style=\"display: none;\"><div class=\"block\">Body HIFU funksionon me 60 \u2013 70 grad\u00eb nxeht\u00ebsi n\u00eb zonat dhjamore n\u00eb trup q\u00eb jan\u00eb t\u00eb v\u00ebshtira p\u00ebr t&#8217;u zhvendosur. K\u00ebto mund t\u00eb p\u00ebrfshijn\u00eb barkun, kofsh\u00ebt, t\u00eb pasmet, krah\u00ebt dhe shpin\u00ebn.<\/p>\n<p>Trajtimi HIFU Body do t\u00eb shp\u00ebrndaj\u00eb qelizat yndyrore dhe do t&#8217;i eliminoj\u00eb ato duke i nxjerr 137 jasht\u00eb organizmit me m\u00ebnyra t\u00eb tjera.<\/div><\/div><h5 class='dt-sc-toggle-accordion '><a href='#'>&#8221;A<\/a><\/h5><div class=\"dt-sc-toggle-content\" style=\"display: none;\"><div class=\"block\">[vc_column_text]P\u00ebrgjigja 2[\/vc_column_text]Po, trajtimet Body HIFU jan\u00eb t\u00eb sigurta, ve\u00e7an\u00ebrisht kur b\u00ebhen nga nj\u00eb profesionist i trajnuar. N\u00eb Ledismile Estetik\u00eb, t\u00eb gjith\u00eb specialistet jan\u00eb shum\u00eb t\u00eb trajnuar. Ne ndjekim gjithashtu procedurat m\u00eb rigoroze p\u00ebr t&#8217;u siguruar q\u00eb t\u00eb p\u00ebrfundojm\u00eb t\u00eb gjitha trajtimet n\u00eb m\u00ebnyr\u00eb t\u00eb sigurt.<\/div><\/div><h5 class='dt-sc-toggle-accordion '><a href='#'>&#8221;\u00cbsht\u00eb<\/a><\/h5><div class=\"dt-sc-toggle-content\" style=\"display: none;\"><div class=\"block\">[vc_column_text]Gjat\u00eb pro\u00e7edur\u00ebs pacient\u00ebt mund t\u00eb p\u00ebrjetojn\u00eb nj\u00eb ndjesi shpimi ose nxeht\u00ebsie e durueshme por q\u00eb mund t\u00eb jet\u00eb disi e pak\u00ebndshme. Shkalla e ndjeshm\u00ebris\u00eb s\u00eb pacient\u00ebve do t\u00eb varet nga zona e synuar.<\/p>\n<p>Pas trajtimit, mund t\u00eb p\u00ebrjetoni nj\u00eb skuqje t\u00eb leht\u00eb n\u00eb zon\u00ebn e synuar. Megjithat\u00eb, kjo duhet t&#8217;ju pengoj\u00eb t\u00eb rifilloni aktivitetet tuaja normale.[\/vc_column_text]<ul class='dt-sc-fancy-list    tick' data-delay='0'>\n<li>Nullam dictum felis eu pede mollis pretium.<\/li>\n<li>Vivamus elementum semper nisi.<\/li>\n<li>Donec vitae sapien ut libero venenatis faucibus.<\/li>\n<\/ul><\/div><\/div><h5 class='dt-sc-toggle-accordion '><a href='#'>&#8221;A<\/a><\/h5><div class=\"dt-sc-toggle-content\" style=\"display: none;\"><div class=\"block\">[vc_column_text]Duas molestias excepturi sint occaecati cupiditate non provident, similique sunt in culpa qui officia deserunt mollitia animi, id est laborum et dolorum fuga. Et harum quidem rerum facilis est et expedita distinctio.. [\/vc_column_text]P\u00ebr t\u00eb maksimizuar rezultatet, ju rekomandojm\u00eb t\u00eb ndiqni udh\u00ebzimet e m\u00ebposhtme:<\/p>\n<p>Shmangni q\u00ebndrimin n\u00eb temperatura ekstreme.\nKonsumoni sa m\u00eb shum\u00eb uj\u00eb.\nShmangni konsumimin e alkoolit p\u00ebr 48 or\u00ebt e ardhshme.\nShmangni aplikimin e produkteve t\u00eb kujdesit t\u00eb l\u00ebkur\u00ebs q\u00eb nuk rekomandohen n\u00eb zon\u00ebn e trajtuar.<\/div><\/div><\/div>[\/vc_column][\/vc_row]<\/p>\n","protected":false},"excerpt":{"rendered":"<p>[vc_row][vc_column width=&#8221;4\/12&#8243;][\/vc_column][vc_column width=&#8221;5\/12&#8243;][vc_column_text]Me an\u00eb t\u00eb ultrasound me intensitet t\u00eb lart\u00eb t\u00eb fokusuar, rrit elasticitetin dhe tendos l\u00ebkur\u00eb. Gjat\u00eb nj\u00eb trajtimi, ultrasoun i fokusuar me intensitet t\u00eb lart\u00eb synon qelizat yndyrore, ku nxeht\u00ebsia kalon n\u00ebp\u00ebr l\u00ebkur\u00eb. Body HIFU kalon mbi sip\u00ebrfaqen e l\u00ebkur\u00ebs dhe stimulon qelizat e p\u00ebrdorura p\u00ebr prodhimin e kolagjenit dhe p\u00ebrt\u00ebritje t\u00eb indeve. [&hellip;]<\/p>\n","protected":false},"author":1,"featured_media":0,"parent":21304,"menu_order":0,"comment_status":"closed","ping_status":"closed","template":"","meta":[],"yoast_head":"<!-- This site is optimized with the Yoast SEO plugin v20.8 - https:\/\/yoast.com\/wordpress\/plugins\/seo\/ -->\n<title>HIFU Body - Ledismile Estetike<\/title>\n<meta name=\"robots\" content=\"index, follow, max-snippet:-1, max-image-preview:large, max-video-preview:-1\" \/>\n<link rel=\"canonical\" href=\"https:\/\/ledismile.com\/estetika\/trup\/hifu-body\/\" \/>\n<meta property=\"og:locale\" content=\"en_US\" \/>\n<meta property=\"og:type\" content=\"article\" \/>\n<meta property=\"og:title\" content=\"HIFU Body - Ledismile Estetike\" \/>\n<meta property=\"og:description\" content=\"[vc_row][vc_column width=&#8221;4\/12&#8243;][\/vc_column][vc_column width=&#8221;5\/12&#8243;][vc_column_text]Me an\u00eb t\u00eb ultrasound me intensitet t\u00eb lart\u00eb t\u00eb fokusuar, rrit elasticitetin dhe tendos l\u00ebkur\u00eb. Gjat\u00eb nj\u00eb trajtimi, ultrasoun i fokusuar me intensitet t\u00eb lart\u00eb synon qelizat yndyrore, ku nxeht\u00ebsia kalon n\u00ebp\u00ebr l\u00ebkur\u00eb. Body HIFU kalon mbi sip\u00ebrfaqen e l\u00ebkur\u00ebs dhe stimulon qelizat e p\u00ebrdorura p\u00ebr prodhimin e kolagjenit dhe p\u00ebrt\u00ebritje t\u00eb indeve. [&hellip;]\" \/>\n<meta property=\"og:url\" content=\"https:\/\/ledismile.com\/estetika\/trup\/hifu-body\/\" \/>\n<meta property=\"og:site_name\" content=\"Ledismile Estetike\" \/>\n<meta name=\"twitter:card\" content=\"summary_large_image\" \/>\n<meta name=\"twitter:label1\" content=\"Est. reading time\" \/>\n\t<meta name=\"twitter:data1\" content=\"4 minutes\" \/>\n<script type=\"application\/ld+json\" class=\"yoast-schema-graph\">{\"@context\":\"https:\/\/schema.org\",\"@graph\":[{\"@type\":\"WebPage\",\"@id\":\"https:\/\/ledismile.com\/estetika\/trup\/hifu-body\/\",\"url\":\"https:\/\/ledismile.com\/estetika\/trup\/hifu-body\/\",\"name\":\"HIFU Body - Ledismile Estetike\",\"isPartOf\":{\"@id\":\"https:\/\/ledismile.com\/estetika\/#website\"},\"datePublished\":\"2022-12-21T14:59:57+00:00\",\"dateModified\":\"2022-12-21T14:59:57+00:00\",\"breadcrumb\":{\"@id\":\"https:\/\/ledismile.com\/estetika\/trup\/hifu-body\/#breadcrumb\"},\"inLanguage\":\"en-US\",\"potentialAction\":[{\"@type\":\"ReadAction\",\"target\":[\"https:\/\/ledismile.com\/estetika\/trup\/hifu-body\/\"]}]},{\"@type\":\"BreadcrumbList\",\"@id\":\"https:\/\/ledismile.com\/estetika\/trup\/hifu-body\/#breadcrumb\",\"itemListElement\":[{\"@type\":\"ListItem\",\"position\":1,\"name\":\"Home\",\"item\":\"https:\/\/ledismile.com\/estetika\/\"},{\"@type\":\"ListItem\",\"position\":2,\"name\":\"Trup\",\"item\":\"https:\/\/ledismile.com\/estetika\/trup\/\"},{\"@type\":\"ListItem\",\"position\":3,\"name\":\"HIFU Body\"}]},{\"@type\":\"WebSite\",\"@id\":\"https:\/\/ledismile.com\/estetika\/#website\",\"url\":\"https:\/\/ledismile.com\/estetika\/\",\"name\":\"Ledismile Estetike\",\"description\":\"E ardhmja \u00ebsht\u00eb rinore!\",\"potentialAction\":[{\"@type\":\"SearchAction\",\"target\":{\"@type\":\"EntryPoint\",\"urlTemplate\":\"https:\/\/ledismile.com\/estetika\/?s={search_term_string}\"},\"query-input\":\"required name=search_term_string\"}],\"inLanguage\":\"en-US\"}]}<\/script>\n<!-- \/ Yoast SEO plugin. -->","yoast_head_json":{"title":"HIFU Body - Ledismile Estetike","robots":{"index":"index","follow":"follow","max-snippet":"max-snippet:-1","max-image-preview":"max-image-preview:large","max-video-preview":"max-video-preview:-1"},"canonical":"https:\/\/ledismile.com\/estetika\/trup\/hifu-body\/","og_locale":"en_US","og_type":"article","og_title":"HIFU Body - Ledismile Estetike","og_description":"[vc_row][vc_column width=&#8221;4\/12&#8243;][\/vc_column][vc_column width=&#8221;5\/12&#8243;][vc_column_text]Me an\u00eb t\u00eb ultrasound me intensitet t\u00eb lart\u00eb t\u00eb fokusuar, rrit elasticitetin dhe tendos l\u00ebkur\u00eb. Gjat\u00eb nj\u00eb trajtimi, ultrasoun i fokusuar me intensitet t\u00eb lart\u00eb synon qelizat yndyrore, ku nxeht\u00ebsia kalon n\u00ebp\u00ebr l\u00ebkur\u00eb. Body HIFU kalon mbi sip\u00ebrfaqen e l\u00ebkur\u00ebs dhe stimulon qelizat e p\u00ebrdorura p\u00ebr prodhimin e kolagjenit dhe p\u00ebrt\u00ebritje t\u00eb indeve. [&hellip;]","og_url":"https:\/\/ledismile.com\/estetika\/trup\/hifu-body\/","og_site_name":"Ledismile Estetike","twitter_card":"summary_large_image","twitter_misc":{"Est. reading time":"4 minutes"},"schema":{"@context":"https:\/\/schema.org","@graph":[{"@type":"WebPage","@id":"https:\/\/ledismile.com\/estetika\/trup\/hifu-body\/","url":"https:\/\/ledismile.com\/estetika\/trup\/hifu-body\/","name":"HIFU Body - Ledismile Estetike","isPartOf":{"@id":"https:\/\/ledismile.com\/estetika\/#website"},"datePublished":"2022-12-21T14:59:57+00:00","dateModified":"2022-12-21T14:59:57+00:00","breadcrumb":{"@id":"https:\/\/ledismile.com\/estetika\/trup\/hifu-body\/#breadcrumb"},"inLanguage":"en-US","potentialAction":[{"@type":"ReadAction","target":["https:\/\/ledismile.com\/estetika\/trup\/hifu-body\/"]}]},{"@type":"BreadcrumbList","@id":"https:\/\/ledismile.com\/estetika\/trup\/hifu-body\/#breadcrumb","itemListElement":[{"@type":"ListItem","position":1,"name":"Home","item":"https:\/\/ledismile.com\/estetika\/"},{"@type":"ListItem","position":2,"name":"Trup","item":"https:\/\/ledismile.com\/estetika\/trup\/"},{"@type":"ListItem","position":3,"name":"HIFU Body"}]},{"@type":"WebSite","@id":"https:\/\/ledismile.com\/estetika\/#website","url":"https:\/\/ledismile.com\/estetika\/","name":"Ledismile Estetike","description":"E ardhmja \u00ebsht\u00eb rinore!","potentialAction":[{"@type":"SearchAction","target":{"@type":"EntryPoint","urlTemplate":"https:\/\/ledismile.com\/estetika\/?s={search_term_string}"},"query-input":"required name=search_term_string"}],"inLanguage":"en-US"}]}},"_links":{"self":[{"href":"https:\/\/ledismile.com\/estetika\/wp-json\/wp\/v2\/pages\/21335"}],"collection":[{"href":"https:\/\/ledismile.com\/estetika\/wp-json\/wp\/v2\/pages"}],"about":[{"href":"https:\/\/ledismile.com\/estetika\/wp-json\/wp\/v2\/types\/page"}],"author":[{"embeddable":true,"href":"https:\/\/ledismile.com\/estetika\/wp-json\/wp\/v2\/users\/1"}],"replies":[{"embeddable":true,"href":"https:\/\/ledismile.com\/estetika\/wp-json\/wp\/v2\/comments?post=21335"}],"version-history":[{"count":1,"href":"https:\/\/ledismile.com\/estetika\/wp-json\/wp\/v2\/pages\/21335\/revisions"}],"predecessor-version":[{"id":21336,"href":"https:\/\/ledismile.com\/estetika\/wp-json\/wp\/v2\/pages\/21335\/revisions\/21336"}],"up":[{"embeddable":true,"href":"https:\/\/ledismile.com\/estetika\/wp-json\/wp\/v2\/pages\/21304"}],"wp:attachment":[{"href":"https:\/\/ledismile.com\/estetika\/wp-json\/wp\/v2\/media?parent=21335"}],"curies":[{"name":"wp","href":"https:\/\/api.w.org\/{rel}","templated":true}]}}