{"id":21339,"date":"2022-12-21T15:06:49","date_gmt":"2022-12-21T15:06:49","guid":{"rendered":"https:\/\/estetika.ledismile.com\/?page_id=21339"},"modified":"2022-12-22T14:51:26","modified_gmt":"2022-12-22T14:51:26","slug":"shkrirje-dhjami","status":"publish","type":"page","link":"https:\/\/ledismile.com\/estetika\/trup\/shkrirje-dhjami\/","title":{"rendered":"Shkrirje Dhjami"},"content":{"rendered":"<p>[vc_row][vc_column width=&#8221;4\/12&#8243;]<div id=\"dt-1671631794439-4f9463ba-95b1\" class=\"dt-custom-nav-wrapper none\" data-delay=\"0\" data-divider = \"yes\" data-link-icon-position = \"outside\" data-default-decoration = \"none\" data-hover-decoration = \"none\"><div class=\"menu-trupi-container\"><ul id=\"menu-trupi\" class=\"custom-sub-nav dt-custom-nav\"><li id=\"menu-item-21516\" class=\"menu-item menu-item-type-post_type menu-item-object-page menu-item-21516\"><a href=\"https:\/\/ledismile.com\/estetika\/trup\/alidya\/\" class=\"item-has-icon icon-position-left\"><i class=\"menu-item-icon\"><\/i><span>Alidya<\/span><\/a><span class=\"divider\"><\/span><\/li>\n<li id=\"menu-item-21517\" class=\"menu-item menu-item-type-post_type menu-item-object-page menu-item-21517\"><a href=\"https:\/\/ledismile.com\/estetika\/trup\/cryolipolysis\/\" class=\"item-has-icon icon-position-left\"><i class=\"menu-item-icon\"><\/i><span>Cryolipolysis<\/span><\/a><span class=\"divider\"><\/span><\/li>\n<li id=\"menu-item-21518\" class=\"menu-item menu-item-type-post_type menu-item-object-page menu-item-21518\"><a href=\"https:\/\/ledismile.com\/estetika\/trup\/eleminimi-i-hiperpigmentimeve\/\" class=\"item-has-icon icon-position-left\"><i class=\"menu-item-icon\"><\/i><span>Eleminimi i hiperpigmentimeve<\/span><\/a><span class=\"divider\"><\/span><\/li>\n<li id=\"menu-item-21519\" class=\"menu-item menu-item-type-post_type menu-item-object-page menu-item-21519\"><a href=\"https:\/\/ledismile.com\/estetika\/trup\/eleminimi-i-kapilareve\/\" class=\"item-has-icon icon-position-left\"><i class=\"menu-item-icon\"><\/i><span>Eleminimi i kapilar\u00ebve<\/span><\/a><span class=\"divider\"><\/span><\/li>\n<li id=\"menu-item-21520\" class=\"menu-item menu-item-type-post_type menu-item-object-page menu-item-21520\"><a href=\"https:\/\/ledismile.com\/estetika\/trup\/eleminimi-i-mykut-ne-thua\/\" class=\"item-has-icon icon-position-left\"><i class=\"menu-item-icon\"><\/i><span>Eleminimi i mykut n\u00eb thua<\/span><\/a><span class=\"divider\"><\/span><\/li>\n<li id=\"menu-item-21521\" class=\"menu-item menu-item-type-post_type menu-item-object-page menu-item-21521\"><a href=\"https:\/\/ledismile.com\/estetika\/trup\/em-shape\/\" class=\"item-has-icon icon-position-left\"><i class=\"menu-item-icon\"><\/i><span>Em-Shape<\/span><\/a><span class=\"divider\"><\/span><\/li>\n<li id=\"menu-item-21526\" class=\"menu-item menu-item-type-post_type menu-item-object-page menu-item-21526\"><a href=\"https:\/\/ledismile.com\/estetika\/trup\/vaginal-hifu\/\" class=\"item-has-icon icon-position-left\"><i class=\"menu-item-icon\"><\/i><span>Vaginal HIFU<\/span><\/a><span class=\"divider\"><\/span><\/li>\n<li id=\"menu-item-21522\" class=\"menu-item menu-item-type-post_type menu-item-object-page menu-item-21522\"><a href=\"https:\/\/ledismile.com\/estetika\/trup\/fizioterapi\/\" class=\"item-has-icon icon-position-left\"><i class=\"menu-item-icon\"><\/i><span>Fizioterapi<\/span><\/a><span class=\"divider\"><\/span><\/li>\n<li id=\"menu-item-21523\" class=\"menu-item menu-item-type-post_type menu-item-object-page menu-item-21523\"><a href=\"https:\/\/ledismile.com\/estetika\/trup\/hifu-body\/\" class=\"item-has-icon icon-position-left\"><i class=\"menu-item-icon\"><\/i><span>HIFU Body<\/span><\/a><span class=\"divider\"><\/span><\/li>\n<li id=\"menu-item-21524\" class=\"menu-item menu-item-type-post_type menu-item-object-page menu-item-21524\"><a href=\"https:\/\/ledismile.com\/estetika\/trup\/masazh-relaksi\/\" class=\"item-has-icon icon-position-left\"><i class=\"menu-item-icon\"><\/i><span>Masazh relaksi<\/span><\/a><span class=\"divider\"><\/span><\/li>\n<li id=\"menu-item-21525\" class=\"menu-item menu-item-type-post_type menu-item-object-page menu-item-21525\"><a href=\"https:\/\/ledismile.com\/estetika\/trup\/shkrirje-dhjami\/\" class=\"item-has-icon icon-position-left\"><i class=\"menu-item-icon\"><\/i><span>Shkrirje Dhjami<\/span><\/a><span class=\"divider\"><\/span><\/li>\n<li id=\"menu-item-21529\" class=\"menu-item menu-item-type-post_type menu-item-object-page menu-item-21529\"><a href=\"https:\/\/ledismile.com\/estetika\/trup\/cavitation-ultrasound\/\" class=\"item-has-icon icon-position-left\"><i class=\"menu-item-icon\"><\/i><span>Cavitation Ultrasound<\/span><\/a><span class=\"divider\"><\/span><\/li>\n<\/ul><\/div><\/div>[\/vc_column][vc_column width=&#8221;5\/12&#8243;][vc_column_text]Aqualyx \u00ebsht\u00eb produkti i par\u00eb i konceptuar n\u00eb tregun kozmetik p\u00ebr t\u00eb eleminuar xhepat dhjamore n\u00eb fytyr\u00eb, krah\u00eb dhe trup. Tashm\u00eb konsiderohet si standarti i art\u00eb i alternativave jo-kirurgjikale t\u00eb heqjes s\u00eb dhjamit. N\u00eb themel t\u00eb k\u00ebtij produkti \u00ebsht\u00eb Acidi Deoxycholic dhe 87% uj\u00eb. Teknika e injektimit dhe aplikimi pas injektimit t\u00eb ultratingujve, b\u00ebjn\u00eb q\u00eb efekti t\u00eb jet\u00eb maximal.[\/vc_column_text][\/vc_column][vc_column width=&#8221;3\/12&#8243;][vc_single_image image=&#8221;21369&#8243; img_size=&#8221;full&#8221; el_class=&#8221;custom-img-border&#8221;][\/vc_column][\/vc_row][vc_row css=&#8221;.vc_custom_1560941677892{margin-top: 20px !important;margin-right: 1px !important;margin-left: 1px !important;padding-top: 60px !important;padding-right: 4.5% !important;padding-bottom: 70px !important;padding-left: 4.5% !important;background-color: #f4f4f4 !important;}&#8221;][vc_column][vc_custom_heading text=&#8221;Pyetje \/ P\u00ebrgjigje&#8221; font_container=&#8221;tag:h3|text_align:left&#8221; use_theme_fonts=&#8221;yes&#8221;]<div class='dt-sc-toggle-frame-set type2  alignright' data-delay='0'><h5 class='dt-sc-toggle-accordion '><a href='#'>&#8221;Pyetja<\/a><\/h5><div class=\"dt-sc-toggle-content\" style=\"display: none;\"><div class=\"block\">[vc_column_text]P\u00ebrgjigja 1[\/vc_column_text]&lt;ul&gt;\n&lt;li&gt;Nullam dictum felis eu pede mollis pretium.&lt;\/li&gt;\n&lt;li&gt;Vivamus elementum semper nisi.&lt;\/li&gt;\n&lt;li&gt;Donec vitae sapien ut libero venenatis faucibus.&lt;\/li&gt;\n&lt;\/ul&gt;<\/div><\/div><h5 class='dt-sc-toggle-accordion '><a href='#'>&#8221;Pyetja<\/a><\/h5><div class=\"dt-sc-toggle-content\" style=\"display: none;\"><div class=\"block\">[vc_column_text]P\u00ebrgjigja 2[\/vc_column_text]&lt;ul&gt;\n&lt;li&gt;Nullam dictum felis eu pede mollis pretium.&lt;\/li&gt;\n&lt;li&gt;Vivamus elementum semper nisi.&lt;\/li&gt;\n&lt;li&gt;Donec vitae sapien ut libero venenatis faucibus.&lt;\/li&gt;\n&lt;\/ul&gt;<\/div><\/div><h5 class='dt-sc-toggle-accordion '><a href='#'>&#8221;Can<\/a><\/h5><div class=\"dt-sc-toggle-content\" style=\"display: none;\"><div class=\"block\">[vc_column_text]Duas molestias excepturi sint occaecati cupiditate non provident, similique sunt in culpa qui officia deserunt mollitia animi, id est laborum et dolorum fuga. Et harum quidem rerum facilis est et expedita distinctio.. [\/vc_column_text]&lt;ul&gt;\n&lt;li&gt;Nullam dictum felis eu pede mollis pretium.&lt;\/li&gt;\n&lt;li&gt;Vivamus elementum semper nisi.&lt;\/li&gt;\n&lt;li&gt;Donec vitae sapien ut libero venenatis faucibus.&lt;\/li&gt;\n&lt;\/ul&gt;<\/div><\/div><h5 class='dt-sc-toggle-accordion '><a href='#'>&#8221;When<\/a><\/h5><div class=\"dt-sc-toggle-content\" style=\"display: none;\"><div class=\"block\">[vc_column_text]Duas molestias excepturi sint occaecati cupiditate non provident, similique sunt in culpa qui officia deserunt mollitia animi, id est laborum et dolorum fuga. Et harum quidem rerum facilis est et expedita distinctio.. [\/vc_column_text]&lt;ul&gt;\n&lt;li&gt;Nullam dictum felis eu pede mollis pretium.&lt;\/li&gt;\n&lt;li&gt;Vivamus elementum semper nisi.&lt;\/li&gt;\n&lt;li&gt;Donec vitae sapien ut libero venenatis faucibus.&lt;\/li&gt;\n&lt;\/ul&gt;<\/div><\/div><\/div>[\/vc_column][\/vc_row]<\/p>\n","protected":false},"excerpt":{"rendered":"<p>[vc_row][vc_column width=&#8221;4\/12&#8243;][\/vc_column][vc_column width=&#8221;5\/12&#8243;][vc_column_text]Aqualyx \u00ebsht\u00eb produkti i par\u00eb i konceptuar n\u00eb tregun kozmetik p\u00ebr t\u00eb eleminuar xhepat dhjamore n\u00eb fytyr\u00eb, krah\u00eb dhe trup. Tashm\u00eb konsiderohet si standarti i art\u00eb i alternativave jo-kirurgjikale t\u00eb heqjes s\u00eb dhjamit. N\u00eb themel t\u00eb k\u00ebtij produkti \u00ebsht\u00eb Acidi Deoxycholic dhe 87% uj\u00eb. Teknika e injektimit dhe aplikimi pas injektimit t\u00eb ultratingujve, [&hellip;]<\/p>\n","protected":false},"author":1,"featured_media":0,"parent":21304,"menu_order":0,"comment_status":"closed","ping_status":"closed","template":"","meta":[],"yoast_head":"<!-- This site is optimized with the Yoast SEO plugin v20.8 - https:\/\/yoast.com\/wordpress\/plugins\/seo\/ -->\n<title>Shkrirje Dhjami - Ledismile Estetike<\/title>\n<meta name=\"robots\" content=\"index, follow, max-snippet:-1, max-image-preview:large, max-video-preview:-1\" \/>\n<link rel=\"canonical\" href=\"https:\/\/ledismile.com\/estetika\/trup\/shkrirje-dhjami\/\" \/>\n<meta property=\"og:locale\" content=\"en_US\" \/>\n<meta property=\"og:type\" content=\"article\" \/>\n<meta property=\"og:title\" content=\"Shkrirje Dhjami - Ledismile Estetike\" \/>\n<meta property=\"og:description\" content=\"[vc_row][vc_column width=&#8221;4\/12&#8243;][\/vc_column][vc_column width=&#8221;5\/12&#8243;][vc_column_text]Aqualyx \u00ebsht\u00eb produkti i par\u00eb i konceptuar n\u00eb tregun kozmetik p\u00ebr t\u00eb eleminuar xhepat dhjamore n\u00eb fytyr\u00eb, krah\u00eb dhe trup. Tashm\u00eb konsiderohet si standarti i art\u00eb i alternativave jo-kirurgjikale t\u00eb heqjes s\u00eb dhjamit. N\u00eb themel t\u00eb k\u00ebtij produkti \u00ebsht\u00eb Acidi Deoxycholic dhe 87% uj\u00eb. Teknika e injektimit dhe aplikimi pas injektimit t\u00eb ultratingujve, [&hellip;]\" \/>\n<meta property=\"og:url\" content=\"https:\/\/ledismile.com\/estetika\/trup\/shkrirje-dhjami\/\" \/>\n<meta property=\"og:site_name\" content=\"Ledismile Estetike\" \/>\n<meta property=\"article:modified_time\" content=\"2022-12-22T14:51:26+00:00\" \/>\n<meta name=\"twitter:card\" content=\"summary_large_image\" \/>\n<meta name=\"twitter:label1\" content=\"Est. reading time\" \/>\n\t<meta name=\"twitter:data1\" content=\"3 minutes\" \/>\n<script type=\"application\/ld+json\" class=\"yoast-schema-graph\">{\"@context\":\"https:\/\/schema.org\",\"@graph\":[{\"@type\":\"WebPage\",\"@id\":\"https:\/\/ledismile.com\/estetika\/trup\/shkrirje-dhjami\/\",\"url\":\"https:\/\/ledismile.com\/estetika\/trup\/shkrirje-dhjami\/\",\"name\":\"Shkrirje Dhjami - Ledismile Estetike\",\"isPartOf\":{\"@id\":\"https:\/\/ledismile.com\/estetika\/#website\"},\"datePublished\":\"2022-12-21T15:06:49+00:00\",\"dateModified\":\"2022-12-22T14:51:26+00:00\",\"breadcrumb\":{\"@id\":\"https:\/\/ledismile.com\/estetika\/trup\/shkrirje-dhjami\/#breadcrumb\"},\"inLanguage\":\"en-US\",\"potentialAction\":[{\"@type\":\"ReadAction\",\"target\":[\"https:\/\/ledismile.com\/estetika\/trup\/shkrirje-dhjami\/\"]}]},{\"@type\":\"BreadcrumbList\",\"@id\":\"https:\/\/ledismile.com\/estetika\/trup\/shkrirje-dhjami\/#breadcrumb\",\"itemListElement\":[{\"@type\":\"ListItem\",\"position\":1,\"name\":\"Home\",\"item\":\"https:\/\/ledismile.com\/estetika\/\"},{\"@type\":\"ListItem\",\"position\":2,\"name\":\"Trup\",\"item\":\"https:\/\/ledismile.com\/estetika\/trup\/\"},{\"@type\":\"ListItem\",\"position\":3,\"name\":\"Shkrirje Dhjami\"}]},{\"@type\":\"WebSite\",\"@id\":\"https:\/\/ledismile.com\/estetika\/#website\",\"url\":\"https:\/\/ledismile.com\/estetika\/\",\"name\":\"Ledismile Estetike\",\"description\":\"E ardhmja \u00ebsht\u00eb rinore!\",\"potentialAction\":[{\"@type\":\"SearchAction\",\"target\":{\"@type\":\"EntryPoint\",\"urlTemplate\":\"https:\/\/ledismile.com\/estetika\/?s={search_term_string}\"},\"query-input\":\"required name=search_term_string\"}],\"inLanguage\":\"en-US\"}]}<\/script>\n<!-- \/ Yoast SEO plugin. -->","yoast_head_json":{"title":"Shkrirje Dhjami - Ledismile Estetike","robots":{"index":"index","follow":"follow","max-snippet":"max-snippet:-1","max-image-preview":"max-image-preview:large","max-video-preview":"max-video-preview:-1"},"canonical":"https:\/\/ledismile.com\/estetika\/trup\/shkrirje-dhjami\/","og_locale":"en_US","og_type":"article","og_title":"Shkrirje Dhjami - Ledismile Estetike","og_description":"[vc_row][vc_column width=&#8221;4\/12&#8243;][\/vc_column][vc_column width=&#8221;5\/12&#8243;][vc_column_text]Aqualyx \u00ebsht\u00eb produkti i par\u00eb i konceptuar n\u00eb tregun kozmetik p\u00ebr t\u00eb eleminuar xhepat dhjamore n\u00eb fytyr\u00eb, krah\u00eb dhe trup. Tashm\u00eb konsiderohet si standarti i art\u00eb i alternativave jo-kirurgjikale t\u00eb heqjes s\u00eb dhjamit. N\u00eb themel t\u00eb k\u00ebtij produkti \u00ebsht\u00eb Acidi Deoxycholic dhe 87% uj\u00eb. Teknika e injektimit dhe aplikimi pas injektimit t\u00eb ultratingujve, [&hellip;]","og_url":"https:\/\/ledismile.com\/estetika\/trup\/shkrirje-dhjami\/","og_site_name":"Ledismile Estetike","article_modified_time":"2022-12-22T14:51:26+00:00","twitter_card":"summary_large_image","twitter_misc":{"Est. reading time":"3 minutes"},"schema":{"@context":"https:\/\/schema.org","@graph":[{"@type":"WebPage","@id":"https:\/\/ledismile.com\/estetika\/trup\/shkrirje-dhjami\/","url":"https:\/\/ledismile.com\/estetika\/trup\/shkrirje-dhjami\/","name":"Shkrirje Dhjami - Ledismile Estetike","isPartOf":{"@id":"https:\/\/ledismile.com\/estetika\/#website"},"datePublished":"2022-12-21T15:06:49+00:00","dateModified":"2022-12-22T14:51:26+00:00","breadcrumb":{"@id":"https:\/\/ledismile.com\/estetika\/trup\/shkrirje-dhjami\/#breadcrumb"},"inLanguage":"en-US","potentialAction":[{"@type":"ReadAction","target":["https:\/\/ledismile.com\/estetika\/trup\/shkrirje-dhjami\/"]}]},{"@type":"BreadcrumbList","@id":"https:\/\/ledismile.com\/estetika\/trup\/shkrirje-dhjami\/#breadcrumb","itemListElement":[{"@type":"ListItem","position":1,"name":"Home","item":"https:\/\/ledismile.com\/estetika\/"},{"@type":"ListItem","position":2,"name":"Trup","item":"https:\/\/ledismile.com\/estetika\/trup\/"},{"@type":"ListItem","position":3,"name":"Shkrirje Dhjami"}]},{"@type":"WebSite","@id":"https:\/\/ledismile.com\/estetika\/#website","url":"https:\/\/ledismile.com\/estetika\/","name":"Ledismile Estetike","description":"E ardhmja \u00ebsht\u00eb rinore!","potentialAction":[{"@type":"SearchAction","target":{"@type":"EntryPoint","urlTemplate":"https:\/\/ledismile.com\/estetika\/?s={search_term_string}"},"query-input":"required name=search_term_string"}],"inLanguage":"en-US"}]}},"_links":{"self":[{"href":"https:\/\/ledismile.com\/estetika\/wp-json\/wp\/v2\/pages\/21339"}],"collection":[{"href":"https:\/\/ledismile.com\/estetika\/wp-json\/wp\/v2\/pages"}],"about":[{"href":"https:\/\/ledismile.com\/estetika\/wp-json\/wp\/v2\/types\/page"}],"author":[{"embeddable":true,"href":"https:\/\/ledismile.com\/estetika\/wp-json\/wp\/v2\/users\/1"}],"replies":[{"embeddable":true,"href":"https:\/\/ledismile.com\/estetika\/wp-json\/wp\/v2\/comments?post=21339"}],"version-history":[{"count":4,"href":"https:\/\/ledismile.com\/estetika\/wp-json\/wp\/v2\/pages\/21339\/revisions"}],"predecessor-version":[{"id":21371,"href":"https:\/\/ledismile.com\/estetika\/wp-json\/wp\/v2\/pages\/21339\/revisions\/21371"}],"up":[{"embeddable":true,"href":"https:\/\/ledismile.com\/estetika\/wp-json\/wp\/v2\/pages\/21304"}],"wp:attachment":[{"href":"https:\/\/ledismile.com\/estetika\/wp-json\/wp\/v2\/media?parent=21339"}],"curies":[{"name":"wp","href":"https:\/\/api.w.org\/{rel}","templated":true}]}}