{"id":21344,"date":"2022-12-21T15:16:32","date_gmt":"2022-12-21T15:16:32","guid":{"rendered":"https:\/\/estetika.ledismile.com\/?page_id=21344"},"modified":"2022-12-21T15:16:32","modified_gmt":"2022-12-21T15:16:32","slug":"ejal-40","status":"publish","type":"page","link":"https:\/\/ledismile.com\/estetika\/fytyre\/ejal-40\/","title":{"rendered":"Ejal 40"},"content":{"rendered":"<p>[vc_row][vc_column width=&#8221;4\/12&#8243;]<div id=\"dt-1671631794439-4f9463ba-95b1\" class=\"dt-custom-nav-wrapper none\" data-delay=\"0\" data-divider = \"yes\" data-link-icon-position = \"outside\" data-default-decoration = \"none\" data-hover-decoration = \"none\"><div class=\"menu-fytyre-container\"><ul id=\"menu-fytyre\" class=\"custom-sub-nav dt-custom-nav\"><li id=\"menu-item-21497\" class=\"menu-item menu-item-type-post_type menu-item-object-page menu-item-21497\"><a href=\"https:\/\/ledismile.com\/estetika\/fytyre\/acidi-hialuronik\/\" class=\"item-has-icon icon-position-left\"><i class=\"menu-item-icon\"><\/i><span>Acidi hialuronik<\/span><\/a><span class=\"divider\"><\/span><\/li>\n<li id=\"menu-item-21503\" class=\"menu-item menu-item-type-post_type menu-item-object-page menu-item-21503\"><a href=\"https:\/\/ledismile.com\/estetika\/fytyre\/trajtim-anti-rrudhe\/\" class=\"item-has-icon icon-position-left\"><i class=\"menu-item-icon\"><\/i><span>Trajtim anti-rrudh\u00eb<\/span><\/a><span class=\"divider\"><\/span><\/li>\n<li id=\"menu-item-21321\" class=\"menu-item menu-item-type-post_type menu-item-object-page menu-item-21321\"><a href=\"https:\/\/ledismile.com\/estetika\/fytyre\/acidi-hialuronik\/\" class=\"item-has-icon icon-position-left\"><i class=\"menu-item-icon\"><\/i><span>Acidi hialuronik<\/span><\/a><span class=\"divider\"><\/span><\/li>\n<li id=\"menu-item-21488\" class=\"menu-item menu-item-type-post_type menu-item-object-page menu-item-21488\"><a href=\"https:\/\/ledismile.com\/estetika\/fytyre\/dermapen-4\/\" class=\"item-has-icon icon-position-left\"><i class=\"menu-item-icon\"><\/i><span>Dermapen 4<\/span><\/a><span class=\"divider\"><\/span><\/li>\n<li id=\"menu-item-21493\" class=\"menu-item menu-item-type-post_type menu-item-object-page menu-item-21493\"><a href=\"https:\/\/ledismile.com\/estetika\/fytyre\/fraxel-co2\/\" class=\"item-has-icon icon-position-left\"><i class=\"menu-item-icon\"><\/i><span>Fraxel CO2<\/span><\/a><span class=\"divider\"><\/span><\/li>\n<li id=\"menu-item-21499\" class=\"menu-item menu-item-type-post_type menu-item-object-page menu-item-21499\"><a href=\"https:\/\/ledismile.com\/estetika\/fytyre\/peeling\/\" class=\"item-has-icon icon-position-left\"><i class=\"menu-item-icon\"><\/i><span>Peeling<\/span><\/a><span class=\"divider\"><\/span><\/li>\n<li id=\"menu-item-21496\" class=\"menu-item menu-item-type-post_type menu-item-object-page menu-item-21496\"><a href=\"https:\/\/ledismile.com\/estetika\/fytyre\/hydrafacial-2\/\" class=\"item-has-icon icon-position-left\"><i class=\"menu-item-icon\"><\/i><span>Lipolitik\u00eb<\/span><\/a><span class=\"divider\"><\/span><\/li>\n<li id=\"menu-item-21498\" class=\"menu-item menu-item-type-post_type menu-item-object-page menu-item-21498\"><a href=\"https:\/\/ledismile.com\/estetika\/fytyre\/profhilo\/\" class=\"item-has-icon icon-position-left\"><i class=\"menu-item-icon\"><\/i><span>Profhilo<\/span><\/a><span class=\"divider\"><\/span><\/li>\n<li id=\"menu-item-21489\" class=\"menu-item menu-item-type-post_type menu-item-object-page menu-item-21489\"><a href=\"https:\/\/ledismile.com\/estetika\/fytyre\/ejal-40\/\" class=\"item-has-icon icon-position-left\"><i class=\"menu-item-icon\"><\/i><span>Ejal 40<\/span><\/a><span class=\"divider\"><\/span><\/li>\n<li id=\"menu-item-21490\" class=\"menu-item menu-item-type-post_type menu-item-object-page menu-item-21490\"><a href=\"https:\/\/ledismile.com\/estetika\/fytyre\/eleminimi-i-hiperpigmentimeve\/\" class=\"item-has-icon icon-position-left\"><i class=\"menu-item-icon\"><\/i><span>Eleminim i hiperpigmentimeve<\/span><\/a><span class=\"divider\"><\/span><\/li>\n<li id=\"menu-item-21491\" class=\"menu-item menu-item-type-post_type menu-item-object-page menu-item-21491\"><a href=\"https:\/\/ledismile.com\/estetika\/fytyre\/eleminimi-i-kapilareve\/\" class=\"item-has-icon icon-position-left\"><i class=\"menu-item-icon\"><\/i><span>Eleminimi i kapilar\u00ebve<\/span><\/a><span class=\"divider\"><\/span><\/li>\n<li id=\"menu-item-21495\" class=\"menu-item menu-item-type-post_type menu-item-object-page menu-item-21495\"><a href=\"https:\/\/ledismile.com\/estetika\/fytyre\/hydrafacial\/\" class=\"item-has-icon icon-position-left\"><i class=\"menu-item-icon\"><\/i><span>Hydrafacial<\/span><\/a><span class=\"divider\"><\/span><\/li>\n<li id=\"menu-item-21494\" class=\"menu-item menu-item-type-post_type menu-item-object-page menu-item-21494\"><a href=\"https:\/\/ledismile.com\/estetika\/fytyre\/hifu-fytyre\/\" class=\"item-has-icon icon-position-left\"><i class=\"menu-item-icon\"><\/i><span>HIFU Fytyr\u00eb<\/span><\/a><span class=\"divider\"><\/span><\/li>\n<li id=\"menu-item-21492\" class=\"menu-item menu-item-type-post_type menu-item-object-page menu-item-21492\"><a href=\"https:\/\/ledismile.com\/estetika\/fytyre\/foxy-eyes\/\" class=\"item-has-icon icon-position-left\"><i class=\"menu-item-icon\"><\/i><span>Foxy Eyes<\/span><\/a><span class=\"divider\"><\/span><\/li>\n<\/ul><\/div><\/div>[\/vc_column][vc_column width=&#8221;5\/12&#8243;][vc_column_text]Ejal 40 \u00ebsht\u00eb &#8211; xheli bio-rivitalizues q\u00eb p\u00ebrmban gjenerat\u00ebn e fundit t\u00eb acidit hialuronik ideal p\u00ebr t\u00eb rind\u00ebrtuar struktur\u00ebn baz\u00eb t\u00eb matric\u00ebs jasht\u00ebqelizore. Trajtimi me Ejal 40:<br \/>\n&#8211; tendos l\u00ebkur\u00ebn e varur,<br \/>\n&#8211; zvog\u00eblon rrudhat,<br \/>\n&#8211; p\u00ebrmir\u00ebson tonin dhe elasticitetin e l\u00ebkur\u00ebs,<br \/>\n&#8211; p\u00ebrmir\u00ebson gjendjen e p\u00ebrgjithshme t\u00eb l\u00ebkur\u00ebs,<br \/>\n&#8211; p\u00ebrmir\u00ebson dend\u00ebsin\u00eb e l\u00ebkur\u00ebs duke stimuluar fibroblastet dhe formimin e fibrave t\u00eb kolagjenit dhe elastin\u00ebs,<br \/>\n&#8211; stimulon prodhimin e kolagjenit t\u00eb ri dhe rivendosin nivelin e acidit hialuronik natyral n\u00eb l\u00ebkur\u00eb<br \/>\n&#8211; produkti \u00ebsht\u00eb krijuar p\u00ebr t\u00eb ristrukturuar dhe p\u00ebrforcuar l\u00ebkur\u00ebn rigjall\u00ebruese t\u00eb matric\u00ebs jasht\u00ebqelizore q\u00eb \u00ebsht\u00eb e dehidratuar dhe e d\u00ebmtuar nga plakja dhe ekspozimi ndaj diellit.<br \/>\n&#8211; rrit aktivitetetin qelizor, hidratimin, sintez\u00ebn e kolagjenit, elastin\u00ebs dhe acidit hialuronik.<\/p>\n<p>Ejal 40 \u00ebsht\u00eb gjenerata e fundit e acidit hialuronik me nj\u00eb pesh\u00eb molekulare mesatare t\u00eb prodhuar p\u00ebr t\u00eb rind\u00ebrtuar struktur\u00ebn baz\u00eb t\u00eb matric\u00ebs jasht\u00ebqelizore (ECM).<br \/>\nP\u00ebr shkak t\u00eb efektivitetit t\u00eb duksh\u00ebm n\u00eb rezultatet pas p\u00ebrdorimit t\u00eb Ejal 40, ristrukturimi dhe p\u00ebrforcimi i matric\u00ebs jasht\u00ebqelizore \u00ebsht\u00eb i mundur n\u00eb l\u00ebkur\u00ebn ekzistuese t\u00eb dehidratuar ose t\u00eb d\u00ebmtuar nga plakja dhe ekspozimi ndaj diellit.[\/vc_column_text][\/vc_column][vc_column width=&#8221;3\/12&#8243;][vc_single_image image=&#8221;21290&#8243; img_size=&#8221;full&#8221; el_class=&#8221;custom-img-border&#8221;][vc_column_text][\/vc_column_text][\/vc_column][\/vc_row][vc_row][vc_column]<div id=\"1561972688986-db13d32a-503a\" class=\"dt-sc-empty-space\"><\/div>[\/vc_column][\/vc_row][vc_row css=&#8221;.vc_custom_1560941677892{margin-top: 20px !important;margin-right: 1px !important;margin-left: 1px !important;padding-top: 60px !important;padding-right: 4.5% !important;padding-bottom: 70px !important;padding-left: 4.5% !important;background-color: #f4f4f4 !important;}&#8221;][vc_column][vc_custom_heading text=&#8221;Pyetje \/ P\u00ebrgjigje&#8221; font_container=&#8221;tag:h3|text_align:left&#8221; use_theme_fonts=&#8221;yes&#8221;]<div class='dt-sc-toggle-frame-set type2  alignright' data-delay='0'><h5 class='dt-sc-toggle-accordion '><a href='#'>&#8221;Sa<\/a><\/h5><div class=\"dt-sc-toggle-content\" style=\"display: none;\"><div class=\"block\">[vc_column_text]P\u00ebrgjigja 1[\/vc_column_text]Koh\u00ebzgjatja e nj\u00eb seance varijon nga 20-40 minuta.<\/div><\/div><h5 class='dt-sc-toggle-accordion '><a href='#'>&#8221;Sa<\/a><\/h5><div class=\"dt-sc-toggle-content\" style=\"display: none;\"><div class=\"block\">Numri i seancave varijon nga 2-3 seanca me diferenc\u00eb nj\u00eb mujore nga njera tjetra dhe pastaj nj\u00eb trajtim nj\u00ebher\u00eb n\u00eb 3-4 muaj, p\u00ebr moshat n\u00ebn 34 vje\u00e7.<\/div><\/div><h5 class='dt-sc-toggle-accordion '><a href='#'>&#8221;Sa<\/a><\/h5><div class=\"dt-sc-toggle-content\" style=\"display: none;\"><div class=\"block\">Koh\u00ebzgjatja e rezultateve \u00ebsht\u00eb n\u00eb var\u00ebsi t\u00eb rastit dhe problemarik\u00ebs s\u00eb l\u00ebkur\u00ebs. pas nj\u00eb kursi t\u00eb lpot\u00eb trajtimi, koh\u00ebzgjatja varijon 3-4 muaj.<\/div><\/div><h5 class='dt-sc-toggle-accordion '><a href='#'>&#8221;\u00cbsht\u00eb<\/a><\/h5><div class=\"dt-sc-toggle-content\" style=\"display: none;\"><div class=\"block\">Eja 40 mund t\u00eb injektohet n\u00eb form\u00eb mesoterapie ose 4 injektime n\u00eb secil\u00ebn an\u00eb t\u00eb fytyr\u00ebs. Pro\u00e7edura nuk\u00ebsht\u00eb shum\u00eb e dhimbshme, por p\u00eb pacient\u00eb m\u00eb t\u00eb ndjesh\u00ebm paraprakisht ofrohet krem anestezik n\u00eb t\u00eb gjith\u00eb fytyr\u00ebn.<\/div><\/div><\/div>[\/vc_column][\/vc_row]<\/p>\n","protected":false},"excerpt":{"rendered":"<p>[vc_row][vc_column width=&#8221;4\/12&#8243;][\/vc_column][vc_column width=&#8221;5\/12&#8243;][vc_column_text]Ejal 40 \u00ebsht\u00eb &#8211; xheli bio-rivitalizues q\u00eb p\u00ebrmban gjenerat\u00ebn e fundit t\u00eb acidit hialuronik ideal p\u00ebr t\u00eb rind\u00ebrtuar struktur\u00ebn baz\u00eb t\u00eb matric\u00ebs jasht\u00ebqelizore. Trajtimi me Ejal 40: &#8211; tendos l\u00ebkur\u00ebn e varur, &#8211; zvog\u00eblon rrudhat, &#8211; p\u00ebrmir\u00ebson tonin dhe elasticitetin e l\u00ebkur\u00ebs, &#8211; p\u00ebrmir\u00ebson gjendjen e p\u00ebrgjithshme t\u00eb l\u00ebkur\u00ebs, &#8211; p\u00ebrmir\u00ebson dend\u00ebsin\u00eb e [&hellip;]<\/p>\n","protected":false},"author":1,"featured_media":0,"parent":21299,"menu_order":0,"comment_status":"closed","ping_status":"closed","template":"","meta":[],"yoast_head":"<!-- This site is optimized with the Yoast SEO plugin v20.8 - https:\/\/yoast.com\/wordpress\/plugins\/seo\/ -->\n<title>Ejal 40 - Ledismile Estetike<\/title>\n<meta name=\"robots\" content=\"index, follow, max-snippet:-1, max-image-preview:large, max-video-preview:-1\" \/>\n<link rel=\"canonical\" href=\"https:\/\/ledismile.com\/estetika\/fytyre\/ejal-40\/\" \/>\n<meta property=\"og:locale\" content=\"en_US\" \/>\n<meta property=\"og:type\" content=\"article\" \/>\n<meta property=\"og:title\" content=\"Ejal 40 - Ledismile Estetike\" \/>\n<meta property=\"og:description\" content=\"[vc_row][vc_column width=&#8221;4\/12&#8243;][\/vc_column][vc_column width=&#8221;5\/12&#8243;][vc_column_text]Ejal 40 \u00ebsht\u00eb &#8211; xheli bio-rivitalizues q\u00eb p\u00ebrmban gjenerat\u00ebn e fundit t\u00eb acidit hialuronik ideal p\u00ebr t\u00eb rind\u00ebrtuar struktur\u00ebn baz\u00eb t\u00eb matric\u00ebs jasht\u00ebqelizore. Trajtimi me Ejal 40: &#8211; tendos l\u00ebkur\u00ebn e varur, &#8211; zvog\u00eblon rrudhat, &#8211; p\u00ebrmir\u00ebson tonin dhe elasticitetin e l\u00ebkur\u00ebs, &#8211; p\u00ebrmir\u00ebson gjendjen e p\u00ebrgjithshme t\u00eb l\u00ebkur\u00ebs, &#8211; p\u00ebrmir\u00ebson dend\u00ebsin\u00eb e [&hellip;]\" \/>\n<meta property=\"og:url\" content=\"https:\/\/ledismile.com\/estetika\/fytyre\/ejal-40\/\" \/>\n<meta property=\"og:site_name\" content=\"Ledismile Estetike\" \/>\n<meta name=\"twitter:card\" content=\"summary_large_image\" \/>\n<meta name=\"twitter:label1\" content=\"Est. reading time\" \/>\n\t<meta name=\"twitter:data1\" content=\"3 minutes\" \/>\n<script type=\"application\/ld+json\" class=\"yoast-schema-graph\">{\"@context\":\"https:\/\/schema.org\",\"@graph\":[{\"@type\":\"WebPage\",\"@id\":\"https:\/\/ledismile.com\/estetika\/fytyre\/ejal-40\/\",\"url\":\"https:\/\/ledismile.com\/estetika\/fytyre\/ejal-40\/\",\"name\":\"Ejal 40 - Ledismile Estetike\",\"isPartOf\":{\"@id\":\"https:\/\/ledismile.com\/estetika\/#website\"},\"datePublished\":\"2022-12-21T15:16:32+00:00\",\"dateModified\":\"2022-12-21T15:16:32+00:00\",\"breadcrumb\":{\"@id\":\"https:\/\/ledismile.com\/estetika\/fytyre\/ejal-40\/#breadcrumb\"},\"inLanguage\":\"en-US\",\"potentialAction\":[{\"@type\":\"ReadAction\",\"target\":[\"https:\/\/ledismile.com\/estetika\/fytyre\/ejal-40\/\"]}]},{\"@type\":\"BreadcrumbList\",\"@id\":\"https:\/\/ledismile.com\/estetika\/fytyre\/ejal-40\/#breadcrumb\",\"itemListElement\":[{\"@type\":\"ListItem\",\"position\":1,\"name\":\"Home\",\"item\":\"https:\/\/ledismile.com\/estetika\/\"},{\"@type\":\"ListItem\",\"position\":2,\"name\":\"Fytyr\u00eb\",\"item\":\"https:\/\/ledismile.com\/estetika\/fytyre\/\"},{\"@type\":\"ListItem\",\"position\":3,\"name\":\"Ejal 40\"}]},{\"@type\":\"WebSite\",\"@id\":\"https:\/\/ledismile.com\/estetika\/#website\",\"url\":\"https:\/\/ledismile.com\/estetika\/\",\"name\":\"Ledismile Estetike\",\"description\":\"E ardhmja \u00ebsht\u00eb rinore!\",\"potentialAction\":[{\"@type\":\"SearchAction\",\"target\":{\"@type\":\"EntryPoint\",\"urlTemplate\":\"https:\/\/ledismile.com\/estetika\/?s={search_term_string}\"},\"query-input\":\"required name=search_term_string\"}],\"inLanguage\":\"en-US\"}]}<\/script>\n<!-- \/ Yoast SEO plugin. -->","yoast_head_json":{"title":"Ejal 40 - Ledismile Estetike","robots":{"index":"index","follow":"follow","max-snippet":"max-snippet:-1","max-image-preview":"max-image-preview:large","max-video-preview":"max-video-preview:-1"},"canonical":"https:\/\/ledismile.com\/estetika\/fytyre\/ejal-40\/","og_locale":"en_US","og_type":"article","og_title":"Ejal 40 - Ledismile Estetike","og_description":"[vc_row][vc_column width=&#8221;4\/12&#8243;][\/vc_column][vc_column width=&#8221;5\/12&#8243;][vc_column_text]Ejal 40 \u00ebsht\u00eb &#8211; xheli bio-rivitalizues q\u00eb p\u00ebrmban gjenerat\u00ebn e fundit t\u00eb acidit hialuronik ideal p\u00ebr t\u00eb rind\u00ebrtuar struktur\u00ebn baz\u00eb t\u00eb matric\u00ebs jasht\u00ebqelizore. Trajtimi me Ejal 40: &#8211; tendos l\u00ebkur\u00ebn e varur, &#8211; zvog\u00eblon rrudhat, &#8211; p\u00ebrmir\u00ebson tonin dhe elasticitetin e l\u00ebkur\u00ebs, &#8211; p\u00ebrmir\u00ebson gjendjen e p\u00ebrgjithshme t\u00eb l\u00ebkur\u00ebs, &#8211; p\u00ebrmir\u00ebson dend\u00ebsin\u00eb e [&hellip;]","og_url":"https:\/\/ledismile.com\/estetika\/fytyre\/ejal-40\/","og_site_name":"Ledismile Estetike","twitter_card":"summary_large_image","twitter_misc":{"Est. reading time":"3 minutes"},"schema":{"@context":"https:\/\/schema.org","@graph":[{"@type":"WebPage","@id":"https:\/\/ledismile.com\/estetika\/fytyre\/ejal-40\/","url":"https:\/\/ledismile.com\/estetika\/fytyre\/ejal-40\/","name":"Ejal 40 - Ledismile Estetike","isPartOf":{"@id":"https:\/\/ledismile.com\/estetika\/#website"},"datePublished":"2022-12-21T15:16:32+00:00","dateModified":"2022-12-21T15:16:32+00:00","breadcrumb":{"@id":"https:\/\/ledismile.com\/estetika\/fytyre\/ejal-40\/#breadcrumb"},"inLanguage":"en-US","potentialAction":[{"@type":"ReadAction","target":["https:\/\/ledismile.com\/estetika\/fytyre\/ejal-40\/"]}]},{"@type":"BreadcrumbList","@id":"https:\/\/ledismile.com\/estetika\/fytyre\/ejal-40\/#breadcrumb","itemListElement":[{"@type":"ListItem","position":1,"name":"Home","item":"https:\/\/ledismile.com\/estetika\/"},{"@type":"ListItem","position":2,"name":"Fytyr\u00eb","item":"https:\/\/ledismile.com\/estetika\/fytyre\/"},{"@type":"ListItem","position":3,"name":"Ejal 40"}]},{"@type":"WebSite","@id":"https:\/\/ledismile.com\/estetika\/#website","url":"https:\/\/ledismile.com\/estetika\/","name":"Ledismile Estetike","description":"E ardhmja \u00ebsht\u00eb rinore!","potentialAction":[{"@type":"SearchAction","target":{"@type":"EntryPoint","urlTemplate":"https:\/\/ledismile.com\/estetika\/?s={search_term_string}"},"query-input":"required name=search_term_string"}],"inLanguage":"en-US"}]}},"_links":{"self":[{"href":"https:\/\/ledismile.com\/estetika\/wp-json\/wp\/v2\/pages\/21344"}],"collection":[{"href":"https:\/\/ledismile.com\/estetika\/wp-json\/wp\/v2\/pages"}],"about":[{"href":"https:\/\/ledismile.com\/estetika\/wp-json\/wp\/v2\/types\/page"}],"author":[{"embeddable":true,"href":"https:\/\/ledismile.com\/estetika\/wp-json\/wp\/v2\/users\/1"}],"replies":[{"embeddable":true,"href":"https:\/\/ledismile.com\/estetika\/wp-json\/wp\/v2\/comments?post=21344"}],"version-history":[{"count":1,"href":"https:\/\/ledismile.com\/estetika\/wp-json\/wp\/v2\/pages\/21344\/revisions"}],"predecessor-version":[{"id":21345,"href":"https:\/\/ledismile.com\/estetika\/wp-json\/wp\/v2\/pages\/21344\/revisions\/21345"}],"up":[{"embeddable":true,"href":"https:\/\/ledismile.com\/estetika\/wp-json\/wp\/v2\/pages\/21299"}],"wp:attachment":[{"href":"https:\/\/ledismile.com\/estetika\/wp-json\/wp\/v2\/media?parent=21344"}],"curies":[{"name":"wp","href":"https:\/\/api.w.org\/{rel}","templated":true}]}}