{"id":21351,"date":"2022-12-30T11:09:56","date_gmt":"2022-12-30T11:09:56","guid":{"rendered":"https:\/\/estetika.ledismile.com\/?page_id=21351"},"modified":"2022-12-30T11:26:45","modified_gmt":"2022-12-30T11:26:45","slug":"lazer","status":"publish","type":"page","link":"https:\/\/ledismile.com\/estetika\/lazer\/","title":{"rendered":"Lazer"},"content":{"rendered":"<p>[vc_row][vc_column width=&#8221;1\/4&#8243;]<div id=\"dt-1671552355517-5b31857f-c184\" class=\"dt-custom-nav-wrapper none\" data-delay=\"0\" data-divider = \"yes\" data-link-icon-position = \"outside\" data-default-decoration = \"none\" data-hover-decoration = \"none\"><div class=\"menu-lazer-container\"><ul id=\"menu-lazer\" class=\"custom-sub-nav dt-custom-nav\"><li id=\"menu-item-21537\" class=\"menu-item menu-item-type-post_type menu-item-object-page menu-item-21537\"><a href=\"https:\/\/ledismile.com\/estetika\/lazer-2\/cynosure-elite-iq\/\" class=\"item-has-icon icon-position-left\"><i class=\"menu-item-icon\"><\/i><span>Cynosure Elite iQ<\/span><\/a><span class=\"divider\"><\/span><\/li>\n<li id=\"menu-item-21536\" class=\"menu-item menu-item-type-post_type menu-item-object-page menu-item-21536\"><a href=\"https:\/\/ledismile.com\/estetika\/lazer-2\/dermals-terminator\/\" class=\"item-has-icon icon-position-left\"><i class=\"menu-item-icon\"><\/i><span>Dermals Terminator<\/span><\/a><span class=\"divider\"><\/span><\/li>\n<\/ul><\/div><\/div>[\/vc_column][vc_column width=&#8221;1\/2&#8243;][vc_custom_heading text=&#8221;&#8221; font_container=&#8221;tag:h3|text_align:left&#8221; use_theme_fonts=&#8221;yes&#8221;][vc_custom_heading text=&#8221;Epilimi me lazer ofrohen me dy lazera t\u00eb tekonologjive t\u00eb fundit, p\u00ebrkat\u00ebsisht amerikane dhe angleze, duke iu ofruar lazerin e duhur n\u00eb baz\u00eb t\u00eb llojit t\u00eb qimes, l\u00ebkur\u00ebs dhe melanin\u00ebs.<br \/>\nCynosure Alexandrite Elite iQ \u00ebsht\u00eb teknologjia amerikane e epilimit me lazer me dy gjat\u00ebsi valore: Alexandrite dhe Nd Yag. Lazeri \u00ebsht\u00eb i pajisur gjithashtu me ftoh\u00ebs p\u00ebr t\u00eb ofruar nj\u00eb eksperienc\u00eb sa m\u00eb komode.<\/p>\n<p>Dermals Terminator \u00ebsht\u00eb teknologjia angleze e epilimit me lazer me tre gjat\u00ebsi valore: Diode, Alexandrite dhe Nd Yag, p\u00ebr tu p\u00ebrshtatur me \u00e7do tipologji l\u00ebkure dhe qime. Lazeri aplikohet me xhel n\u00eb m\u00ebnyr\u00eb q\u00eb ndjeshm\u00ebria t\u00eb jewt\u00eb sa m\u00eb minimale.&#8221; font_container=&#8221;tag:p|text_align:left&#8221; use_theme_fonts=&#8221;yes&#8221; css=&#8221;.vc_custom_1672399582007{margin-bottom: 30px !important;}&#8221;][vc_custom_heading text=&#8221;&#8221; font_container=&#8221;tag:h6|font_size:20px|text_align:left&#8221; use_theme_fonts=&#8221;yes&#8221; css=&#8221;.vc_custom_1672399594166{margin-bottom: 30px !important;}&#8221;]<div id=\"1561374688923-27513498-5f9a\" class=\"dt-sc-empty-space\"><\/div>[\/vc_column][vc_column width=&#8221;1\/4&#8243;][vc_single_image image=&#8221;21480&#8243; img_size=&#8221;full&#8221;][\/vc_column][\/vc_row]<\/p>\n","protected":false},"excerpt":{"rendered":"<p>[vc_row][vc_column width=&#8221;1\/4&#8243;][\/vc_column][vc_column width=&#8221;1\/2&#8243;][vc_custom_heading text=&#8221;&#8221; font_container=&#8221;tag:h3|text_align:left&#8221; use_theme_fonts=&#8221;yes&#8221;][vc_custom_heading text=&#8221;Epilimi me lazer ofrohen me dy lazera t\u00eb tekonologjive t\u00eb fundit, p\u00ebrkat\u00ebsisht amerikane dhe angleze, duke iu ofruar lazerin e duhur n\u00eb baz\u00eb t\u00eb llojit t\u00eb qimes, l\u00ebkur\u00ebs dhe melanin\u00ebs. Cynosure Alexandrite Elite iQ \u00ebsht\u00eb teknologjia amerikane e epilimit me lazer me dy gjat\u00ebsi valore: Alexandrite dhe Nd Yag. [&hellip;]<\/p>\n","protected":false},"author":1,"featured_media":0,"parent":0,"menu_order":0,"comment_status":"closed","ping_status":"closed","template":"","meta":[],"yoast_head":"<!-- This site is optimized with the Yoast SEO plugin v20.8 - https:\/\/yoast.com\/wordpress\/plugins\/seo\/ -->\n<title>Lazer - Ledismile Estetike<\/title>\n<meta name=\"robots\" content=\"index, follow, max-snippet:-1, max-image-preview:large, max-video-preview:-1\" \/>\n<link rel=\"canonical\" href=\"https:\/\/ledismile.com\/estetika\/lazer\/\" \/>\n<meta property=\"og:locale\" content=\"en_US\" \/>\n<meta property=\"og:type\" content=\"article\" \/>\n<meta property=\"og:title\" content=\"Lazer - Ledismile Estetike\" \/>\n<meta property=\"og:description\" content=\"[vc_row][vc_column width=&#8221;1\/4&#8243;][\/vc_column][vc_column width=&#8221;1\/2&#8243;][vc_custom_heading text=&#8221;&#8221; font_container=&#8221;tag:h3|text_align:left&#8221; use_theme_fonts=&#8221;yes&#8221;][vc_custom_heading text=&#8221;Epilimi me lazer ofrohen me dy lazera t\u00eb tekonologjive t\u00eb fundit, p\u00ebrkat\u00ebsisht amerikane dhe angleze, duke iu ofruar lazerin e duhur n\u00eb baz\u00eb t\u00eb llojit t\u00eb qimes, l\u00ebkur\u00ebs dhe melanin\u00ebs. Cynosure Alexandrite Elite iQ \u00ebsht\u00eb teknologjia amerikane e epilimit me lazer me dy gjat\u00ebsi valore: Alexandrite dhe Nd Yag. [&hellip;]\" \/>\n<meta property=\"og:url\" content=\"https:\/\/ledismile.com\/estetika\/lazer\/\" \/>\n<meta property=\"og:site_name\" content=\"Ledismile Estetike\" \/>\n<meta property=\"article:modified_time\" content=\"2022-12-30T11:26:45+00:00\" \/>\n<meta name=\"twitter:card\" content=\"summary_large_image\" \/>\n<meta name=\"twitter:label1\" content=\"Est. reading time\" \/>\n\t<meta name=\"twitter:data1\" content=\"2 minutes\" \/>\n<script type=\"application\/ld+json\" class=\"yoast-schema-graph\">{\"@context\":\"https:\/\/schema.org\",\"@graph\":[{\"@type\":\"WebPage\",\"@id\":\"https:\/\/ledismile.com\/estetika\/lazer\/\",\"url\":\"https:\/\/ledismile.com\/estetika\/lazer\/\",\"name\":\"Lazer - Ledismile Estetike\",\"isPartOf\":{\"@id\":\"https:\/\/ledismile.com\/estetika\/#website\"},\"datePublished\":\"2022-12-30T11:09:56+00:00\",\"dateModified\":\"2022-12-30T11:26:45+00:00\",\"breadcrumb\":{\"@id\":\"https:\/\/ledismile.com\/estetika\/lazer\/#breadcrumb\"},\"inLanguage\":\"en-US\",\"potentialAction\":[{\"@type\":\"ReadAction\",\"target\":[\"https:\/\/ledismile.com\/estetika\/lazer\/\"]}]},{\"@type\":\"BreadcrumbList\",\"@id\":\"https:\/\/ledismile.com\/estetika\/lazer\/#breadcrumb\",\"itemListElement\":[{\"@type\":\"ListItem\",\"position\":1,\"name\":\"Home\",\"item\":\"https:\/\/ledismile.com\/estetika\/\"},{\"@type\":\"ListItem\",\"position\":2,\"name\":\"Lazer\"}]},{\"@type\":\"WebSite\",\"@id\":\"https:\/\/ledismile.com\/estetika\/#website\",\"url\":\"https:\/\/ledismile.com\/estetika\/\",\"name\":\"Ledismile Estetike\",\"description\":\"E ardhmja \u00ebsht\u00eb rinore!\",\"potentialAction\":[{\"@type\":\"SearchAction\",\"target\":{\"@type\":\"EntryPoint\",\"urlTemplate\":\"https:\/\/ledismile.com\/estetika\/?s={search_term_string}\"},\"query-input\":\"required name=search_term_string\"}],\"inLanguage\":\"en-US\"}]}<\/script>\n<!-- \/ Yoast SEO plugin. -->","yoast_head_json":{"title":"Lazer - Ledismile Estetike","robots":{"index":"index","follow":"follow","max-snippet":"max-snippet:-1","max-image-preview":"max-image-preview:large","max-video-preview":"max-video-preview:-1"},"canonical":"https:\/\/ledismile.com\/estetika\/lazer\/","og_locale":"en_US","og_type":"article","og_title":"Lazer - Ledismile Estetike","og_description":"[vc_row][vc_column width=&#8221;1\/4&#8243;][\/vc_column][vc_column width=&#8221;1\/2&#8243;][vc_custom_heading text=&#8221;&#8221; font_container=&#8221;tag:h3|text_align:left&#8221; use_theme_fonts=&#8221;yes&#8221;][vc_custom_heading text=&#8221;Epilimi me lazer ofrohen me dy lazera t\u00eb tekonologjive t\u00eb fundit, p\u00ebrkat\u00ebsisht amerikane dhe angleze, duke iu ofruar lazerin e duhur n\u00eb baz\u00eb t\u00eb llojit t\u00eb qimes, l\u00ebkur\u00ebs dhe melanin\u00ebs. Cynosure Alexandrite Elite iQ \u00ebsht\u00eb teknologjia amerikane e epilimit me lazer me dy gjat\u00ebsi valore: Alexandrite dhe Nd Yag. [&hellip;]","og_url":"https:\/\/ledismile.com\/estetika\/lazer\/","og_site_name":"Ledismile Estetike","article_modified_time":"2022-12-30T11:26:45+00:00","twitter_card":"summary_large_image","twitter_misc":{"Est. reading time":"2 minutes"},"schema":{"@context":"https:\/\/schema.org","@graph":[{"@type":"WebPage","@id":"https:\/\/ledismile.com\/estetika\/lazer\/","url":"https:\/\/ledismile.com\/estetika\/lazer\/","name":"Lazer - Ledismile Estetike","isPartOf":{"@id":"https:\/\/ledismile.com\/estetika\/#website"},"datePublished":"2022-12-30T11:09:56+00:00","dateModified":"2022-12-30T11:26:45+00:00","breadcrumb":{"@id":"https:\/\/ledismile.com\/estetika\/lazer\/#breadcrumb"},"inLanguage":"en-US","potentialAction":[{"@type":"ReadAction","target":["https:\/\/ledismile.com\/estetika\/lazer\/"]}]},{"@type":"BreadcrumbList","@id":"https:\/\/ledismile.com\/estetika\/lazer\/#breadcrumb","itemListElement":[{"@type":"ListItem","position":1,"name":"Home","item":"https:\/\/ledismile.com\/estetika\/"},{"@type":"ListItem","position":2,"name":"Lazer"}]},{"@type":"WebSite","@id":"https:\/\/ledismile.com\/estetika\/#website","url":"https:\/\/ledismile.com\/estetika\/","name":"Ledismile Estetike","description":"E ardhmja \u00ebsht\u00eb rinore!","potentialAction":[{"@type":"SearchAction","target":{"@type":"EntryPoint","urlTemplate":"https:\/\/ledismile.com\/estetika\/?s={search_term_string}"},"query-input":"required name=search_term_string"}],"inLanguage":"en-US"}]}},"_links":{"self":[{"href":"https:\/\/ledismile.com\/estetika\/wp-json\/wp\/v2\/pages\/21351"}],"collection":[{"href":"https:\/\/ledismile.com\/estetika\/wp-json\/wp\/v2\/pages"}],"about":[{"href":"https:\/\/ledismile.com\/estetika\/wp-json\/wp\/v2\/types\/page"}],"author":[{"embeddable":true,"href":"https:\/\/ledismile.com\/estetika\/wp-json\/wp\/v2\/users\/1"}],"replies":[{"embeddable":true,"href":"https:\/\/ledismile.com\/estetika\/wp-json\/wp\/v2\/comments?post=21351"}],"version-history":[{"count":3,"href":"https:\/\/ledismile.com\/estetika\/wp-json\/wp\/v2\/pages\/21351\/revisions"}],"predecessor-version":[{"id":21543,"href":"https:\/\/ledismile.com\/estetika\/wp-json\/wp\/v2\/pages\/21351\/revisions\/21543"}],"wp:attachment":[{"href":"https:\/\/ledismile.com\/estetika\/wp-json\/wp\/v2\/media?parent=21351"}],"curies":[{"name":"wp","href":"https:\/\/api.w.org\/{rel}","templated":true}]}}