{"id":21352,"date":"2022-12-21T15:27:58","date_gmt":"2022-12-21T15:27:58","guid":{"rendered":"https:\/\/estetika.ledismile.com\/?page_id=21352"},"modified":"2022-12-26T16:36:07","modified_gmt":"2022-12-26T16:36:07","slug":"cynosure-elite-iq","status":"publish","type":"page","link":"https:\/\/ledismile.com\/estetika\/lazer-2\/cynosure-elite-iq\/","title":{"rendered":"Cynosure Elite iQ"},"content":{"rendered":"<p>[vc_row][vc_column width=&#8221;4\/12&#8243;]<div id=\"dt-1671631794439-4f9463ba-95b1\" class=\"dt-custom-nav-wrapper none\" data-delay=\"0\" data-divider = \"yes\" data-link-icon-position = \"outside\" data-default-decoration = \"none\" data-hover-decoration = \"none\"><div class=\"menu-trupi-container\"><ul id=\"menu-trupi\" class=\"custom-sub-nav dt-custom-nav\"><li id=\"menu-item-21516\" class=\"menu-item menu-item-type-post_type menu-item-object-page menu-item-21516\"><a href=\"https:\/\/ledismile.com\/estetika\/trup\/alidya\/\" class=\"item-has-icon icon-position-left\"><i class=\"menu-item-icon\"><\/i><span>Alidya<\/span><\/a><span class=\"divider\"><\/span><\/li>\n<li id=\"menu-item-21517\" class=\"menu-item menu-item-type-post_type menu-item-object-page menu-item-21517\"><a href=\"https:\/\/ledismile.com\/estetika\/trup\/cryolipolysis\/\" class=\"item-has-icon icon-position-left\"><i class=\"menu-item-icon\"><\/i><span>Cryolipolysis<\/span><\/a><span class=\"divider\"><\/span><\/li>\n<li id=\"menu-item-21518\" class=\"menu-item menu-item-type-post_type menu-item-object-page menu-item-21518\"><a href=\"https:\/\/ledismile.com\/estetika\/trup\/eleminimi-i-hiperpigmentimeve\/\" class=\"item-has-icon icon-position-left\"><i class=\"menu-item-icon\"><\/i><span>Eleminimi i hiperpigmentimeve<\/span><\/a><span class=\"divider\"><\/span><\/li>\n<li id=\"menu-item-21519\" class=\"menu-item menu-item-type-post_type menu-item-object-page menu-item-21519\"><a href=\"https:\/\/ledismile.com\/estetika\/trup\/eleminimi-i-kapilareve\/\" class=\"item-has-icon icon-position-left\"><i class=\"menu-item-icon\"><\/i><span>Eleminimi i kapilar\u00ebve<\/span><\/a><span class=\"divider\"><\/span><\/li>\n<li id=\"menu-item-21520\" class=\"menu-item menu-item-type-post_type menu-item-object-page menu-item-21520\"><a href=\"https:\/\/ledismile.com\/estetika\/trup\/eleminimi-i-mykut-ne-thua\/\" class=\"item-has-icon icon-position-left\"><i class=\"menu-item-icon\"><\/i><span>Eleminimi i mykut n\u00eb thua<\/span><\/a><span class=\"divider\"><\/span><\/li>\n<li id=\"menu-item-21521\" class=\"menu-item menu-item-type-post_type menu-item-object-page menu-item-21521\"><a href=\"https:\/\/ledismile.com\/estetika\/trup\/em-shape\/\" class=\"item-has-icon icon-position-left\"><i class=\"menu-item-icon\"><\/i><span>Em-Shape<\/span><\/a><span class=\"divider\"><\/span><\/li>\n<li id=\"menu-item-21526\" class=\"menu-item menu-item-type-post_type menu-item-object-page menu-item-21526\"><a href=\"https:\/\/ledismile.com\/estetika\/trup\/vaginal-hifu\/\" class=\"item-has-icon icon-position-left\"><i class=\"menu-item-icon\"><\/i><span>Vaginal HIFU<\/span><\/a><span class=\"divider\"><\/span><\/li>\n<li id=\"menu-item-21522\" class=\"menu-item menu-item-type-post_type menu-item-object-page menu-item-21522\"><a href=\"https:\/\/ledismile.com\/estetika\/trup\/fizioterapi\/\" class=\"item-has-icon icon-position-left\"><i class=\"menu-item-icon\"><\/i><span>Fizioterapi<\/span><\/a><span class=\"divider\"><\/span><\/li>\n<li id=\"menu-item-21523\" class=\"menu-item menu-item-type-post_type menu-item-object-page menu-item-21523\"><a href=\"https:\/\/ledismile.com\/estetika\/trup\/hifu-body\/\" class=\"item-has-icon icon-position-left\"><i class=\"menu-item-icon\"><\/i><span>HIFU Body<\/span><\/a><span class=\"divider\"><\/span><\/li>\n<li id=\"menu-item-21524\" class=\"menu-item menu-item-type-post_type menu-item-object-page menu-item-21524\"><a href=\"https:\/\/ledismile.com\/estetika\/trup\/masazh-relaksi\/\" class=\"item-has-icon icon-position-left\"><i class=\"menu-item-icon\"><\/i><span>Masazh relaksi<\/span><\/a><span class=\"divider\"><\/span><\/li>\n<li id=\"menu-item-21525\" class=\"menu-item menu-item-type-post_type menu-item-object-page menu-item-21525\"><a href=\"https:\/\/ledismile.com\/estetika\/trup\/shkrirje-dhjami\/\" class=\"item-has-icon icon-position-left\"><i class=\"menu-item-icon\"><\/i><span>Shkrirje Dhjami<\/span><\/a><span class=\"divider\"><\/span><\/li>\n<li id=\"menu-item-21529\" class=\"menu-item menu-item-type-post_type menu-item-object-page menu-item-21529\"><a href=\"https:\/\/ledismile.com\/estetika\/trup\/cavitation-ultrasound\/\" class=\"item-has-icon icon-position-left\"><i class=\"menu-item-icon\"><\/i><span>Cavitation Ultrasound<\/span><\/a><span class=\"divider\"><\/span><\/li>\n<\/ul><\/div><\/div>[\/vc_column][vc_column width=&#8221;5\/12&#8243;][vc_column_text]Teknologjia amerikane e epilimit me lazer arriti n\u00eb Tiran\u00eb.<br \/>\nK\u00ebmb\u00eb dhe bikini p\u00ebr vet\u00ebm 130 euro nga 160 euro.<\/p>\n<p>Cynosure Alexandrite Elite iQ, Gold Standart, ka n\u00eb p\u00ebrb\u00ebrje dy gjat\u00ebsit\u00eb e val\u00ebve t\u00eb cilat jan\u00eb t\u00eb p\u00ebrshtat\u00ebshme p\u00ebr cdo tipologji l\u00ebkure dhe qime, gjithashtu e p\u00ebrshtatshme p\u00ebr cdo stin\u00eb.<\/p>\n<p>&#8211; Alexandrite me 755nm gjat\u00ebsi valore, kryesisht p\u00ebr pigment t\u00eb bardh\u00eb l\u00ebkure.<br \/>\n&#8211; Nd:Yag me 1064nm gjat\u00ebsi valore, e cila praktikohet kryesisht gjat\u00eb ver\u00ebs n\u00eb l\u00ebkur\u00eb t\u00eb nxir\u00eb ose me pigment.<br \/>\nRezultate t\u00eb jasht\u00ebzakonshme n\u00eb t\u00eb gjitha llojet e l\u00ebkur\u00ebs, me num\u00ebr minimal seancash. Ndryshim I gjat\u00ebsive valore nga nj\u00eb zone e trupin n\u00eb tjetr\u00ebn duke ju p\u00ebrshtatur ndryshimit t\u00eb qimes dhe ngjyr\u00ebs s\u00eb l\u00ebkur\u00ebs. I pajisur me ftoh\u00ebs, I cili rrit rehatin\u00eb e pacientit.<\/p>\n<p>Pajisja inteligjente e cila p\u00ebrcakton melanin\u00ebn n\u00eb trup, tipin e l\u00ebkur\u00ebs, duke leht\u00ebsuar pro\u00e7esin e epilimit n\u00eb \u00e7do stin\u00eb.[\/vc_column_text][\/vc_column][vc_column width=&#8221;3\/12&#8243;][vc_single_image image=&#8221;21272&#8243;][\/vc_column][\/vc_row][vc_row][vc_column]<div id=\"1561972688986-db13d32a-503a\" class=\"dt-sc-empty-space\"><\/div>[\/vc_column][\/vc_row][vc_row css=&#8221;.vc_custom_1560941677892{margin-top: 20px !important;margin-right: 1px !important;margin-left: 1px !important;padding-top: 60px !important;padding-right: 4.5% !important;padding-bottom: 70px !important;padding-left: 4.5% !important;background-color: #f4f4f4 !important;}&#8221;][vc_column][vc_custom_heading text=&#8221;Pyetje \/ P\u00ebrgjigje&#8221; font_container=&#8221;tag:h3|text_align:left&#8221; use_theme_fonts=&#8221;yes&#8221;]<div class='dt-sc-toggle-frame-set type2  alignright' data-delay='0'><h5 class='dt-sc-toggle-accordion '><a href='#'>&#8221;\u00c7far\u00eb<\/a><\/h5><div class=\"dt-sc-toggle-content\" style=\"display: none;\"><div class=\"block\"><\/div><\/div><h5 class='dt-sc-toggle-accordion '><a href='#'>&#8221;\u00cbsht\u00eb<\/a><\/h5><div class=\"dt-sc-toggle-content\" style=\"display: none;\"><div class=\"block\">Pro\u00e7edura nuk \u00ebsht\u00eb e dhimbshme, p\u00ebrve\u00e7se aplikohet me ftoh\u00ebs paraprakisht aplikohet edhe xhel.<\/div><\/div><h5 class='dt-sc-toggle-accordion '><a href='#'>&#8221;Si<\/a><\/h5><div class=\"dt-sc-toggle-content\" style=\"display: none;\"><div class=\"block\"><\/div><\/div><h5 class='dt-sc-toggle-accordion '><a href='#'>&#8221;Sa<\/a><\/h5><div class=\"dt-sc-toggle-content\" style=\"display: none;\"><div class=\"block\"><\/div><\/div><h5 class='dt-sc-toggle-accordion '><a href='#'><\/a><\/h5><div class=\"dt-sc-toggle-content\" style=\"display: none;\"><div class=\"block\"><\/div><\/div><\/div>[\/vc_column][\/vc_row]<\/p>\n","protected":false},"excerpt":{"rendered":"<p>[vc_row][vc_column width=&#8221;4\/12&#8243;][\/vc_column][vc_column width=&#8221;5\/12&#8243;][vc_column_text]Teknologjia amerikane e epilimit me lazer arriti n\u00eb Tiran\u00eb. K\u00ebmb\u00eb dhe bikini p\u00ebr vet\u00ebm 130 euro nga 160 euro. Cynosure Alexandrite Elite iQ, Gold Standart, ka n\u00eb p\u00ebrb\u00ebrje dy gjat\u00ebsit\u00eb e val\u00ebve t\u00eb cilat jan\u00eb t\u00eb p\u00ebrshtat\u00ebshme p\u00ebr cdo tipologji l\u00ebkure dhe qime, gjithashtu e p\u00ebrshtatshme p\u00ebr cdo stin\u00eb. &#8211; Alexandrite me 755nm [&hellip;]<\/p>\n","protected":false},"author":1,"featured_media":0,"parent":21306,"menu_order":0,"comment_status":"closed","ping_status":"closed","template":"","meta":[],"yoast_head":"<!-- This site is optimized with the Yoast SEO plugin v20.8 - https:\/\/yoast.com\/wordpress\/plugins\/seo\/ -->\n<title>Cynosure Elite iQ - Ledismile Estetike<\/title>\n<meta name=\"robots\" content=\"index, follow, max-snippet:-1, max-image-preview:large, max-video-preview:-1\" \/>\n<link rel=\"canonical\" href=\"https:\/\/ledismile.com\/estetika\/lazer-2\/cynosure-elite-iq\/\" \/>\n<meta property=\"og:locale\" content=\"en_US\" \/>\n<meta property=\"og:type\" content=\"article\" \/>\n<meta property=\"og:title\" content=\"Cynosure Elite iQ - Ledismile Estetike\" \/>\n<meta property=\"og:description\" content=\"[vc_row][vc_column width=&#8221;4\/12&#8243;][\/vc_column][vc_column width=&#8221;5\/12&#8243;][vc_column_text]Teknologjia amerikane e epilimit me lazer arriti n\u00eb Tiran\u00eb. K\u00ebmb\u00eb dhe bikini p\u00ebr vet\u00ebm 130 euro nga 160 euro. Cynosure Alexandrite Elite iQ, Gold Standart, ka n\u00eb p\u00ebrb\u00ebrje dy gjat\u00ebsit\u00eb e val\u00ebve t\u00eb cilat jan\u00eb t\u00eb p\u00ebrshtat\u00ebshme p\u00ebr cdo tipologji l\u00ebkure dhe qime, gjithashtu e p\u00ebrshtatshme p\u00ebr cdo stin\u00eb. &#8211; Alexandrite me 755nm [&hellip;]\" \/>\n<meta property=\"og:url\" content=\"https:\/\/ledismile.com\/estetika\/lazer-2\/cynosure-elite-iq\/\" \/>\n<meta property=\"og:site_name\" content=\"Ledismile Estetike\" \/>\n<meta property=\"article:modified_time\" content=\"2022-12-26T16:36:07+00:00\" \/>\n<meta name=\"twitter:card\" content=\"summary_large_image\" \/>\n<meta name=\"twitter:label1\" content=\"Est. reading time\" \/>\n\t<meta name=\"twitter:data1\" content=\"3 minutes\" \/>\n<script type=\"application\/ld+json\" class=\"yoast-schema-graph\">{\"@context\":\"https:\/\/schema.org\",\"@graph\":[{\"@type\":\"WebPage\",\"@id\":\"https:\/\/ledismile.com\/estetika\/lazer-2\/cynosure-elite-iq\/\",\"url\":\"https:\/\/ledismile.com\/estetika\/lazer-2\/cynosure-elite-iq\/\",\"name\":\"Cynosure Elite iQ - Ledismile Estetike\",\"isPartOf\":{\"@id\":\"https:\/\/ledismile.com\/estetika\/#website\"},\"datePublished\":\"2022-12-21T15:27:58+00:00\",\"dateModified\":\"2022-12-26T16:36:07+00:00\",\"breadcrumb\":{\"@id\":\"https:\/\/ledismile.com\/estetika\/lazer-2\/cynosure-elite-iq\/#breadcrumb\"},\"inLanguage\":\"en-US\",\"potentialAction\":[{\"@type\":\"ReadAction\",\"target\":[\"https:\/\/ledismile.com\/estetika\/lazer-2\/cynosure-elite-iq\/\"]}]},{\"@type\":\"BreadcrumbList\",\"@id\":\"https:\/\/ledismile.com\/estetika\/lazer-2\/cynosure-elite-iq\/#breadcrumb\",\"itemListElement\":[{\"@type\":\"ListItem\",\"position\":1,\"name\":\"Home\",\"item\":\"https:\/\/ledismile.com\/estetika\/\"},{\"@type\":\"ListItem\",\"position\":2,\"name\":\"Lazer\",\"item\":\"https:\/\/ledismile.com\/estetika\/lazer-2\/\"},{\"@type\":\"ListItem\",\"position\":3,\"name\":\"Cynosure Elite iQ\"}]},{\"@type\":\"WebSite\",\"@id\":\"https:\/\/ledismile.com\/estetika\/#website\",\"url\":\"https:\/\/ledismile.com\/estetika\/\",\"name\":\"Ledismile Estetike\",\"description\":\"E ardhmja \u00ebsht\u00eb rinore!\",\"potentialAction\":[{\"@type\":\"SearchAction\",\"target\":{\"@type\":\"EntryPoint\",\"urlTemplate\":\"https:\/\/ledismile.com\/estetika\/?s={search_term_string}\"},\"query-input\":\"required name=search_term_string\"}],\"inLanguage\":\"en-US\"}]}<\/script>\n<!-- \/ Yoast SEO plugin. -->","yoast_head_json":{"title":"Cynosure Elite iQ - Ledismile Estetike","robots":{"index":"index","follow":"follow","max-snippet":"max-snippet:-1","max-image-preview":"max-image-preview:large","max-video-preview":"max-video-preview:-1"},"canonical":"https:\/\/ledismile.com\/estetika\/lazer-2\/cynosure-elite-iq\/","og_locale":"en_US","og_type":"article","og_title":"Cynosure Elite iQ - Ledismile Estetike","og_description":"[vc_row][vc_column width=&#8221;4\/12&#8243;][\/vc_column][vc_column width=&#8221;5\/12&#8243;][vc_column_text]Teknologjia amerikane e epilimit me lazer arriti n\u00eb Tiran\u00eb. K\u00ebmb\u00eb dhe bikini p\u00ebr vet\u00ebm 130 euro nga 160 euro. Cynosure Alexandrite Elite iQ, Gold Standart, ka n\u00eb p\u00ebrb\u00ebrje dy gjat\u00ebsit\u00eb e val\u00ebve t\u00eb cilat jan\u00eb t\u00eb p\u00ebrshtat\u00ebshme p\u00ebr cdo tipologji l\u00ebkure dhe qime, gjithashtu e p\u00ebrshtatshme p\u00ebr cdo stin\u00eb. &#8211; Alexandrite me 755nm [&hellip;]","og_url":"https:\/\/ledismile.com\/estetika\/lazer-2\/cynosure-elite-iq\/","og_site_name":"Ledismile Estetike","article_modified_time":"2022-12-26T16:36:07+00:00","twitter_card":"summary_large_image","twitter_misc":{"Est. reading time":"3 minutes"},"schema":{"@context":"https:\/\/schema.org","@graph":[{"@type":"WebPage","@id":"https:\/\/ledismile.com\/estetika\/lazer-2\/cynosure-elite-iq\/","url":"https:\/\/ledismile.com\/estetika\/lazer-2\/cynosure-elite-iq\/","name":"Cynosure Elite iQ - Ledismile Estetike","isPartOf":{"@id":"https:\/\/ledismile.com\/estetika\/#website"},"datePublished":"2022-12-21T15:27:58+00:00","dateModified":"2022-12-26T16:36:07+00:00","breadcrumb":{"@id":"https:\/\/ledismile.com\/estetika\/lazer-2\/cynosure-elite-iq\/#breadcrumb"},"inLanguage":"en-US","potentialAction":[{"@type":"ReadAction","target":["https:\/\/ledismile.com\/estetika\/lazer-2\/cynosure-elite-iq\/"]}]},{"@type":"BreadcrumbList","@id":"https:\/\/ledismile.com\/estetika\/lazer-2\/cynosure-elite-iq\/#breadcrumb","itemListElement":[{"@type":"ListItem","position":1,"name":"Home","item":"https:\/\/ledismile.com\/estetika\/"},{"@type":"ListItem","position":2,"name":"Lazer","item":"https:\/\/ledismile.com\/estetika\/lazer-2\/"},{"@type":"ListItem","position":3,"name":"Cynosure Elite iQ"}]},{"@type":"WebSite","@id":"https:\/\/ledismile.com\/estetika\/#website","url":"https:\/\/ledismile.com\/estetika\/","name":"Ledismile Estetike","description":"E ardhmja \u00ebsht\u00eb rinore!","potentialAction":[{"@type":"SearchAction","target":{"@type":"EntryPoint","urlTemplate":"https:\/\/ledismile.com\/estetika\/?s={search_term_string}"},"query-input":"required name=search_term_string"}],"inLanguage":"en-US"}]}},"_links":{"self":[{"href":"https:\/\/ledismile.com\/estetika\/wp-json\/wp\/v2\/pages\/21352"}],"collection":[{"href":"https:\/\/ledismile.com\/estetika\/wp-json\/wp\/v2\/pages"}],"about":[{"href":"https:\/\/ledismile.com\/estetika\/wp-json\/wp\/v2\/types\/page"}],"author":[{"embeddable":true,"href":"https:\/\/ledismile.com\/estetika\/wp-json\/wp\/v2\/users\/1"}],"replies":[{"embeddable":true,"href":"https:\/\/ledismile.com\/estetika\/wp-json\/wp\/v2\/comments?post=21352"}],"version-history":[{"count":4,"href":"https:\/\/ledismile.com\/estetika\/wp-json\/wp\/v2\/pages\/21352\/revisions"}],"predecessor-version":[{"id":21402,"href":"https:\/\/ledismile.com\/estetika\/wp-json\/wp\/v2\/pages\/21352\/revisions\/21402"}],"up":[{"embeddable":true,"href":"https:\/\/ledismile.com\/estetika\/wp-json\/wp\/v2\/pages\/21306"}],"wp:attachment":[{"href":"https:\/\/ledismile.com\/estetika\/wp-json\/wp\/v2\/media?parent=21352"}],"curies":[{"name":"wp","href":"https:\/\/api.w.org\/{rel}","templated":true}]}}