{"id":21356,"date":"2022-12-21T16:47:17","date_gmt":"2022-12-21T16:47:17","guid":{"rendered":"https:\/\/estetika.ledismile.com\/?page_id=21356"},"modified":"2022-12-21T17:14:05","modified_gmt":"2022-12-21T17:14:05","slug":"fizioterapi","status":"publish","type":"page","link":"https:\/\/ledismile.com\/estetika\/trup\/fizioterapi\/","title":{"rendered":"Fizioterapi"},"content":{"rendered":"<p>[vc_row][vc_column width=&#8221;4\/12&#8243;]<div id=\"dt-1671631794439-4f9463ba-95b1\" class=\"dt-custom-nav-wrapper none\" data-delay=\"0\" data-divider = \"yes\" data-link-icon-position = \"outside\" data-default-decoration = \"none\" data-hover-decoration = \"none\"><div class=\"menu-trupi-container\"><ul id=\"menu-trupi\" class=\"custom-sub-nav dt-custom-nav\"><li id=\"menu-item-21516\" class=\"menu-item menu-item-type-post_type menu-item-object-page menu-item-21516\"><a href=\"https:\/\/ledismile.com\/estetika\/trup\/alidya\/\" class=\"item-has-icon icon-position-left\"><i class=\"menu-item-icon\"><\/i><span>Alidya<\/span><\/a><span class=\"divider\"><\/span><\/li>\n<li id=\"menu-item-21517\" class=\"menu-item menu-item-type-post_type menu-item-object-page menu-item-21517\"><a href=\"https:\/\/ledismile.com\/estetika\/trup\/cryolipolysis\/\" class=\"item-has-icon icon-position-left\"><i class=\"menu-item-icon\"><\/i><span>Cryolipolysis<\/span><\/a><span class=\"divider\"><\/span><\/li>\n<li id=\"menu-item-21518\" class=\"menu-item menu-item-type-post_type menu-item-object-page menu-item-21518\"><a href=\"https:\/\/ledismile.com\/estetika\/trup\/eleminimi-i-hiperpigmentimeve\/\" class=\"item-has-icon icon-position-left\"><i class=\"menu-item-icon\"><\/i><span>Eleminimi i hiperpigmentimeve<\/span><\/a><span class=\"divider\"><\/span><\/li>\n<li id=\"menu-item-21519\" class=\"menu-item menu-item-type-post_type menu-item-object-page menu-item-21519\"><a href=\"https:\/\/ledismile.com\/estetika\/trup\/eleminimi-i-kapilareve\/\" class=\"item-has-icon icon-position-left\"><i class=\"menu-item-icon\"><\/i><span>Eleminimi i kapilar\u00ebve<\/span><\/a><span class=\"divider\"><\/span><\/li>\n<li id=\"menu-item-21520\" class=\"menu-item menu-item-type-post_type menu-item-object-page menu-item-21520\"><a href=\"https:\/\/ledismile.com\/estetika\/trup\/eleminimi-i-mykut-ne-thua\/\" class=\"item-has-icon icon-position-left\"><i class=\"menu-item-icon\"><\/i><span>Eleminimi i mykut n\u00eb thua<\/span><\/a><span class=\"divider\"><\/span><\/li>\n<li id=\"menu-item-21521\" class=\"menu-item menu-item-type-post_type menu-item-object-page menu-item-21521\"><a href=\"https:\/\/ledismile.com\/estetika\/trup\/em-shape\/\" class=\"item-has-icon icon-position-left\"><i class=\"menu-item-icon\"><\/i><span>Em-Shape<\/span><\/a><span class=\"divider\"><\/span><\/li>\n<li id=\"menu-item-21526\" class=\"menu-item menu-item-type-post_type menu-item-object-page menu-item-21526\"><a href=\"https:\/\/ledismile.com\/estetika\/trup\/vaginal-hifu\/\" class=\"item-has-icon icon-position-left\"><i class=\"menu-item-icon\"><\/i><span>Vaginal HIFU<\/span><\/a><span class=\"divider\"><\/span><\/li>\n<li id=\"menu-item-21522\" class=\"menu-item menu-item-type-post_type menu-item-object-page menu-item-21522\"><a href=\"https:\/\/ledismile.com\/estetika\/trup\/fizioterapi\/\" class=\"item-has-icon icon-position-left\"><i class=\"menu-item-icon\"><\/i><span>Fizioterapi<\/span><\/a><span class=\"divider\"><\/span><\/li>\n<li id=\"menu-item-21523\" class=\"menu-item menu-item-type-post_type menu-item-object-page menu-item-21523\"><a href=\"https:\/\/ledismile.com\/estetika\/trup\/hifu-body\/\" class=\"item-has-icon icon-position-left\"><i class=\"menu-item-icon\"><\/i><span>HIFU Body<\/span><\/a><span class=\"divider\"><\/span><\/li>\n<li id=\"menu-item-21524\" class=\"menu-item menu-item-type-post_type menu-item-object-page menu-item-21524\"><a href=\"https:\/\/ledismile.com\/estetika\/trup\/masazh-relaksi\/\" class=\"item-has-icon icon-position-left\"><i class=\"menu-item-icon\"><\/i><span>Masazh relaksi<\/span><\/a><span class=\"divider\"><\/span><\/li>\n<li id=\"menu-item-21525\" class=\"menu-item menu-item-type-post_type menu-item-object-page menu-item-21525\"><a href=\"https:\/\/ledismile.com\/estetika\/trup\/shkrirje-dhjami\/\" class=\"item-has-icon icon-position-left\"><i class=\"menu-item-icon\"><\/i><span>Shkrirje Dhjami<\/span><\/a><span class=\"divider\"><\/span><\/li>\n<li id=\"menu-item-21529\" class=\"menu-item menu-item-type-post_type menu-item-object-page menu-item-21529\"><a href=\"https:\/\/ledismile.com\/estetika\/trup\/cavitation-ultrasound\/\" class=\"item-has-icon icon-position-left\"><i class=\"menu-item-icon\"><\/i><span>Cavitation Ultrasound<\/span><\/a><span class=\"divider\"><\/span><\/li>\n<\/ul><\/div><\/div>[\/vc_column][vc_column width=&#8221;5\/12&#8243;][vc_column_text]<strong>Fizioterapi<\/strong> nga staf I certifikuar akademikisht me aparaturat m\u00eb moderne. Terapia p\u00ebrfshin masazh manual, kupa, TECAR, TENS dhe ushtrime n\u00eb baz\u00eb t\u00eb problemit fizik, nervor ose muskulor. K\u00ebto pre\u00e7edura mund t\u00eb vijn\u00eb t\u00eb kombinura n\u00eb nj\u00eb seanc\u00eb os et\u00eb shp\u00ebrndara nga seanca n\u00eb seanc\u00eb.[\/vc_column_text][\/vc_column][vc_column width=&#8221;3\/12&#8243;][vc_single_image image=&#8221;21357&#8243;][\/vc_column][\/vc_row][vc_row][vc_column]<div id=\"1561972688986-db13d32a-503a\" class=\"dt-sc-empty-space\"><\/div>[\/vc_column][\/vc_row][vc_row css=&#8221;.vc_custom_1560941677892{margin-top: 20px !important;margin-right: 1px !important;margin-left: 1px !important;padding-top: 60px !important;padding-right: 4.5% !important;padding-bottom: 70px !important;padding-left: 4.5% !important;background-color: #f4f4f4 !important;}&#8221;][vc_column][vc_custom_heading text=&#8221;Pyetje \/ P\u00ebrgjigje&#8221; font_container=&#8221;tag:h3|text_align:left&#8221; use_theme_fonts=&#8221;yes&#8221;]<div class='dt-sc-toggle-frame-set type2  alignright' data-delay='0'><h5 class='dt-sc-toggle-accordion '><a href='#'>&#8221;Pyetja<\/a><\/h5><div class=\"dt-sc-toggle-content\" style=\"display: none;\"><div class=\"block\">[vc_column_text]P\u00ebrgjigja 1[\/vc_column_text]<ul class='dt-sc-fancy-list    tick' data-delay='0'>\n<li>Nullam dictum felis eu pede mollis pretium.<\/li>\n<li>Vivamus elementum semper nisi.<\/li>\n<li>Donec vitae sapien ut libero venenatis faucibus.<\/li>\n<\/ul><\/div><\/div><h5 class='dt-sc-toggle-accordion '><a href='#'>&#8221;Pyetja<\/a><\/h5><div class=\"dt-sc-toggle-content\" style=\"display: none;\"><div class=\"block\">[vc_column_text]P\u00ebrgjigja 2[\/vc_column_text]<ul class='dt-sc-fancy-list    tick' data-delay='0'>\n<li>Nullam dictum felis eu pede mollis pretium.<\/li>\n<li>Vivamus elementum semper nisi.<\/li>\n<li>Donec vitae sapien ut libero venenatis faucibus.<\/li>\n<\/ul><\/div><\/div><h5 class='dt-sc-toggle-accordion '><a href='#'>&#8221;Can<\/a><\/h5><div class=\"dt-sc-toggle-content\" style=\"display: none;\"><div class=\"block\">[vc_column_text]Duas molestias excepturi sint occaecati cupiditate non provident, similique sunt in culpa qui officia deserunt mollitia animi, id est laborum et dolorum fuga. Et harum quidem rerum facilis est et expedita distinctio.. [\/vc_column_text]<ul class='dt-sc-fancy-list    tick' data-delay='0'>\n<li>Nullam dictum felis eu pede mollis pretium.<\/li>\n<li>Vivamus elementum semper nisi.<\/li>\n<li>Donec vitae sapien ut libero venenatis faucibus.<\/li>\n<\/ul><\/div><\/div><h5 class='dt-sc-toggle-accordion '><a href='#'>&#8221;When<\/a><\/h5><div class=\"dt-sc-toggle-content\" style=\"display: none;\"><div class=\"block\">[vc_column_text]Duas molestias excepturi sint occaecati cupiditate non provident, similique sunt in culpa qui officia deserunt mollitia animi, id est laborum et dolorum fuga. Et harum quidem rerum facilis est et expedita distinctio.. [\/vc_column_text]<ul class='dt-sc-fancy-list    tick' data-delay='0'>\n<li>Nullam dictum felis eu pede mollis pretium.<\/li>\n<li>Vivamus elementum semper nisi.<\/li>\n<li>Donec vitae sapien ut libero venenatis faucibus.<\/li>\n<\/ul><\/div><\/div><\/div>[\/vc_column][\/vc_row][vc_row][vc_column][vc_column_text]<\/p>\n<p>[\/vc_column_text][\/vc_column][\/vc_row][vc_row][vc_column width=&#8221;1\/2&#8243; css=&#8221;.vc_custom_1561009782413{padding-right: 10% !important;}&#8221; offset=&#8221;vc_col-lg-6 vc_col-md-12&#8243; el_class=&#8221;rs_col-sm-12 rs_padding_override_default&#8221;][vc_single_image img_size=&#8221;full&#8221; el_class=&#8221;custom-img-border&#8221;][\/vc_column][vc_column width=&#8221;1\/2&#8243; offset=&#8221;vc_col-lg-6 vc_col-md-12&#8243; el_class=&#8221;rs_col-sm-12&#8243;]<div class='dt-sc-title script-with-sub-title  ' data-delay='0'><h6 class='dt-sc-main-heading'>Botox<\/h6><h3 class='dt-sc-sub-heading'><\/h3><\/div><div id=\"1560936741021-50dfb741-2c95\" class=\"dt-sc-empty-space\"><\/div>[\/vc_column][\/vc_row][vc_row disable_element=&#8221;yes&#8221;][vc_column]<div id=\"1560937663670-b1253be1-f6d2\" class=\"dt-sc-empty-space\"><\/div>[vc_separator color=&#8221;custom&#8221; border_width=&#8221;2&#8243; accent_color=&#8221;#f4f4f4&#8243;]<div id=\"1560940647369-6e48f553-c995\" class=\"dt-sc-empty-space\"><\/div>[\/vc_column][\/vc_row][vc_row equal_height=&#8221;yes&#8221; content_placement=&#8221;middle&#8221; disable_element=&#8221;yes&#8221; css=&#8221;.vc_custom_1640707594710{margin-right: 1px !important;margin-bottom: 2px !important;margin-left: 1px !important;background-color: #f4f4f4 !important;}&#8221;][vc_column width=&#8221;5\/12&#8243; css=&#8221;.vc_custom_1561010055576{padding-right: 0px !important;padding-left: 0px !important;}&#8221; offset=&#8221;vc_col-lg-5 vc_col-md-12 vc_hidden-sm vc_hidden-xs&#8221; el_class=&#8221;rs_col-sm-12&#8243;]<div id=\"1561007892913-cbddee94-a819\" class=\"dt-sc-empty-space\"><\/div>[vc_single_image image=&#8221;20302&#8243; img_size=&#8221;full&#8221; alignment=&#8221;center&#8221; el_class=&#8221;custom-img-border&#8221; css=&#8221;.vc_custom_1561552370885{margin-bottom: 0px !important;}&#8221;][\/vc_column][vc_column width=&#8221;7\/12&#8243; css=&#8221;.vc_custom_1561008373078{padding-top: 40px !important;padding-right: 10% !important;padding-bottom: 50px !important;padding-left: 11% !important;}&#8221; offset=&#8221;vc_col-lg-7 vc_col-md-12&#8243; el_class=&#8221;rs_col-sm-12&#8243;][vc_custom_heading text=&#8221;Skin, Body &amp; Face&#8221; font_container=&#8221;tag:h3|text_align:left&#8221; use_theme_fonts=&#8221;yes&#8221; css=&#8221;.vc_custom_1560940247543{margin-bottom: 25px !important;}&#8221;][vc_custom_heading text=&#8221;Nam eget dui. Etiam rhoncus. Maecenas tempus, tellus eget condimentum rhoncus, sem quam semper libero, sit amet adipiscing sem neque sed ipsum.&#8221; font_container=&#8221;tag:p|text_align:left|line_height:28px&#8221; use_theme_fonts=&#8221;yes&#8221; css=&#8221;.vc_custom_1560939960530{margin-bottom: 25px !important;}&#8221;]<blockquote class='type3  small ' data-delay='0'><q>Etiam sit amet orci eget eros faucibus tincidunt. Sed fringilla mauris sit amet nibh.Nullam quis ante etiam sit amet orci eget.eros faucibus tincidunt duis leo.<\/q><\/blockquote>[\/vc_column][\/vc_row][vc_row equal_height=&#8221;yes&#8221; content_placement=&#8221;middle&#8221; disable_element=&#8221;yes&#8221; css=&#8221;.vc_custom_1640707574537{margin-right: 1px !important;margin-left: 1px !important;background-color: #f4f4f4 !important;}&#8221;][vc_column width=&#8221;7\/12&#8243; css=&#8221;.vc_custom_1561008379714{padding-top: 40px !important;padding-right: 10% !important;padding-bottom: 50px !important;padding-left: 11% !important;}&#8221; offset=&#8221;vc_col-lg-7 vc_col-md-12&#8243; el_class=&#8221;rs_col-sm-12&#8243;][vc_custom_heading text=&#8221;Tests and Consulting&#8221; font_container=&#8221;tag:h3|text_align:left&#8221; use_theme_fonts=&#8221;yes&#8221; css=&#8221;.vc_custom_1560940259718{margin-bottom: 25px !important;}&#8221;][vc_custom_heading text=&#8221;Nam eget dui. Etiam rhoncus. Maecenas tempus, tellus eget condimentum rhoncus, sem quam semper libero, sit amet adipiscing sem neque sed ipsum.&#8221; font_container=&#8221;tag:p|text_align:left|line_height:28px&#8221; use_theme_fonts=&#8221;yes&#8221; css=&#8221;.vc_custom_1560939960530{margin-bottom: 25px !important;}&#8221;]<blockquote class='type3  small ' data-delay='0'><q>Etiam sit amet orci eget eros faucibus tincidunt. Sed fringilla mauris sit amet nibh.Nullam quis ante etiam sit amet orci eget.eros faucibus tincidunt duis leo.<\/q><\/blockquote>[\/vc_column][vc_column width=&#8221;5\/12&#8243; css=&#8221;.vc_custom_1561010061878{padding-right: 0px !important;padding-left: 0px !important;}&#8221; offset=&#8221;vc_col-lg-5 vc_col-md-12 vc_hidden-sm vc_hidden-xs&#8221; el_class=&#8221;rs_col-sm-12&#8243;][vc_single_image image=&#8221;20308&#8243; img_size=&#8221;full&#8221; alignment=&#8221;center&#8221; el_class=&#8221;custom-img-border&#8221; css=&#8221;.vc_custom_1561552494404{margin-bottom: 0px !important;}&#8221;]<div id=\"1561007988084-018f22cb-d858\" class=\"dt-sc-empty-space\"><\/div>[\/vc_column][\/vc_row][vc_row][vc_column]<div id=\"1561972688986-db13d32a-503a\" class=\"dt-sc-empty-space\"><\/div>[\/vc_column][\/vc_row][vc_row css=&#8221;.vc_custom_1560941677892{margin-top: 20px !important;margin-right: 1px !important;margin-left: 1px !important;padding-top: 60px !important;padding-right: 4.5% !important;padding-bottom: 70px !important;padding-left: 4.5% !important;background-color: #f4f4f4 !important;}&#8221;][vc_column][vc_custom_heading text=&#8221;Pyetje \/ P\u00ebrgjigje&#8221; font_container=&#8221;tag:h3|text_align:left&#8221; use_theme_fonts=&#8221;yes&#8221;]<div class='dt-sc-toggle-frame-set type2  alignright' data-delay='0'><h5 class='dt-sc-toggle-accordion '><a href='#'>&#8221;Pyetja<\/a><\/h5><div class=\"dt-sc-toggle-content\" style=\"display: none;\"><div class=\"block\">[vc_column_text]P\u00ebrgjigja 1[\/vc_column_text]<ul class='dt-sc-fancy-list    tick' data-delay='0'>\n<li>Nullam dictum felis eu pede mollis pretium.<\/li>\n<li>Vivamus elementum semper nisi.<\/li>\n<li>Donec vitae sapien ut libero venenatis faucibus.<\/li>\n<\/ul><\/div><\/div><h5 class='dt-sc-toggle-accordion '><a href='#'>&#8221;Pyetja<\/a><\/h5><div class=\"dt-sc-toggle-content\" style=\"display: none;\"><div class=\"block\">[vc_column_text]P\u00ebrgjigja 2[\/vc_column_text]<ul class='dt-sc-fancy-list    tick' data-delay='0'>\n<li>Nullam dictum felis eu pede mollis pretium.<\/li>\n<li>Vivamus elementum semper nisi.<\/li>\n<li>Donec vitae sapien ut libero venenatis faucibus.<\/li>\n<\/ul><\/div><\/div><h5 class='dt-sc-toggle-accordion '><a href='#'>&#8221;Can<\/a><\/h5><div class=\"dt-sc-toggle-content\" style=\"display: none;\"><div class=\"block\">[vc_column_text]Duas molestias excepturi sint occaecati cupiditate non provident, similique sunt in culpa qui officia deserunt mollitia animi, id est laborum et dolorum fuga. Et harum quidem rerum facilis est et expedita distinctio.. [\/vc_column_text]<ul class='dt-sc-fancy-list    tick' data-delay='0'>\n<li>Nullam dictum felis eu pede mollis pretium.<\/li>\n<li>Vivamus elementum semper nisi.<\/li>\n<li>Donec vitae sapien ut libero venenatis faucibus.<\/li>\n<\/ul><\/div><\/div><h5 class='dt-sc-toggle-accordion '><a href='#'>&#8221;When<\/a><\/h5><div class=\"dt-sc-toggle-content\" style=\"display: none;\"><div class=\"block\">[vc_column_text]Duas molestias excepturi sint occaecati cupiditate non provident, similique sunt in culpa qui officia deserunt mollitia animi, id est laborum et dolorum fuga. Et harum quidem rerum facilis est et expedita distinctio.. [\/vc_column_text]<ul class='dt-sc-fancy-list    tick' data-delay='0'>\n<li>Nullam dictum felis eu pede mollis pretium.<\/li>\n<li>Vivamus elementum semper nisi.<\/li>\n<li>Donec vitae sapien ut libero venenatis faucibus.<\/li>\n<\/ul><\/div><\/div><\/div>[\/vc_column][\/vc_row]<\/p>\n","protected":false},"excerpt":{"rendered":"<p>[vc_row][vc_column width=&#8221;4\/12&#8243;][\/vc_column][vc_column width=&#8221;5\/12&#8243;][vc_column_text]Fizioterapi nga staf I certifikuar akademikisht me aparaturat m\u00eb moderne. Terapia p\u00ebrfshin masazh manual, kupa, TECAR, TENS dhe ushtrime n\u00eb baz\u00eb t\u00eb problemit fizik, nervor ose muskulor. K\u00ebto pre\u00e7edura mund t\u00eb vijn\u00eb t\u00eb kombinura n\u00eb nj\u00eb seanc\u00eb os et\u00eb shp\u00ebrndara nga seanca n\u00eb seanc\u00eb.[\/vc_column_text][\/vc_column][vc_column width=&#8221;3\/12&#8243;][vc_single_image image=&#8221;21357&#8243;][\/vc_column][\/vc_row][vc_row][vc_column][\/vc_column][\/vc_row][vc_row css=&#8221;.vc_custom_1560941677892{margin-top: 20px !important;margin-right: 1px !important;margin-left: 1px !important;padding-top: [&hellip;]<\/p>\n","protected":false},"author":1,"featured_media":0,"parent":21304,"menu_order":0,"comment_status":"closed","ping_status":"closed","template":"","meta":[],"yoast_head":"<!-- This site is optimized with the Yoast SEO plugin v20.8 - https:\/\/yoast.com\/wordpress\/plugins\/seo\/ -->\n<title>Fizioterapi - Ledismile Estetike<\/title>\n<meta name=\"robots\" content=\"index, follow, max-snippet:-1, max-image-preview:large, max-video-preview:-1\" \/>\n<link rel=\"canonical\" href=\"https:\/\/ledismile.com\/estetika\/trup\/fizioterapi\/\" \/>\n<meta property=\"og:locale\" content=\"en_US\" \/>\n<meta property=\"og:type\" content=\"article\" \/>\n<meta property=\"og:title\" content=\"Fizioterapi - Ledismile Estetike\" \/>\n<meta property=\"og:description\" content=\"[vc_row][vc_column width=&#8221;4\/12&#8243;][\/vc_column][vc_column width=&#8221;5\/12&#8243;][vc_column_text]Fizioterapi nga staf I certifikuar akademikisht me aparaturat m\u00eb moderne. Terapia p\u00ebrfshin masazh manual, kupa, TECAR, TENS dhe ushtrime n\u00eb baz\u00eb t\u00eb problemit fizik, nervor ose muskulor. K\u00ebto pre\u00e7edura mund t\u00eb vijn\u00eb t\u00eb kombinura n\u00eb nj\u00eb seanc\u00eb os et\u00eb shp\u00ebrndara nga seanca n\u00eb seanc\u00eb.[\/vc_column_text][\/vc_column][vc_column width=&#8221;3\/12&#8243;][vc_single_image image=&#8221;21357&#8243;][\/vc_column][\/vc_row][vc_row][vc_column][\/vc_column][\/vc_row][vc_row css=&#8221;.vc_custom_1560941677892{margin-top: 20px !important;margin-right: 1px !important;margin-left: 1px !important;padding-top: [&hellip;]\" \/>\n<meta property=\"og:url\" content=\"https:\/\/ledismile.com\/estetika\/trup\/fizioterapi\/\" \/>\n<meta property=\"og:site_name\" content=\"Ledismile Estetike\" \/>\n<meta property=\"article:modified_time\" content=\"2022-12-21T17:14:05+00:00\" \/>\n<meta name=\"twitter:card\" content=\"summary_large_image\" \/>\n<meta name=\"twitter:label1\" content=\"Est. reading time\" \/>\n\t<meta name=\"twitter:data1\" content=\"7 minutes\" \/>\n<script type=\"application\/ld+json\" class=\"yoast-schema-graph\">{\"@context\":\"https:\/\/schema.org\",\"@graph\":[{\"@type\":\"WebPage\",\"@id\":\"https:\/\/ledismile.com\/estetika\/trup\/fizioterapi\/\",\"url\":\"https:\/\/ledismile.com\/estetika\/trup\/fizioterapi\/\",\"name\":\"Fizioterapi - Ledismile Estetike\",\"isPartOf\":{\"@id\":\"https:\/\/ledismile.com\/estetika\/#website\"},\"datePublished\":\"2022-12-21T16:47:17+00:00\",\"dateModified\":\"2022-12-21T17:14:05+00:00\",\"breadcrumb\":{\"@id\":\"https:\/\/ledismile.com\/estetika\/trup\/fizioterapi\/#breadcrumb\"},\"inLanguage\":\"en-US\",\"potentialAction\":[{\"@type\":\"ReadAction\",\"target\":[\"https:\/\/ledismile.com\/estetika\/trup\/fizioterapi\/\"]}]},{\"@type\":\"BreadcrumbList\",\"@id\":\"https:\/\/ledismile.com\/estetika\/trup\/fizioterapi\/#breadcrumb\",\"itemListElement\":[{\"@type\":\"ListItem\",\"position\":1,\"name\":\"Home\",\"item\":\"https:\/\/ledismile.com\/estetika\/\"},{\"@type\":\"ListItem\",\"position\":2,\"name\":\"Trup\",\"item\":\"https:\/\/ledismile.com\/estetika\/trup\/\"},{\"@type\":\"ListItem\",\"position\":3,\"name\":\"Fizioterapi\"}]},{\"@type\":\"WebSite\",\"@id\":\"https:\/\/ledismile.com\/estetika\/#website\",\"url\":\"https:\/\/ledismile.com\/estetika\/\",\"name\":\"Ledismile Estetike\",\"description\":\"E ardhmja \u00ebsht\u00eb rinore!\",\"potentialAction\":[{\"@type\":\"SearchAction\",\"target\":{\"@type\":\"EntryPoint\",\"urlTemplate\":\"https:\/\/ledismile.com\/estetika\/?s={search_term_string}\"},\"query-input\":\"required name=search_term_string\"}],\"inLanguage\":\"en-US\"}]}<\/script>\n<!-- \/ Yoast SEO plugin. -->","yoast_head_json":{"title":"Fizioterapi - Ledismile Estetike","robots":{"index":"index","follow":"follow","max-snippet":"max-snippet:-1","max-image-preview":"max-image-preview:large","max-video-preview":"max-video-preview:-1"},"canonical":"https:\/\/ledismile.com\/estetika\/trup\/fizioterapi\/","og_locale":"en_US","og_type":"article","og_title":"Fizioterapi - Ledismile Estetike","og_description":"[vc_row][vc_column width=&#8221;4\/12&#8243;][\/vc_column][vc_column width=&#8221;5\/12&#8243;][vc_column_text]Fizioterapi nga staf I certifikuar akademikisht me aparaturat m\u00eb moderne. Terapia p\u00ebrfshin masazh manual, kupa, TECAR, TENS dhe ushtrime n\u00eb baz\u00eb t\u00eb problemit fizik, nervor ose muskulor. K\u00ebto pre\u00e7edura mund t\u00eb vijn\u00eb t\u00eb kombinura n\u00eb nj\u00eb seanc\u00eb os et\u00eb shp\u00ebrndara nga seanca n\u00eb seanc\u00eb.[\/vc_column_text][\/vc_column][vc_column width=&#8221;3\/12&#8243;][vc_single_image image=&#8221;21357&#8243;][\/vc_column][\/vc_row][vc_row][vc_column][\/vc_column][\/vc_row][vc_row css=&#8221;.vc_custom_1560941677892{margin-top: 20px !important;margin-right: 1px !important;margin-left: 1px !important;padding-top: [&hellip;]","og_url":"https:\/\/ledismile.com\/estetika\/trup\/fizioterapi\/","og_site_name":"Ledismile Estetike","article_modified_time":"2022-12-21T17:14:05+00:00","twitter_card":"summary_large_image","twitter_misc":{"Est. reading time":"7 minutes"},"schema":{"@context":"https:\/\/schema.org","@graph":[{"@type":"WebPage","@id":"https:\/\/ledismile.com\/estetika\/trup\/fizioterapi\/","url":"https:\/\/ledismile.com\/estetika\/trup\/fizioterapi\/","name":"Fizioterapi - Ledismile Estetike","isPartOf":{"@id":"https:\/\/ledismile.com\/estetika\/#website"},"datePublished":"2022-12-21T16:47:17+00:00","dateModified":"2022-12-21T17:14:05+00:00","breadcrumb":{"@id":"https:\/\/ledismile.com\/estetika\/trup\/fizioterapi\/#breadcrumb"},"inLanguage":"en-US","potentialAction":[{"@type":"ReadAction","target":["https:\/\/ledismile.com\/estetika\/trup\/fizioterapi\/"]}]},{"@type":"BreadcrumbList","@id":"https:\/\/ledismile.com\/estetika\/trup\/fizioterapi\/#breadcrumb","itemListElement":[{"@type":"ListItem","position":1,"name":"Home","item":"https:\/\/ledismile.com\/estetika\/"},{"@type":"ListItem","position":2,"name":"Trup","item":"https:\/\/ledismile.com\/estetika\/trup\/"},{"@type":"ListItem","position":3,"name":"Fizioterapi"}]},{"@type":"WebSite","@id":"https:\/\/ledismile.com\/estetika\/#website","url":"https:\/\/ledismile.com\/estetika\/","name":"Ledismile Estetike","description":"E ardhmja \u00ebsht\u00eb rinore!","potentialAction":[{"@type":"SearchAction","target":{"@type":"EntryPoint","urlTemplate":"https:\/\/ledismile.com\/estetika\/?s={search_term_string}"},"query-input":"required name=search_term_string"}],"inLanguage":"en-US"}]}},"_links":{"self":[{"href":"https:\/\/ledismile.com\/estetika\/wp-json\/wp\/v2\/pages\/21356"}],"collection":[{"href":"https:\/\/ledismile.com\/estetika\/wp-json\/wp\/v2\/pages"}],"about":[{"href":"https:\/\/ledismile.com\/estetika\/wp-json\/wp\/v2\/types\/page"}],"author":[{"embeddable":true,"href":"https:\/\/ledismile.com\/estetika\/wp-json\/wp\/v2\/users\/1"}],"replies":[{"embeddable":true,"href":"https:\/\/ledismile.com\/estetika\/wp-json\/wp\/v2\/comments?post=21356"}],"version-history":[{"count":1,"href":"https:\/\/ledismile.com\/estetika\/wp-json\/wp\/v2\/pages\/21356\/revisions"}],"predecessor-version":[{"id":21358,"href":"https:\/\/ledismile.com\/estetika\/wp-json\/wp\/v2\/pages\/21356\/revisions\/21358"}],"up":[{"embeddable":true,"href":"https:\/\/ledismile.com\/estetika\/wp-json\/wp\/v2\/pages\/21304"}],"wp:attachment":[{"href":"https:\/\/ledismile.com\/estetika\/wp-json\/wp\/v2\/media?parent=21356"}],"curies":[{"name":"wp","href":"https:\/\/api.w.org\/{rel}","templated":true}]}}