{"id":21361,"date":"2022-12-22T14:02:53","date_gmt":"2022-12-22T14:02:53","guid":{"rendered":"https:\/\/estetika.ledismile.com\/?page_id=21361"},"modified":"2022-12-22T14:04:02","modified_gmt":"2022-12-22T14:04:02","slug":"fraxel-co2","status":"publish","type":"page","link":"https:\/\/ledismile.com\/estetika\/fytyre\/fraxel-co2\/","title":{"rendered":"Fraxel CO2"},"content":{"rendered":"<p>[vc_row][vc_column width=&#8221;4\/12&#8243;]<div id=\"dt-1671631794439-4f9463ba-95b1\" class=\"dt-custom-nav-wrapper none\" data-delay=\"0\" data-divider = \"yes\" data-link-icon-position = \"outside\" data-default-decoration = \"none\" data-hover-decoration = \"none\"><div class=\"menu-fytyre-container\"><ul id=\"menu-fytyre\" class=\"custom-sub-nav dt-custom-nav\"><li id=\"menu-item-21497\" class=\"menu-item menu-item-type-post_type menu-item-object-page menu-item-21497\"><a href=\"https:\/\/ledismile.com\/estetika\/fytyre\/acidi-hialuronik\/\" class=\"item-has-icon icon-position-left\"><i class=\"menu-item-icon\"><\/i><span>Acidi hialuronik<\/span><\/a><span class=\"divider\"><\/span><\/li>\n<li id=\"menu-item-21503\" class=\"menu-item menu-item-type-post_type menu-item-object-page menu-item-21503\"><a href=\"https:\/\/ledismile.com\/estetika\/fytyre\/trajtim-anti-rrudhe\/\" class=\"item-has-icon icon-position-left\"><i class=\"menu-item-icon\"><\/i><span>Trajtim anti-rrudh\u00eb<\/span><\/a><span class=\"divider\"><\/span><\/li>\n<li id=\"menu-item-21321\" class=\"menu-item menu-item-type-post_type menu-item-object-page menu-item-21321\"><a href=\"https:\/\/ledismile.com\/estetika\/fytyre\/acidi-hialuronik\/\" class=\"item-has-icon icon-position-left\"><i class=\"menu-item-icon\"><\/i><span>Acidi hialuronik<\/span><\/a><span class=\"divider\"><\/span><\/li>\n<li id=\"menu-item-21488\" class=\"menu-item menu-item-type-post_type menu-item-object-page menu-item-21488\"><a href=\"https:\/\/ledismile.com\/estetika\/fytyre\/dermapen-4\/\" class=\"item-has-icon icon-position-left\"><i class=\"menu-item-icon\"><\/i><span>Dermapen 4<\/span><\/a><span class=\"divider\"><\/span><\/li>\n<li id=\"menu-item-21493\" class=\"menu-item menu-item-type-post_type menu-item-object-page menu-item-21493\"><a href=\"https:\/\/ledismile.com\/estetika\/fytyre\/fraxel-co2\/\" class=\"item-has-icon icon-position-left\"><i class=\"menu-item-icon\"><\/i><span>Fraxel CO2<\/span><\/a><span class=\"divider\"><\/span><\/li>\n<li id=\"menu-item-21499\" class=\"menu-item menu-item-type-post_type menu-item-object-page menu-item-21499\"><a href=\"https:\/\/ledismile.com\/estetika\/fytyre\/peeling\/\" class=\"item-has-icon icon-position-left\"><i class=\"menu-item-icon\"><\/i><span>Peeling<\/span><\/a><span class=\"divider\"><\/span><\/li>\n<li id=\"menu-item-21496\" class=\"menu-item menu-item-type-post_type menu-item-object-page menu-item-21496\"><a href=\"https:\/\/ledismile.com\/estetika\/fytyre\/hydrafacial-2\/\" class=\"item-has-icon icon-position-left\"><i class=\"menu-item-icon\"><\/i><span>Lipolitik\u00eb<\/span><\/a><span class=\"divider\"><\/span><\/li>\n<li id=\"menu-item-21498\" class=\"menu-item menu-item-type-post_type menu-item-object-page menu-item-21498\"><a href=\"https:\/\/ledismile.com\/estetika\/fytyre\/profhilo\/\" class=\"item-has-icon icon-position-left\"><i class=\"menu-item-icon\"><\/i><span>Profhilo<\/span><\/a><span class=\"divider\"><\/span><\/li>\n<li id=\"menu-item-21489\" class=\"menu-item menu-item-type-post_type menu-item-object-page menu-item-21489\"><a href=\"https:\/\/ledismile.com\/estetika\/fytyre\/ejal-40\/\" class=\"item-has-icon icon-position-left\"><i class=\"menu-item-icon\"><\/i><span>Ejal 40<\/span><\/a><span class=\"divider\"><\/span><\/li>\n<li id=\"menu-item-21490\" class=\"menu-item menu-item-type-post_type menu-item-object-page menu-item-21490\"><a href=\"https:\/\/ledismile.com\/estetika\/fytyre\/eleminimi-i-hiperpigmentimeve\/\" class=\"item-has-icon icon-position-left\"><i class=\"menu-item-icon\"><\/i><span>Eleminim i hiperpigmentimeve<\/span><\/a><span class=\"divider\"><\/span><\/li>\n<li id=\"menu-item-21491\" class=\"menu-item menu-item-type-post_type menu-item-object-page menu-item-21491\"><a href=\"https:\/\/ledismile.com\/estetika\/fytyre\/eleminimi-i-kapilareve\/\" class=\"item-has-icon icon-position-left\"><i class=\"menu-item-icon\"><\/i><span>Eleminimi i kapilar\u00ebve<\/span><\/a><span class=\"divider\"><\/span><\/li>\n<li id=\"menu-item-21495\" class=\"menu-item menu-item-type-post_type menu-item-object-page menu-item-21495\"><a href=\"https:\/\/ledismile.com\/estetika\/fytyre\/hydrafacial\/\" class=\"item-has-icon icon-position-left\"><i class=\"menu-item-icon\"><\/i><span>Hydrafacial<\/span><\/a><span class=\"divider\"><\/span><\/li>\n<li id=\"menu-item-21494\" class=\"menu-item menu-item-type-post_type menu-item-object-page menu-item-21494\"><a href=\"https:\/\/ledismile.com\/estetika\/fytyre\/hifu-fytyre\/\" class=\"item-has-icon icon-position-left\"><i class=\"menu-item-icon\"><\/i><span>HIFU Fytyr\u00eb<\/span><\/a><span class=\"divider\"><\/span><\/li>\n<li id=\"menu-item-21492\" class=\"menu-item menu-item-type-post_type menu-item-object-page menu-item-21492\"><a href=\"https:\/\/ledismile.com\/estetika\/fytyre\/foxy-eyes\/\" class=\"item-has-icon icon-position-left\"><i class=\"menu-item-icon\"><\/i><span>Foxy Eyes<\/span><\/a><span class=\"divider\"><\/span><\/li>\n<\/ul><\/div><\/div>[\/vc_column][vc_column width=&#8221;5\/12&#8243;][vc_column_text]CO2 Fraxel \u00ebsht\u00eb nj\u00eb procedur\u00eb jo-invazive q\u00eb p\u00ebrdor lazer, t\u00eb b\u00ebr\u00eb posa\u00e7\u00ebrisht nga dioksidi i karbonit, p\u00ebr t\u00eb hequr shtresat e jashtme t\u00eb l\u00ebkur\u00ebs s\u00eb d\u00ebmtuar.<br \/>\nFraxel trajton:<br \/>\n\u2022 Shenjat e akneve,<br \/>\n\u2022 Njollat e mosh\u00ebs,<br \/>\n\u2022 Rrudhat e mosh\u00eb,<br \/>\n\u2022 Rrudhat anash syve,<br \/>\n\u2022 Rrudhat rreth hund\u00ebs ,<br \/>\n\u2022 Linjat e holla,<br \/>\n\u2022 Strija,<br \/>\n\u2022 Hiperpigmentimi,<br \/>\n\u2022 L\u00ebkur\u00eb e varur,<br \/>\n\u2022 D\u00ebmtimi nga dielli,<br \/>\n\u2022 Poret e zgjeruara,<br \/>\n\u2022 Toni i pabarabart\u00eb i l\u00ebkur\u00ebs,<br \/>\n\u2022 Lythat.<\/p>\n<p>Energjia t\u00eb drit\u00ebs me puls t\u00eb shkurt\u00ebr heq shtresat e holla, t\u00eb jashtme t\u00eb l\u00ebkur\u00ebs s\u00eb d\u00ebmtuar. Pasi t\u00eb eliminohen qelizat e vdekura t\u00eb l\u00ebkur\u00ebs, procedura aktivizon prodhimin e zonave t\u00eb shumta mikrotermale q\u00eb arrijn\u00eb thell\u00eb n\u00eb l\u00ebkur\u00eb. N\u00ebp\u00ebrmjet k\u00ebsaj, stimulohet procesi natyral i sh\u00ebrimit t\u00eb zon\u00ebs dhe nxitet prodhimi i kolagjenit duke z\u00ebvend\u00ebsuar qelizat e vjetra, t\u00eb d\u00ebmtuara me l\u00ebkur\u00eb t\u00eb re dhe t\u00eb sh\u00ebndetshme.[\/vc_column_text][\/vc_column][vc_column width=&#8221;3\/12&#8243;][vc_single_image image=&#8221;21362&#8243; img_size=&#8221;full&#8221; el_class=&#8221;custom-img-border&#8221;][vc_column_text][\/vc_column_text][\/vc_column][\/vc_row][vc_row][vc_column]<div id=\"1561972688986-db13d32a-503a\" class=\"dt-sc-empty-space\"><\/div>[\/vc_column][\/vc_row][vc_row css=&#8221;.vc_custom_1560941677892{margin-top: 20px !important;margin-right: 1px !important;margin-left: 1px !important;padding-top: 60px !important;padding-right: 4.5% !important;padding-bottom: 70px !important;padding-left: 4.5% !important;background-color: #f4f4f4 !important;}&#8221;][vc_column][vc_custom_heading text=&#8221;Pyetje \/ P\u00ebrgjigje&#8221; font_container=&#8221;tag:h3|text_align:left&#8221; use_theme_fonts=&#8221;yes&#8221;]<div class='dt-sc-toggle-frame-set type2  alignright' data-delay='0'><h5 class='dt-sc-toggle-accordion '><a href='#'>&#8221;Pyetja<\/a><\/h5><div class=\"dt-sc-toggle-content\" style=\"display: none;\"><div class=\"block\">[vc_column_text]P\u00ebrgjigja 1[\/vc_column_text]<ul class='dt-sc-fancy-list    tick' data-delay='0'>\n<li>Nullam dictum felis eu pede mollis pretium.<\/li>\n<li>Vivamus elementum semper nisi.<\/li>\n<li>Donec vitae sapien ut libero venenatis faucibus.<\/li>\n<\/ul><\/div><\/div><h5 class='dt-sc-toggle-accordion '><a href='#'>&#8221;Pyetja<\/a><\/h5><div class=\"dt-sc-toggle-content\" style=\"display: none;\"><div class=\"block\">[vc_column_text]P\u00ebrgjigja 2[\/vc_column_text]<ul class='dt-sc-fancy-list    tick' data-delay='0'>\n<li>Nullam dictum felis eu pede mollis pretium.<\/li>\n<li>Vivamus elementum semper nisi.<\/li>\n<li>Donec vitae sapien ut libero venenatis faucibus.<\/li>\n<\/ul><\/div><\/div><h5 class='dt-sc-toggle-accordion '><a href='#'>&#8221;Can<\/a><\/h5><div class=\"dt-sc-toggle-content\" style=\"display: none;\"><div class=\"block\">[vc_column_text]Duas molestias excepturi sint occaecati cupiditate non provident, similique sunt in culpa qui officia deserunt mollitia animi, id est laborum et dolorum fuga. Et harum quidem rerum facilis est et expedita distinctio.. [\/vc_column_text]<ul class='dt-sc-fancy-list    tick' data-delay='0'>\n<li>Nullam dictum felis eu pede mollis pretium.<\/li>\n<li>Vivamus elementum semper nisi.<\/li>\n<li>Donec vitae sapien ut libero venenatis faucibus.<\/li>\n<\/ul><\/div><\/div><h5 class='dt-sc-toggle-accordion '><a href='#'>&#8221;When<\/a><\/h5><div class=\"dt-sc-toggle-content\" style=\"display: none;\"><div class=\"block\">[vc_column_text]Duas molestias excepturi sint occaecati cupiditate non provident, similique sunt in culpa qui officia deserunt mollitia animi, id est laborum et dolorum fuga. Et harum quidem rerum facilis est et expedita distinctio.. [\/vc_column_text]<ul class='dt-sc-fancy-list    tick' data-delay='0'>\n<li>Nullam dictum felis eu pede mollis pretium.<\/li>\n<li>Vivamus elementum semper nisi.<\/li>\n<li>Donec vitae sapien ut libero venenatis faucibus.<\/li>\n<\/ul><\/div><\/div><\/div>[\/vc_column][\/vc_row]<\/p>\n","protected":false},"excerpt":{"rendered":"<p>[vc_row][vc_column width=&#8221;4\/12&#8243;][\/vc_column][vc_column width=&#8221;5\/12&#8243;][vc_column_text]CO2 Fraxel \u00ebsht\u00eb nj\u00eb procedur\u00eb jo-invazive q\u00eb p\u00ebrdor lazer, t\u00eb b\u00ebr\u00eb posa\u00e7\u00ebrisht nga dioksidi i karbonit, p\u00ebr t\u00eb hequr shtresat e jashtme t\u00eb l\u00ebkur\u00ebs s\u00eb d\u00ebmtuar. Fraxel trajton: \u2022 Shenjat e akneve, \u2022 Njollat e mosh\u00ebs, \u2022 Rrudhat e mosh\u00eb, \u2022 Rrudhat anash syve, \u2022 Rrudhat rreth hund\u00ebs , \u2022 Linjat e holla, [&hellip;]<\/p>\n","protected":false},"author":1,"featured_media":0,"parent":21299,"menu_order":0,"comment_status":"closed","ping_status":"closed","template":"","meta":[],"yoast_head":"<!-- This site is optimized with the Yoast SEO plugin v20.8 - https:\/\/yoast.com\/wordpress\/plugins\/seo\/ -->\n<title>Fraxel CO2 - Ledismile Estetike<\/title>\n<meta name=\"robots\" content=\"index, follow, max-snippet:-1, max-image-preview:large, max-video-preview:-1\" \/>\n<link rel=\"canonical\" href=\"https:\/\/ledismile.com\/estetika\/fytyre\/fraxel-co2\/\" \/>\n<meta property=\"og:locale\" content=\"en_US\" \/>\n<meta property=\"og:type\" content=\"article\" \/>\n<meta property=\"og:title\" content=\"Fraxel CO2 - Ledismile Estetike\" \/>\n<meta property=\"og:description\" content=\"[vc_row][vc_column width=&#8221;4\/12&#8243;][\/vc_column][vc_column width=&#8221;5\/12&#8243;][vc_column_text]CO2 Fraxel \u00ebsht\u00eb nj\u00eb procedur\u00eb jo-invazive q\u00eb p\u00ebrdor lazer, t\u00eb b\u00ebr\u00eb posa\u00e7\u00ebrisht nga dioksidi i karbonit, p\u00ebr t\u00eb hequr shtresat e jashtme t\u00eb l\u00ebkur\u00ebs s\u00eb d\u00ebmtuar. Fraxel trajton: \u2022 Shenjat e akneve, \u2022 Njollat e mosh\u00ebs, \u2022 Rrudhat e mosh\u00eb, \u2022 Rrudhat anash syve, \u2022 Rrudhat rreth hund\u00ebs , \u2022 Linjat e holla, [&hellip;]\" \/>\n<meta property=\"og:url\" content=\"https:\/\/ledismile.com\/estetika\/fytyre\/fraxel-co2\/\" \/>\n<meta property=\"og:site_name\" content=\"Ledismile Estetike\" \/>\n<meta property=\"article:modified_time\" content=\"2022-12-22T14:04:02+00:00\" \/>\n<meta name=\"twitter:card\" content=\"summary_large_image\" \/>\n<meta name=\"twitter:label1\" content=\"Est. reading time\" \/>\n\t<meta name=\"twitter:data1\" content=\"3 minutes\" \/>\n<script type=\"application\/ld+json\" class=\"yoast-schema-graph\">{\"@context\":\"https:\/\/schema.org\",\"@graph\":[{\"@type\":\"WebPage\",\"@id\":\"https:\/\/ledismile.com\/estetika\/fytyre\/fraxel-co2\/\",\"url\":\"https:\/\/ledismile.com\/estetika\/fytyre\/fraxel-co2\/\",\"name\":\"Fraxel CO2 - Ledismile Estetike\",\"isPartOf\":{\"@id\":\"https:\/\/ledismile.com\/estetika\/#website\"},\"datePublished\":\"2022-12-22T14:02:53+00:00\",\"dateModified\":\"2022-12-22T14:04:02+00:00\",\"breadcrumb\":{\"@id\":\"https:\/\/ledismile.com\/estetika\/fytyre\/fraxel-co2\/#breadcrumb\"},\"inLanguage\":\"en-US\",\"potentialAction\":[{\"@type\":\"ReadAction\",\"target\":[\"https:\/\/ledismile.com\/estetika\/fytyre\/fraxel-co2\/\"]}]},{\"@type\":\"BreadcrumbList\",\"@id\":\"https:\/\/ledismile.com\/estetika\/fytyre\/fraxel-co2\/#breadcrumb\",\"itemListElement\":[{\"@type\":\"ListItem\",\"position\":1,\"name\":\"Home\",\"item\":\"https:\/\/ledismile.com\/estetika\/\"},{\"@type\":\"ListItem\",\"position\":2,\"name\":\"Fytyr\u00eb\",\"item\":\"https:\/\/ledismile.com\/estetika\/fytyre\/\"},{\"@type\":\"ListItem\",\"position\":3,\"name\":\"Fraxel CO2\"}]},{\"@type\":\"WebSite\",\"@id\":\"https:\/\/ledismile.com\/estetika\/#website\",\"url\":\"https:\/\/ledismile.com\/estetika\/\",\"name\":\"Ledismile Estetike\",\"description\":\"E ardhmja \u00ebsht\u00eb rinore!\",\"potentialAction\":[{\"@type\":\"SearchAction\",\"target\":{\"@type\":\"EntryPoint\",\"urlTemplate\":\"https:\/\/ledismile.com\/estetika\/?s={search_term_string}\"},\"query-input\":\"required name=search_term_string\"}],\"inLanguage\":\"en-US\"}]}<\/script>\n<!-- \/ Yoast SEO plugin. -->","yoast_head_json":{"title":"Fraxel CO2 - Ledismile Estetike","robots":{"index":"index","follow":"follow","max-snippet":"max-snippet:-1","max-image-preview":"max-image-preview:large","max-video-preview":"max-video-preview:-1"},"canonical":"https:\/\/ledismile.com\/estetika\/fytyre\/fraxel-co2\/","og_locale":"en_US","og_type":"article","og_title":"Fraxel CO2 - Ledismile Estetike","og_description":"[vc_row][vc_column width=&#8221;4\/12&#8243;][\/vc_column][vc_column width=&#8221;5\/12&#8243;][vc_column_text]CO2 Fraxel \u00ebsht\u00eb nj\u00eb procedur\u00eb jo-invazive q\u00eb p\u00ebrdor lazer, t\u00eb b\u00ebr\u00eb posa\u00e7\u00ebrisht nga dioksidi i karbonit, p\u00ebr t\u00eb hequr shtresat e jashtme t\u00eb l\u00ebkur\u00ebs s\u00eb d\u00ebmtuar. Fraxel trajton: \u2022 Shenjat e akneve, \u2022 Njollat e mosh\u00ebs, \u2022 Rrudhat e mosh\u00eb, \u2022 Rrudhat anash syve, \u2022 Rrudhat rreth hund\u00ebs , \u2022 Linjat e holla, [&hellip;]","og_url":"https:\/\/ledismile.com\/estetika\/fytyre\/fraxel-co2\/","og_site_name":"Ledismile Estetike","article_modified_time":"2022-12-22T14:04:02+00:00","twitter_card":"summary_large_image","twitter_misc":{"Est. reading time":"3 minutes"},"schema":{"@context":"https:\/\/schema.org","@graph":[{"@type":"WebPage","@id":"https:\/\/ledismile.com\/estetika\/fytyre\/fraxel-co2\/","url":"https:\/\/ledismile.com\/estetika\/fytyre\/fraxel-co2\/","name":"Fraxel CO2 - Ledismile Estetike","isPartOf":{"@id":"https:\/\/ledismile.com\/estetika\/#website"},"datePublished":"2022-12-22T14:02:53+00:00","dateModified":"2022-12-22T14:04:02+00:00","breadcrumb":{"@id":"https:\/\/ledismile.com\/estetika\/fytyre\/fraxel-co2\/#breadcrumb"},"inLanguage":"en-US","potentialAction":[{"@type":"ReadAction","target":["https:\/\/ledismile.com\/estetika\/fytyre\/fraxel-co2\/"]}]},{"@type":"BreadcrumbList","@id":"https:\/\/ledismile.com\/estetika\/fytyre\/fraxel-co2\/#breadcrumb","itemListElement":[{"@type":"ListItem","position":1,"name":"Home","item":"https:\/\/ledismile.com\/estetika\/"},{"@type":"ListItem","position":2,"name":"Fytyr\u00eb","item":"https:\/\/ledismile.com\/estetika\/fytyre\/"},{"@type":"ListItem","position":3,"name":"Fraxel CO2"}]},{"@type":"WebSite","@id":"https:\/\/ledismile.com\/estetika\/#website","url":"https:\/\/ledismile.com\/estetika\/","name":"Ledismile Estetike","description":"E ardhmja \u00ebsht\u00eb rinore!","potentialAction":[{"@type":"SearchAction","target":{"@type":"EntryPoint","urlTemplate":"https:\/\/ledismile.com\/estetika\/?s={search_term_string}"},"query-input":"required name=search_term_string"}],"inLanguage":"en-US"}]}},"_links":{"self":[{"href":"https:\/\/ledismile.com\/estetika\/wp-json\/wp\/v2\/pages\/21361"}],"collection":[{"href":"https:\/\/ledismile.com\/estetika\/wp-json\/wp\/v2\/pages"}],"about":[{"href":"https:\/\/ledismile.com\/estetika\/wp-json\/wp\/v2\/types\/page"}],"author":[{"embeddable":true,"href":"https:\/\/ledismile.com\/estetika\/wp-json\/wp\/v2\/users\/1"}],"replies":[{"embeddable":true,"href":"https:\/\/ledismile.com\/estetika\/wp-json\/wp\/v2\/comments?post=21361"}],"version-history":[{"count":2,"href":"https:\/\/ledismile.com\/estetika\/wp-json\/wp\/v2\/pages\/21361\/revisions"}],"predecessor-version":[{"id":21364,"href":"https:\/\/ledismile.com\/estetika\/wp-json\/wp\/v2\/pages\/21361\/revisions\/21364"}],"up":[{"embeddable":true,"href":"https:\/\/ledismile.com\/estetika\/wp-json\/wp\/v2\/pages\/21299"}],"wp:attachment":[{"href":"https:\/\/ledismile.com\/estetika\/wp-json\/wp\/v2\/media?parent=21361"}],"curies":[{"name":"wp","href":"https:\/\/api.w.org\/{rel}","templated":true}]}}