{"id":21390,"date":"2022-12-26T15:13:01","date_gmt":"2022-12-26T15:13:01","guid":{"rendered":"https:\/\/estetika.ledismile.com\/?page_id=21390"},"modified":"2022-12-26T15:18:15","modified_gmt":"2022-12-26T15:18:15","slug":"profhilo","status":"publish","type":"page","link":"https:\/\/ledismile.com\/estetika\/fytyre\/profhilo\/","title":{"rendered":"Profhilo"},"content":{"rendered":"<p>[vc_row][vc_column width=&#8221;4\/12&#8243;]<div id=\"dt-1671631794439-4f9463ba-95b1\" class=\"dt-custom-nav-wrapper none\" data-delay=\"0\" data-divider = \"yes\" data-link-icon-position = \"outside\" data-default-decoration = \"none\" data-hover-decoration = \"none\"><div class=\"menu-fytyre-container\"><ul id=\"menu-fytyre\" class=\"custom-sub-nav dt-custom-nav\"><li id=\"menu-item-21497\" class=\"menu-item menu-item-type-post_type menu-item-object-page menu-item-21497\"><a href=\"https:\/\/ledismile.com\/estetika\/fytyre\/acidi-hialuronik\/\" class=\"item-has-icon icon-position-left\"><i class=\"menu-item-icon\"><\/i><span>Acidi hialuronik<\/span><\/a><span class=\"divider\"><\/span><\/li>\n<li id=\"menu-item-21503\" class=\"menu-item menu-item-type-post_type menu-item-object-page menu-item-21503\"><a href=\"https:\/\/ledismile.com\/estetika\/fytyre\/trajtim-anti-rrudhe\/\" class=\"item-has-icon icon-position-left\"><i class=\"menu-item-icon\"><\/i><span>Trajtim anti-rrudh\u00eb<\/span><\/a><span class=\"divider\"><\/span><\/li>\n<li id=\"menu-item-21321\" class=\"menu-item menu-item-type-post_type menu-item-object-page menu-item-21321\"><a href=\"https:\/\/ledismile.com\/estetika\/fytyre\/acidi-hialuronik\/\" class=\"item-has-icon icon-position-left\"><i class=\"menu-item-icon\"><\/i><span>Acidi hialuronik<\/span><\/a><span class=\"divider\"><\/span><\/li>\n<li id=\"menu-item-21488\" class=\"menu-item menu-item-type-post_type menu-item-object-page menu-item-21488\"><a href=\"https:\/\/ledismile.com\/estetika\/fytyre\/dermapen-4\/\" class=\"item-has-icon icon-position-left\"><i class=\"menu-item-icon\"><\/i><span>Dermapen 4<\/span><\/a><span class=\"divider\"><\/span><\/li>\n<li id=\"menu-item-21493\" class=\"menu-item menu-item-type-post_type menu-item-object-page menu-item-21493\"><a href=\"https:\/\/ledismile.com\/estetika\/fytyre\/fraxel-co2\/\" class=\"item-has-icon icon-position-left\"><i class=\"menu-item-icon\"><\/i><span>Fraxel CO2<\/span><\/a><span class=\"divider\"><\/span><\/li>\n<li id=\"menu-item-21499\" class=\"menu-item menu-item-type-post_type menu-item-object-page menu-item-21499\"><a href=\"https:\/\/ledismile.com\/estetika\/fytyre\/peeling\/\" class=\"item-has-icon icon-position-left\"><i class=\"menu-item-icon\"><\/i><span>Peeling<\/span><\/a><span class=\"divider\"><\/span><\/li>\n<li id=\"menu-item-21496\" class=\"menu-item menu-item-type-post_type menu-item-object-page menu-item-21496\"><a href=\"https:\/\/ledismile.com\/estetika\/fytyre\/hydrafacial-2\/\" class=\"item-has-icon icon-position-left\"><i class=\"menu-item-icon\"><\/i><span>Lipolitik\u00eb<\/span><\/a><span class=\"divider\"><\/span><\/li>\n<li id=\"menu-item-21498\" class=\"menu-item menu-item-type-post_type menu-item-object-page menu-item-21498\"><a href=\"https:\/\/ledismile.com\/estetika\/fytyre\/profhilo\/\" class=\"item-has-icon icon-position-left\"><i class=\"menu-item-icon\"><\/i><span>Profhilo<\/span><\/a><span class=\"divider\"><\/span><\/li>\n<li id=\"menu-item-21489\" class=\"menu-item menu-item-type-post_type menu-item-object-page menu-item-21489\"><a href=\"https:\/\/ledismile.com\/estetika\/fytyre\/ejal-40\/\" class=\"item-has-icon icon-position-left\"><i class=\"menu-item-icon\"><\/i><span>Ejal 40<\/span><\/a><span class=\"divider\"><\/span><\/li>\n<li id=\"menu-item-21490\" class=\"menu-item menu-item-type-post_type menu-item-object-page menu-item-21490\"><a href=\"https:\/\/ledismile.com\/estetika\/fytyre\/eleminimi-i-hiperpigmentimeve\/\" class=\"item-has-icon icon-position-left\"><i class=\"menu-item-icon\"><\/i><span>Eleminim i hiperpigmentimeve<\/span><\/a><span class=\"divider\"><\/span><\/li>\n<li id=\"menu-item-21491\" class=\"menu-item menu-item-type-post_type menu-item-object-page menu-item-21491\"><a href=\"https:\/\/ledismile.com\/estetika\/fytyre\/eleminimi-i-kapilareve\/\" class=\"item-has-icon icon-position-left\"><i class=\"menu-item-icon\"><\/i><span>Eleminimi i kapilar\u00ebve<\/span><\/a><span class=\"divider\"><\/span><\/li>\n<li id=\"menu-item-21495\" class=\"menu-item menu-item-type-post_type menu-item-object-page menu-item-21495\"><a href=\"https:\/\/ledismile.com\/estetika\/fytyre\/hydrafacial\/\" class=\"item-has-icon icon-position-left\"><i class=\"menu-item-icon\"><\/i><span>Hydrafacial<\/span><\/a><span class=\"divider\"><\/span><\/li>\n<li id=\"menu-item-21494\" class=\"menu-item menu-item-type-post_type menu-item-object-page menu-item-21494\"><a href=\"https:\/\/ledismile.com\/estetika\/fytyre\/hifu-fytyre\/\" class=\"item-has-icon icon-position-left\"><i class=\"menu-item-icon\"><\/i><span>HIFU Fytyr\u00eb<\/span><\/a><span class=\"divider\"><\/span><\/li>\n<li id=\"menu-item-21492\" class=\"menu-item menu-item-type-post_type menu-item-object-page menu-item-21492\"><a href=\"https:\/\/ledismile.com\/estetika\/fytyre\/foxy-eyes\/\" class=\"item-has-icon icon-position-left\"><i class=\"menu-item-icon\"><\/i><span>Foxy Eyes<\/span><\/a><span class=\"divider\"><\/span><\/li>\n<\/ul><\/div><\/div>[\/vc_column][vc_column width=&#8221;5\/12&#8243;][vc_column_text]Rinon dhe b\u00ebn lifting t\u00eb fytyr\u00ebs n\u00eb m\u00ebnyr\u00eb krejt natyrale.<\/p>\n<p>P\u00ebr \u00e7far\u00eb sh\u00ebrben Profhilo?<br \/>\n&#8211; Zvog\u00eblon ndjesh\u00ebm l\u00ebshimin e l\u00ebkur\u00ebs<br \/>\n&#8211; E b\u00ebn l\u00ebkur\u00ebn jasht\u00ebzakonisht m\u00eb t\u00eb forte<br \/>\n&#8211; Rikthen v\u00ebllimin n\u00eb vendet e varura dhe t\u00eb fundosura<br \/>\n&#8211; Shtr\u00ebngon l\u00ebkur\u00ebn p\u00ebr nj\u00eb pamje m\u00eb t\u00eb tendosur dhe rinore<br \/>\n&#8211; Stimulon prodhimin e kat\u00ebr llojeve t\u00eb kolagjenit dhe elastin\u00ebs<br \/>\n&#8211; Vazhdimisht fut ne l\u00ebkur\u00eb hidratim t\u00eb shtuar p\u00ebr nj\u00eb pamje dhe ndjesi m\u00eb t\u00eb fresk\u00ebt<br \/>\n&#8211; Mund t\u00eb p\u00ebrdoret n\u00eb m\u00ebnyr\u00eb parandaluese p\u00ebr t\u00eb shmangur humbjen e v\u00ebllimit<br \/>\n&#8211; Jep shk\u00eblqim t\u00eb l\u00ebkur\u00ebs, duke i dh\u00ebn\u00eb fytyr\u00ebs nj\u00eb pamje t\u00eb bukur dhe t\u00eb ndritshme<\/p>\n<p>Pse Profhilo ndryshon nga trajtimet e tjera?<br \/>\nSi fillim, nuk \u00ebsht\u00eb nj\u00eb substanc\u00eb &#8216;mekanike&#8217; si botoksi ose mbush\u00ebsit tradicionale t\u00eb l\u00ebkur\u00ebs Pra, Profhilo nuk &#8216;mbush&#8217; zona m\u00eb pak voluminoze ose vepron n\u00eb muskuj p\u00ebr t\u00eb prodhuar nj\u00eb reaksion fizik t\u00eb d\u00ebshiruar N\u00eb vend t\u00eb k\u00ebsaj, Profhilo \u00ebsht\u00eb nj\u00eb substanc\u00eb q\u00eb stimulon reagime t\u00eb shumta pozitive gjat\u00eb gjith\u00eb ciklit tuaj natyral t\u00eb rinovimit t\u00eb l\u00ebkur\u00ebs.<br \/>\nN\u00eb m\u00ebnyr\u00eb t\u00eb ve\u00e7ant\u00eb, Profhilo shkakton rritje n\u00eb prodhimin e llojeve t\u00eb kolagjenit dhe elastin\u00ebs &#8211; themeli i nj\u00eb l\u00ebkure m\u00eb t\u00eb fresk\u00ebt dhe m\u00eb rinore. Profhilo \u00ebsht\u00eb i ndrysh\u00ebm nga llojet e botoxit dhe mbush\u00ebsit tradicional\u00eb. Mbush\u00ebsit dermal shtojn\u00eb v\u00ebllim dhe pastrojn\u00eb rrudhat, kjo \u00ebsht\u00eb e v\u00ebrtet\u00eb.<br \/>\nNd\u00ebrsa Profhilo \u00ebsht\u00eb zhytur thell\u00eb n\u00eb l\u00ebkur\u00eb, ajo vazhdon t\u00eb rivendos\u00eb dhe rinovoj\u00eb l\u00ebkur\u00ebn 24\/7. Dhe kur jeni duke fjetur Profhilo po rrit pamjen e l\u00ebkur\u00ebs m\u00eb rinore! \u00c7do minut\u00eb e \u00e7do dite, Profhilo po hidraton dhe rinovon l\u00ebkur\u00ebn tuaj nga brenda dhe jasht\u00eb.<\/p>\n<p>N\u00ebse keni:<br \/>\n&#8211; l\u00ebkur\u00eb t\u00eb that\u00eb dhe t\u00eb holl\u00eb<br \/>\n&#8211; rrudhat imituese<br \/>\n&#8211; shenja<br \/>\n&#8211; njolla t\u00eb pigmentuara<br \/>\n&#8211; l\u00ebkure te dehidratuar<br \/>\n&#8211; l\u00ebkur\u00eb uhanpir\u00ebsi<br \/>\n&#8211; rrjet\u00eb rrudhash n\u00eb fytyr\u00eb<br \/>\n&#8211; jeni n\u00eb fund t\u0113 20-ave<\/p>\n<p>Sa zgjat Profhilio?<br \/>\nTrajtimi mund te p\u00ebrs\u00ebritet pas nj\u00eb muaji dhe rezultatet jan\u00eb mbres\u00ebl\u00ebn\u00ebse dhe afatgjata n\u00eb koh\u00eb. M\u00eb e r\u00ebnd\u00ebsishmja, \u00ebsht\u00eb e pamundur t\u00eb &#8216;teprohet&#8217; me Profhilo.[\/vc_column_text][\/vc_column][vc_column width=&#8221;3\/12&#8243;][vc_single_image image=&#8221;21366&#8243; img_size=&#8221;full&#8221; el_class=&#8221;custom-img-border&#8221;][vc_column_text][\/vc_column_text][\/vc_column][\/vc_row][vc_row][vc_column]<div id=\"1561972688986-db13d32a-503a\" class=\"dt-sc-empty-space\"><\/div>[\/vc_column][\/vc_row][vc_row css=&#8221;.vc_custom_1560941677892{margin-top: 20px !important;margin-right: 1px !important;margin-left: 1px !important;padding-top: 60px !important;padding-right: 4.5% !important;padding-bottom: 70px !important;padding-left: 4.5% !important;background-color: #f4f4f4 !important;}&#8221;][vc_column][vc_custom_heading text=&#8221;Pyetje \/ P\u00ebrgjigje&#8221; font_container=&#8221;tag:h3|text_align:left&#8221; use_theme_fonts=&#8221;yes&#8221;]<div class='dt-sc-toggle-frame-set type2  alignright' data-delay='0'><h5 class='dt-sc-toggle-accordion '><a href='#'>&#8221;Pyetja<\/a><\/h5><div class=\"dt-sc-toggle-content\" style=\"display: none;\"><div class=\"block\">[vc_column_text]P\u00ebrgjigja 1[\/vc_column_text]&lt;ul&gt;\n&lt;li&gt;Nullam dictum felis eu pede mollis pretium.&lt;\/li&gt;\n&lt;li&gt;Vivamus elementum semper nisi.&lt;\/li&gt;\n&lt;li&gt;Donec vitae sapien ut libero venenatis faucibus.&lt;\/li&gt;\n&lt;\/ul&gt;<\/div><\/div><h5 class='dt-sc-toggle-accordion '><a href='#'>&#8221;Pyetja<\/a><\/h5><div class=\"dt-sc-toggle-content\" style=\"display: none;\"><div class=\"block\">[vc_column_text]P\u00ebrgjigja 2[\/vc_column_text]&lt;ul&gt;\n&lt;li&gt;Nullam dictum felis eu pede mollis pretium.&lt;\/li&gt;\n&lt;li&gt;Vivamus elementum semper nisi.&lt;\/li&gt;\n&lt;li&gt;Donec vitae sapien ut libero venenatis faucibus.&lt;\/li&gt;\n&lt;\/ul&gt;<\/div><\/div><h5 class='dt-sc-toggle-accordion '><a href='#'>&#8221;Can<\/a><\/h5><div class=\"dt-sc-toggle-content\" style=\"display: none;\"><div class=\"block\">[vc_column_text]Duas molestias excepturi sint occaecati cupiditate non provident, similique sunt in culpa qui officia deserunt mollitia animi, id est laborum et dolorum fuga. Et harum quidem rerum facilis est et expedita distinctio.. [\/vc_column_text]&lt;ul&gt;\n&lt;li&gt;Nullam dictum felis eu pede mollis pretium.&lt;\/li&gt;\n&lt;li&gt;Vivamus elementum semper nisi.&lt;\/li&gt;\n&lt;li&gt;Donec vitae sapien ut libero venenatis faucibus.&lt;\/li&gt;\n&lt;\/ul&gt;<\/div><\/div><h5 class='dt-sc-toggle-accordion '><a href='#'>&#8221;When<\/a><\/h5><div class=\"dt-sc-toggle-content\" style=\"display: none;\"><div class=\"block\">[vc_column_text]Duas molestias excepturi sint occaecati cupiditate non provident, similique sunt in culpa qui officia deserunt mollitia animi, id est laborum et dolorum fuga. Et harum quidem rerum facilis est et expedita distinctio.. [\/vc_column_text]&lt;ul&gt;\n&lt;li&gt;Nullam dictum felis eu pede mollis pretium.&lt;\/li&gt;\n&lt;li&gt;Vivamus elementum semper nisi.&lt;\/li&gt;\n&lt;li&gt;Donec vitae sapien ut libero venenatis faucibus.&lt;\/li&gt;\n&lt;\/ul&gt;<\/div><\/div><\/div>[\/vc_column][\/vc_row]<\/p>\n","protected":false},"excerpt":{"rendered":"<p>[vc_row][vc_column width=&#8221;4\/12&#8243;][\/vc_column][vc_column width=&#8221;5\/12&#8243;][vc_column_text]Rinon dhe b\u00ebn lifting t\u00eb fytyr\u00ebs n\u00eb m\u00ebnyr\u00eb krejt natyrale. P\u00ebr \u00e7far\u00eb sh\u00ebrben Profhilo? &#8211; Zvog\u00eblon ndjesh\u00ebm l\u00ebshimin e l\u00ebkur\u00ebs &#8211; E b\u00ebn l\u00ebkur\u00ebn jasht\u00ebzakonisht m\u00eb t\u00eb forte &#8211; Rikthen v\u00ebllimin n\u00eb vendet e varura dhe t\u00eb fundosura &#8211; Shtr\u00ebngon l\u00ebkur\u00ebn p\u00ebr nj\u00eb pamje m\u00eb t\u00eb tendosur dhe rinore &#8211; Stimulon prodhimin e [&hellip;]<\/p>\n","protected":false},"author":1,"featured_media":0,"parent":21299,"menu_order":0,"comment_status":"closed","ping_status":"closed","template":"","meta":[],"yoast_head":"<!-- This site is optimized with the Yoast SEO plugin v20.8 - https:\/\/yoast.com\/wordpress\/plugins\/seo\/ -->\n<title>Profhilo - Ledismile Estetike<\/title>\n<meta name=\"robots\" content=\"index, follow, max-snippet:-1, max-image-preview:large, max-video-preview:-1\" \/>\n<link rel=\"canonical\" href=\"https:\/\/ledismile.com\/estetika\/fytyre\/profhilo\/\" \/>\n<meta property=\"og:locale\" content=\"en_US\" \/>\n<meta property=\"og:type\" content=\"article\" \/>\n<meta property=\"og:title\" content=\"Profhilo - Ledismile Estetike\" \/>\n<meta property=\"og:description\" content=\"[vc_row][vc_column width=&#8221;4\/12&#8243;][\/vc_column][vc_column width=&#8221;5\/12&#8243;][vc_column_text]Rinon dhe b\u00ebn lifting t\u00eb fytyr\u00ebs n\u00eb m\u00ebnyr\u00eb krejt natyrale. P\u00ebr \u00e7far\u00eb sh\u00ebrben Profhilo? &#8211; Zvog\u00eblon ndjesh\u00ebm l\u00ebshimin e l\u00ebkur\u00ebs &#8211; E b\u00ebn l\u00ebkur\u00ebn jasht\u00ebzakonisht m\u00eb t\u00eb forte &#8211; Rikthen v\u00ebllimin n\u00eb vendet e varura dhe t\u00eb fundosura &#8211; Shtr\u00ebngon l\u00ebkur\u00ebn p\u00ebr nj\u00eb pamje m\u00eb t\u00eb tendosur dhe rinore &#8211; Stimulon prodhimin e [&hellip;]\" \/>\n<meta property=\"og:url\" content=\"https:\/\/ledismile.com\/estetika\/fytyre\/profhilo\/\" \/>\n<meta property=\"og:site_name\" content=\"Ledismile Estetike\" \/>\n<meta property=\"article:modified_time\" content=\"2022-12-26T15:18:15+00:00\" \/>\n<meta name=\"twitter:card\" content=\"summary_large_image\" \/>\n<meta name=\"twitter:label1\" content=\"Est. reading time\" \/>\n\t<meta name=\"twitter:data1\" content=\"5 minutes\" \/>\n<script type=\"application\/ld+json\" class=\"yoast-schema-graph\">{\"@context\":\"https:\/\/schema.org\",\"@graph\":[{\"@type\":\"WebPage\",\"@id\":\"https:\/\/ledismile.com\/estetika\/fytyre\/profhilo\/\",\"url\":\"https:\/\/ledismile.com\/estetika\/fytyre\/profhilo\/\",\"name\":\"Profhilo - Ledismile Estetike\",\"isPartOf\":{\"@id\":\"https:\/\/ledismile.com\/estetika\/#website\"},\"datePublished\":\"2022-12-26T15:13:01+00:00\",\"dateModified\":\"2022-12-26T15:18:15+00:00\",\"breadcrumb\":{\"@id\":\"https:\/\/ledismile.com\/estetika\/fytyre\/profhilo\/#breadcrumb\"},\"inLanguage\":\"en-US\",\"potentialAction\":[{\"@type\":\"ReadAction\",\"target\":[\"https:\/\/ledismile.com\/estetika\/fytyre\/profhilo\/\"]}]},{\"@type\":\"BreadcrumbList\",\"@id\":\"https:\/\/ledismile.com\/estetika\/fytyre\/profhilo\/#breadcrumb\",\"itemListElement\":[{\"@type\":\"ListItem\",\"position\":1,\"name\":\"Home\",\"item\":\"https:\/\/ledismile.com\/estetika\/\"},{\"@type\":\"ListItem\",\"position\":2,\"name\":\"Fytyr\u00eb\",\"item\":\"https:\/\/ledismile.com\/estetika\/fytyre\/\"},{\"@type\":\"ListItem\",\"position\":3,\"name\":\"Profhilo\"}]},{\"@type\":\"WebSite\",\"@id\":\"https:\/\/ledismile.com\/estetika\/#website\",\"url\":\"https:\/\/ledismile.com\/estetika\/\",\"name\":\"Ledismile Estetike\",\"description\":\"E ardhmja \u00ebsht\u00eb rinore!\",\"potentialAction\":[{\"@type\":\"SearchAction\",\"target\":{\"@type\":\"EntryPoint\",\"urlTemplate\":\"https:\/\/ledismile.com\/estetika\/?s={search_term_string}\"},\"query-input\":\"required name=search_term_string\"}],\"inLanguage\":\"en-US\"}]}<\/script>\n<!-- \/ Yoast SEO plugin. -->","yoast_head_json":{"title":"Profhilo - Ledismile Estetike","robots":{"index":"index","follow":"follow","max-snippet":"max-snippet:-1","max-image-preview":"max-image-preview:large","max-video-preview":"max-video-preview:-1"},"canonical":"https:\/\/ledismile.com\/estetika\/fytyre\/profhilo\/","og_locale":"en_US","og_type":"article","og_title":"Profhilo - Ledismile Estetike","og_description":"[vc_row][vc_column width=&#8221;4\/12&#8243;][\/vc_column][vc_column width=&#8221;5\/12&#8243;][vc_column_text]Rinon dhe b\u00ebn lifting t\u00eb fytyr\u00ebs n\u00eb m\u00ebnyr\u00eb krejt natyrale. P\u00ebr \u00e7far\u00eb sh\u00ebrben Profhilo? &#8211; Zvog\u00eblon ndjesh\u00ebm l\u00ebshimin e l\u00ebkur\u00ebs &#8211; E b\u00ebn l\u00ebkur\u00ebn jasht\u00ebzakonisht m\u00eb t\u00eb forte &#8211; Rikthen v\u00ebllimin n\u00eb vendet e varura dhe t\u00eb fundosura &#8211; Shtr\u00ebngon l\u00ebkur\u00ebn p\u00ebr nj\u00eb pamje m\u00eb t\u00eb tendosur dhe rinore &#8211; Stimulon prodhimin e [&hellip;]","og_url":"https:\/\/ledismile.com\/estetika\/fytyre\/profhilo\/","og_site_name":"Ledismile Estetike","article_modified_time":"2022-12-26T15:18:15+00:00","twitter_card":"summary_large_image","twitter_misc":{"Est. reading time":"5 minutes"},"schema":{"@context":"https:\/\/schema.org","@graph":[{"@type":"WebPage","@id":"https:\/\/ledismile.com\/estetika\/fytyre\/profhilo\/","url":"https:\/\/ledismile.com\/estetika\/fytyre\/profhilo\/","name":"Profhilo - Ledismile Estetike","isPartOf":{"@id":"https:\/\/ledismile.com\/estetika\/#website"},"datePublished":"2022-12-26T15:13:01+00:00","dateModified":"2022-12-26T15:18:15+00:00","breadcrumb":{"@id":"https:\/\/ledismile.com\/estetika\/fytyre\/profhilo\/#breadcrumb"},"inLanguage":"en-US","potentialAction":[{"@type":"ReadAction","target":["https:\/\/ledismile.com\/estetika\/fytyre\/profhilo\/"]}]},{"@type":"BreadcrumbList","@id":"https:\/\/ledismile.com\/estetika\/fytyre\/profhilo\/#breadcrumb","itemListElement":[{"@type":"ListItem","position":1,"name":"Home","item":"https:\/\/ledismile.com\/estetika\/"},{"@type":"ListItem","position":2,"name":"Fytyr\u00eb","item":"https:\/\/ledismile.com\/estetika\/fytyre\/"},{"@type":"ListItem","position":3,"name":"Profhilo"}]},{"@type":"WebSite","@id":"https:\/\/ledismile.com\/estetika\/#website","url":"https:\/\/ledismile.com\/estetika\/","name":"Ledismile Estetike","description":"E ardhmja \u00ebsht\u00eb rinore!","potentialAction":[{"@type":"SearchAction","target":{"@type":"EntryPoint","urlTemplate":"https:\/\/ledismile.com\/estetika\/?s={search_term_string}"},"query-input":"required name=search_term_string"}],"inLanguage":"en-US"}]}},"_links":{"self":[{"href":"https:\/\/ledismile.com\/estetika\/wp-json\/wp\/v2\/pages\/21390"}],"collection":[{"href":"https:\/\/ledismile.com\/estetika\/wp-json\/wp\/v2\/pages"}],"about":[{"href":"https:\/\/ledismile.com\/estetika\/wp-json\/wp\/v2\/types\/page"}],"author":[{"embeddable":true,"href":"https:\/\/ledismile.com\/estetika\/wp-json\/wp\/v2\/users\/1"}],"replies":[{"embeddable":true,"href":"https:\/\/ledismile.com\/estetika\/wp-json\/wp\/v2\/comments?post=21390"}],"version-history":[{"count":1,"href":"https:\/\/ledismile.com\/estetika\/wp-json\/wp\/v2\/pages\/21390\/revisions"}],"predecessor-version":[{"id":21397,"href":"https:\/\/ledismile.com\/estetika\/wp-json\/wp\/v2\/pages\/21390\/revisions\/21397"}],"up":[{"embeddable":true,"href":"https:\/\/ledismile.com\/estetika\/wp-json\/wp\/v2\/pages\/21299"}],"wp:attachment":[{"href":"https:\/\/ledismile.com\/estetika\/wp-json\/wp\/v2\/media?parent=21390"}],"curies":[{"name":"wp","href":"https:\/\/api.w.org\/{rel}","templated":true}]}}