{"id":21404,"date":"2022-12-27T10:47:54","date_gmt":"2022-12-27T10:47:54","guid":{"rendered":"https:\/\/estetika.ledismile.com\/?page_id=21404"},"modified":"2023-03-21T13:09:33","modified_gmt":"2023-03-21T13:09:33","slug":"fshirje-tatuazhi","status":"publish","type":"page","link":"https:\/\/ledismile.com\/estetika\/tatuazh\/fshirje-tatuazhi\/","title":{"rendered":"Fshirje Tatuazhi"},"content":{"rendered":"<p>[vc_row][vc_column width=&#8221;4\/12&#8243;]<div id=\"dt-1671631794439-4f9463ba-95b1\" class=\"dt-custom-nav-wrapper none\" data-delay=\"0\" data-divider = \"yes\" data-link-icon-position = \"outside\" data-default-decoration = \"none\" data-hover-decoration = \"none\"><div class=\"menu-tatuazhe-container\"><ul id=\"menu-tatuazhe\" class=\"custom-sub-nav dt-custom-nav\"><li id=\"menu-item-21540\" class=\"menu-item menu-item-type-post_type menu-item-object-page menu-item-21540\"><a href=\"https:\/\/ledismile.com\/estetika\/tatuazh\/fshirje-tatuazhi\/\" class=\"item-has-icon icon-position-left\"><i class=\"menu-item-icon\"><\/i><span>Fshirje Tatuazhi<\/span><\/a><span class=\"divider\"><\/span><\/li>\n<\/ul><\/div><\/div>[\/vc_column][vc_column width=&#8221;5\/12&#8243;][vc_column_text]Eleminimi i tatuazheve me Q Switch Laser. Aparatura inteligjente angleze q\u00eb eleminon tatuazhet e pad\u00ebshiruar, t\u00eb \u00e7far\u00ebdo madh\u00ebsie, ngjyre apo vjet\u00ebrsie. Numri i seancave \u00ebsht\u00eb n\u00eb var\u00ebsi t\u00eb tatuazhit. P\u00ebrgjith\u00ebsisht duhen minimumi 5 seanca.[\/vc_column_text][\/vc_column][vc_column width=&#8221;3\/12&#8243;][vc_single_image image=&#8221;21405&#8243;][\/vc_column][\/vc_row][vc_row][vc_column]<div id=\"1561972688986-db13d32a-503a\" class=\"dt-sc-empty-space\"><\/div>[\/vc_column][\/vc_row][vc_row css=&#8221;.vc_custom_1560941677892{margin-top: 20px !important;margin-right: 1px !important;margin-left: 1px !important;padding-top: 60px !important;padding-right: 4.5% !important;padding-bottom: 70px !important;padding-left: 4.5% !important;background-color: #f4f4f4 !important;}&#8221;][vc_column][vc_custom_heading text=&#8221;Pyetje \/ P\u00ebrgjigje&#8221; font_container=&#8221;tag:h3|text_align:left&#8221; use_theme_fonts=&#8221;yes&#8221;]<div class='dt-sc-toggle-frame-set type2  alignright' data-delay='0'><h5 class='dt-sc-toggle-accordion '><a href='#'>&#8221;Pyetja<\/a><\/h5><div class=\"dt-sc-toggle-content\" style=\"display: none;\"><div class=\"block\">[vc_column_text]P\u00ebrgjigja 1[\/vc_column_text]<ul class='dt-sc-fancy-list    tick' data-delay='0'>\n<li>Nullam dictum felis eu pede mollis pretium.<\/li>\n<li>Vivamus elementum semper nisi.<\/li>\n<li>Donec vitae sapien ut libero venenatis faucibus.<\/li>\n<\/ul><\/div><\/div><h5 class='dt-sc-toggle-accordion '><a href='#'>&#8221;Pyetja<\/a><\/h5><div class=\"dt-sc-toggle-content\" style=\"display: none;\"><div class=\"block\">[vc_column_text]P\u00ebrgjigja 2[\/vc_column_text]<ul class='dt-sc-fancy-list    tick' data-delay='0'>\n<li>Nullam dictum felis eu pede mollis pretium.<\/li>\n<li>Vivamus elementum semper nisi.<\/li>\n<li>Donec vitae sapien ut libero venenatis faucibus.<\/li>\n<\/ul><\/div><\/div><h5 class='dt-sc-toggle-accordion '><a href='#'>&#8221;Can<\/a><\/h5><div class=\"dt-sc-toggle-content\" style=\"display: none;\"><div class=\"block\">[vc_column_text]Duas molestias excepturi sint occaecati cupiditate non provident, similique sunt in culpa qui officia deserunt mollitia animi, id est laborum et dolorum fuga. Et harum quidem rerum facilis est et expedita distinctio.. [\/vc_column_text]<ul class='dt-sc-fancy-list    tick' data-delay='0'>\n<li>Nullam dictum felis eu pede mollis pretium.<\/li>\n<li>Vivamus elementum semper nisi.<\/li>\n<li>Donec vitae sapien ut libero venenatis faucibus.<\/li>\n<\/ul><\/div><\/div><h5 class='dt-sc-toggle-accordion '><a href='#'>&#8221;When<\/a><\/h5><div class=\"dt-sc-toggle-content\" style=\"display: none;\"><div class=\"block\">[vc_column_text]Duas molestias excepturi sint occaecati cupiditate non provident, similique sunt in culpa qui officia deserunt mollitia animi, id est laborum et dolorum fuga. Et harum quidem rerum facilis est et expedita distinctio.. [\/vc_column_text]<ul class='dt-sc-fancy-list    tick' data-delay='0'>\n<li>Nullam dictum felis eu pede mollis pretium.<\/li>\n<li>Vivamus elementum semper nisi.<\/li>\n<li>Donec vitae sapien ut libero venenatis faucibus.<\/li>\n<\/ul><\/div><\/div><\/div>[\/vc_column][\/vc_row]<\/p>\n","protected":false},"excerpt":{"rendered":"<p>[vc_row][vc_column width=&#8221;4\/12&#8243;][\/vc_column][vc_column width=&#8221;5\/12&#8243;][vc_column_text]Eleminimi i tatuazheve me Q Switch Laser. Aparatura inteligjente angleze q\u00eb eleminon tatuazhet e pad\u00ebshiruar, t\u00eb \u00e7far\u00ebdo madh\u00ebsie, ngjyre apo vjet\u00ebrsie. Numri i seancave \u00ebsht\u00eb n\u00eb var\u00ebsi t\u00eb tatuazhit. P\u00ebrgjith\u00ebsisht duhen minimumi 5 seanca.[\/vc_column_text][\/vc_column][vc_column width=&#8221;3\/12&#8243;][vc_single_image image=&#8221;21405&#8243;][\/vc_column][\/vc_row][vc_row][vc_column][\/vc_column][\/vc_row][vc_row css=&#8221;.vc_custom_1560941677892{margin-top: 20px !important;margin-right: 1px !important;margin-left: 1px !important;padding-top: 60px !important;padding-right: 4.5% !important;padding-bottom: 70px !important;padding-left: 4.5% !important;background-color: #f4f4f4 !important;}&#8221;][vc_column][vc_custom_heading [&hellip;]<\/p>\n","protected":false},"author":1,"featured_media":0,"parent":21308,"menu_order":0,"comment_status":"closed","ping_status":"closed","template":"","meta":[],"yoast_head":"<!-- This site is optimized with the Yoast SEO plugin v20.8 - https:\/\/yoast.com\/wordpress\/plugins\/seo\/ -->\n<title>Fshirje Tatuazhi - Ledismile Estetike<\/title>\n<meta name=\"robots\" content=\"index, follow, max-snippet:-1, max-image-preview:large, max-video-preview:-1\" \/>\n<link rel=\"canonical\" href=\"https:\/\/ledismile.com\/estetika\/tatuazh\/fshirje-tatuazhi\/\" \/>\n<meta property=\"og:locale\" content=\"en_US\" \/>\n<meta property=\"og:type\" content=\"article\" \/>\n<meta property=\"og:title\" content=\"Fshirje Tatuazhi - Ledismile Estetike\" \/>\n<meta property=\"og:description\" content=\"[vc_row][vc_column width=&#8221;4\/12&#8243;][\/vc_column][vc_column width=&#8221;5\/12&#8243;][vc_column_text]Eleminimi i tatuazheve me Q Switch Laser. Aparatura inteligjente angleze q\u00eb eleminon tatuazhet e pad\u00ebshiruar, t\u00eb \u00e7far\u00ebdo madh\u00ebsie, ngjyre apo vjet\u00ebrsie. Numri i seancave \u00ebsht\u00eb n\u00eb var\u00ebsi t\u00eb tatuazhit. P\u00ebrgjith\u00ebsisht duhen minimumi 5 seanca.[\/vc_column_text][\/vc_column][vc_column width=&#8221;3\/12&#8243;][vc_single_image image=&#8221;21405&#8243;][\/vc_column][\/vc_row][vc_row][vc_column][\/vc_column][\/vc_row][vc_row css=&#8221;.vc_custom_1560941677892{margin-top: 20px !important;margin-right: 1px !important;margin-left: 1px !important;padding-top: 60px !important;padding-right: 4.5% !important;padding-bottom: 70px !important;padding-left: 4.5% !important;background-color: #f4f4f4 !important;}&#8221;][vc_column][vc_custom_heading [&hellip;]\" \/>\n<meta property=\"og:url\" content=\"https:\/\/ledismile.com\/estetika\/tatuazh\/fshirje-tatuazhi\/\" \/>\n<meta property=\"og:site_name\" content=\"Ledismile Estetike\" \/>\n<meta property=\"article:modified_time\" content=\"2023-03-21T13:09:33+00:00\" \/>\n<meta name=\"twitter:card\" content=\"summary_large_image\" \/>\n<meta name=\"twitter:label1\" content=\"Est. reading time\" \/>\n\t<meta name=\"twitter:data1\" content=\"3 minutes\" \/>\n<script type=\"application\/ld+json\" class=\"yoast-schema-graph\">{\"@context\":\"https:\/\/schema.org\",\"@graph\":[{\"@type\":\"WebPage\",\"@id\":\"https:\/\/ledismile.com\/estetika\/tatuazh\/fshirje-tatuazhi\/\",\"url\":\"https:\/\/ledismile.com\/estetika\/tatuazh\/fshirje-tatuazhi\/\",\"name\":\"Fshirje Tatuazhi - Ledismile Estetike\",\"isPartOf\":{\"@id\":\"https:\/\/ledismile.com\/estetika\/#website\"},\"datePublished\":\"2022-12-27T10:47:54+00:00\",\"dateModified\":\"2023-03-21T13:09:33+00:00\",\"breadcrumb\":{\"@id\":\"https:\/\/ledismile.com\/estetika\/tatuazh\/fshirje-tatuazhi\/#breadcrumb\"},\"inLanguage\":\"en-US\",\"potentialAction\":[{\"@type\":\"ReadAction\",\"target\":[\"https:\/\/ledismile.com\/estetika\/tatuazh\/fshirje-tatuazhi\/\"]}]},{\"@type\":\"BreadcrumbList\",\"@id\":\"https:\/\/ledismile.com\/estetika\/tatuazh\/fshirje-tatuazhi\/#breadcrumb\",\"itemListElement\":[{\"@type\":\"ListItem\",\"position\":1,\"name\":\"Home\",\"item\":\"https:\/\/ledismile.com\/estetika\/\"},{\"@type\":\"ListItem\",\"position\":2,\"name\":\"Tatuazh\",\"item\":\"https:\/\/ledismile.com\/estetika\/tatuazh\/\"},{\"@type\":\"ListItem\",\"position\":3,\"name\":\"Fshirje Tatuazhi\"}]},{\"@type\":\"WebSite\",\"@id\":\"https:\/\/ledismile.com\/estetika\/#website\",\"url\":\"https:\/\/ledismile.com\/estetika\/\",\"name\":\"Ledismile Estetike\",\"description\":\"E ardhmja \u00ebsht\u00eb rinore!\",\"potentialAction\":[{\"@type\":\"SearchAction\",\"target\":{\"@type\":\"EntryPoint\",\"urlTemplate\":\"https:\/\/ledismile.com\/estetika\/?s={search_term_string}\"},\"query-input\":\"required name=search_term_string\"}],\"inLanguage\":\"en-US\"}]}<\/script>\n<!-- \/ Yoast SEO plugin. -->","yoast_head_json":{"title":"Fshirje Tatuazhi - Ledismile Estetike","robots":{"index":"index","follow":"follow","max-snippet":"max-snippet:-1","max-image-preview":"max-image-preview:large","max-video-preview":"max-video-preview:-1"},"canonical":"https:\/\/ledismile.com\/estetika\/tatuazh\/fshirje-tatuazhi\/","og_locale":"en_US","og_type":"article","og_title":"Fshirje Tatuazhi - Ledismile Estetike","og_description":"[vc_row][vc_column width=&#8221;4\/12&#8243;][\/vc_column][vc_column width=&#8221;5\/12&#8243;][vc_column_text]Eleminimi i tatuazheve me Q Switch Laser. Aparatura inteligjente angleze q\u00eb eleminon tatuazhet e pad\u00ebshiruar, t\u00eb \u00e7far\u00ebdo madh\u00ebsie, ngjyre apo vjet\u00ebrsie. Numri i seancave \u00ebsht\u00eb n\u00eb var\u00ebsi t\u00eb tatuazhit. P\u00ebrgjith\u00ebsisht duhen minimumi 5 seanca.[\/vc_column_text][\/vc_column][vc_column width=&#8221;3\/12&#8243;][vc_single_image image=&#8221;21405&#8243;][\/vc_column][\/vc_row][vc_row][vc_column][\/vc_column][\/vc_row][vc_row css=&#8221;.vc_custom_1560941677892{margin-top: 20px !important;margin-right: 1px !important;margin-left: 1px !important;padding-top: 60px !important;padding-right: 4.5% !important;padding-bottom: 70px !important;padding-left: 4.5% !important;background-color: #f4f4f4 !important;}&#8221;][vc_column][vc_custom_heading [&hellip;]","og_url":"https:\/\/ledismile.com\/estetika\/tatuazh\/fshirje-tatuazhi\/","og_site_name":"Ledismile Estetike","article_modified_time":"2023-03-21T13:09:33+00:00","twitter_card":"summary_large_image","twitter_misc":{"Est. reading time":"3 minutes"},"schema":{"@context":"https:\/\/schema.org","@graph":[{"@type":"WebPage","@id":"https:\/\/ledismile.com\/estetika\/tatuazh\/fshirje-tatuazhi\/","url":"https:\/\/ledismile.com\/estetika\/tatuazh\/fshirje-tatuazhi\/","name":"Fshirje Tatuazhi - Ledismile Estetike","isPartOf":{"@id":"https:\/\/ledismile.com\/estetika\/#website"},"datePublished":"2022-12-27T10:47:54+00:00","dateModified":"2023-03-21T13:09:33+00:00","breadcrumb":{"@id":"https:\/\/ledismile.com\/estetika\/tatuazh\/fshirje-tatuazhi\/#breadcrumb"},"inLanguage":"en-US","potentialAction":[{"@type":"ReadAction","target":["https:\/\/ledismile.com\/estetika\/tatuazh\/fshirje-tatuazhi\/"]}]},{"@type":"BreadcrumbList","@id":"https:\/\/ledismile.com\/estetika\/tatuazh\/fshirje-tatuazhi\/#breadcrumb","itemListElement":[{"@type":"ListItem","position":1,"name":"Home","item":"https:\/\/ledismile.com\/estetika\/"},{"@type":"ListItem","position":2,"name":"Tatuazh","item":"https:\/\/ledismile.com\/estetika\/tatuazh\/"},{"@type":"ListItem","position":3,"name":"Fshirje Tatuazhi"}]},{"@type":"WebSite","@id":"https:\/\/ledismile.com\/estetika\/#website","url":"https:\/\/ledismile.com\/estetika\/","name":"Ledismile Estetike","description":"E ardhmja \u00ebsht\u00eb rinore!","potentialAction":[{"@type":"SearchAction","target":{"@type":"EntryPoint","urlTemplate":"https:\/\/ledismile.com\/estetika\/?s={search_term_string}"},"query-input":"required name=search_term_string"}],"inLanguage":"en-US"}]}},"_links":{"self":[{"href":"https:\/\/ledismile.com\/estetika\/wp-json\/wp\/v2\/pages\/21404"}],"collection":[{"href":"https:\/\/ledismile.com\/estetika\/wp-json\/wp\/v2\/pages"}],"about":[{"href":"https:\/\/ledismile.com\/estetika\/wp-json\/wp\/v2\/types\/page"}],"author":[{"embeddable":true,"href":"https:\/\/ledismile.com\/estetika\/wp-json\/wp\/v2\/users\/1"}],"replies":[{"embeddable":true,"href":"https:\/\/ledismile.com\/estetika\/wp-json\/wp\/v2\/comments?post=21404"}],"version-history":[{"count":3,"href":"https:\/\/ledismile.com\/estetika\/wp-json\/wp\/v2\/pages\/21404\/revisions"}],"predecessor-version":[{"id":21627,"href":"https:\/\/ledismile.com\/estetika\/wp-json\/wp\/v2\/pages\/21404\/revisions\/21627"}],"up":[{"embeddable":true,"href":"https:\/\/ledismile.com\/estetika\/wp-json\/wp\/v2\/pages\/21308"}],"wp:attachment":[{"href":"https:\/\/ledismile.com\/estetika\/wp-json\/wp\/v2\/media?parent=21404"}],"curies":[{"name":"wp","href":"https:\/\/api.w.org\/{rel}","templated":true}]}}